{"id":28317,"date":"2025-12-25T16:45:01","date_gmt":"2025-12-25T16:45:01","guid":{"rendered":"https:\/\/www.infinitri.be\/?post_type=product&#038;p=28317"},"modified":"2026-04-04T17:34:10","modified_gmt":"2026-04-04T16:34:10","slug":"fusion-c3-midlayer-homme","status":"publish","type":"product","link":"https:\/\/www.infinitri.be\/es\/producto\/fusion-c3-midlayer-homme\/","title":{"rendered":"Fusion C3 Midlayer Hombre"},"content":{"rendered":"<p><!--themify_builder_static--><\/p>\n<h1 style=\"text-align: center\">Descripci\u00f3n \u2699<\/h1>\n<p>Le Men&#8217;s C3 Midlayer est fabriqu\u00e9 avec notre tissu technique C3 qui \u00e9vacue activement la transpiration, de sorte que la sueur est efficacement transport\u00e9e vers l&#8217;ext\u00e9rieur du tissu, o\u00f9 elle dispara\u00eet rapidement. Par cons\u00e9quent, vous n&#8217;aurez jamais froid ni ne serez humide, que ce soit pendant ou apr\u00e8s l&#8217;activit\u00e9.<\/p>\n<p>Le C3 Midlayer pour homme est tricot\u00e9 de mani\u00e8re circulaire avec de l&#8217;\u00e9lasthanne powerfit, de sorte que votre maillot offre un ajustement optimal et confortable.<\/p>\n<p style=\"text-align: left\">Un assortiment parfait pour vos collants C3 et votre gilet S1 ou votre veste S1. La coupe est serr\u00e9e<\/p>\n<p><img fetchpriority=\"high\" decoding=\"async\" src=\"https:\/\/infinitri.be\/wp-content\/uploads\/2023\/02\/Mens-c3-sweatshirt_0113_Grey_9b_v2-5027928_750x-545x545.webp\" width=\"545\" height=\"545\" title=\"Mens-c3-sweatshirt_0113_Grey_9b_v2-5027928_750x\" alt=\"Mens-c3-sweatshirt_0113_Grey_9b_v2-5027928_750x\" \/><\/p>\n<h1>Especificaciones t\u00e9cnicas<\/h1>\n<ul>\n<li>Excelentes propiedades de evacuaci\u00f3n de la humedad. La humedad se transporta de la piel al exterior, donde se dispersa por una superficie mayor y se evapora r\u00e1pidamente.<\/li>\n<li>Costuras planas suaves<\/li>\n<li>Tiras reflectantes en la espalda para mejorar la visibilidad.<\/li>\n<li>Fabricado en Europa en la f\u00e1brica FUSION.<\/li>\n<li>Producto certificado seg\u00fan la norma STANDARD 100 de OEKO-TEX\u00ae. Esto significa que todos los componentes, como tejidos, hilos, transferencias, cremalleras, el\u00e1sticos, etiquetas, etc., han sido probados y aprobados de acuerdo con la norma y, por lo tanto, no contienen sustancias nocivas.<\/li>\n<\/ul>\n<p>    <em style=\"color:#000000\"><\/em>PROTECCI\u00d3N CONTRA EL VIENTO \u2605\u2605<\/p>\n<p>    <em style=\"color:#000000\"><\/em>PROTECCI\u00d3N CONTRA LA LLUVIA \u2605\u2605<\/p>\n<p>    <em style=\"color:#000000\"><\/em><\/p>\n<p style=\"text-align: center\">LIGEREZA \u2605\u2605\u2605<\/p>\n<p>    <em style=\"color:#000000\"><\/em>CORTES AJUSTADOS \u2605\u2605\u2605\u2605<\/p>\n<p>    <em style=\"color:#000000\"><\/em>NIVEL DE COMPRESI\u00d3N \u2605\u2605\u2605<\/p>\n<h1 style=\"text-align: center\">Material \ud83d\udc56<\/h1>\n<p style=\"text-align: left\">Punto circular. 80% poliamida, 20% elast\u00e1n<\/p>\n<p style=\"text-align: left\">Uso de 0\u00b0C a 10\u00b0C<\/p>\n<p><img decoding=\"async\" src=\"https:\/\/infinitri.be\/wp-content\/uploads\/2023\/02\/Mens-c3-sweatshirt_0113_Grey_4f_V2-4925557_750x-545x545.webp\" width=\"545\" height=\"545\" title=\"Mens-c3-sweatshirt_0113_Grey_4f_V2-4925557_750x\" alt=\"Mens-c3-sweatshirt_0113_Grey_4f_V2-4925557_750x\" \/><br \/>\n<img decoding=\"async\" src=\"https:\/\/infinitri.be\/wp-content\/uploads\/2023\/02\/Mens-c3-sweatshirt_0113_Grey_4f_V2-4925557_750x-545x545.webp\" width=\"545\" height=\"545\" title=\"Mens-c3-sweatshirt_0113_Grey_4f_V2-4925557_750x\" alt=\"Mens-c3-sweatshirt_0113_Grey_4f_V2-4925557_750x\" \/><\/p>\n<h1 style=\"text-align: center\">Consejos de mantenimiento \ud83d\udca1<\/h1>\n<p>L\u00e1velo antes de usarlo por primera vez. Si a\u00f1ade un poco de vinagre durante el primer lavado, el color se mantendr\u00e1 m\u00e1s claro y durar\u00e1 m\u00e1s tiempo.<\/p>\n<p>Lave su prenda deportiva a una temperatura m\u00e1xima de 40 \u00b0C. No utilice detergente ni lej\u00eda.<\/p>\n<p>El uso de detergente limitar\u00e1 el transporte de humedad del producto.<\/p>\n<p>Seca tu prenda deportiva FUSION al aire libre. No la metas en la secadora.<\/p>\n<p>Ten cuidado con los objetos puntiagudos, los bordes y las tiras de velcro de mochilas, cinturones y otros objetos que rozan la tela y las costuras de tu prenda. Esto puede rasgar la tela y las costuras de tu prenda deportiva FUSION.<\/p>\n<h1 style=\"text-align: center\">\u00bfCu\u00e1l es mi talla?<\/h1>\n<p><img decoding=\"async\" src=\"https:\/\/infinitri.be\/wp-content\/uploads\/2023\/02\/C3-midlayer-homme-size.png\" title=\"C3-midlayer-homme-size\" alt=\"C3-midlayer-homme-size\" \/><br \/>\n<img decoding=\"async\" src=\"https:\/\/infinitri.be\/wp-content\/uploads\/2023\/01\/fusion-logo-expanded.svg\" width=\"545\" height=\"545\" title=\"fusi\u00f3n-logotipo-ampliado\" alt=\"fusion-logo-expanded\"><!--\/themify_builder_static--><\/p>","protected":false},"excerpt":{"rendered":"<p>Un layer d&#8217;entra\u00eenement \u00e0 manches longues polyvalent, ultra-confortable et dot\u00e9 de nombreuses caract\u00e9ristiques. Un midlayer d&#8217;entra\u00eenement \u00e0 manches longues polyvalent pour la plupart des entra\u00eenements. Convient \u00e0 la fois comme premi\u00e8re et deuxi\u00e8me couche.<\/p>","protected":false},"featured_media":205,"comment_status":"open","ping_status":"closed","template":"","meta":[],"product_brand":[331],"product_cat":[16,29],"product_tag":[],"class_list":{"0":"post-28317","1":"product","2":"type-product","3":"status-publish","4":"has-post-thumbnail","6":"product_brand-fusion","7":"product_cat-course","8":"product_cat-vestes-et-t-shirts","9":"zank_product_brands-fusion","10":"nt-post-class","11":"","17":"first","18":"instock","19":"taxable","20":"shipping-taxable","21":"purchasable","22":"product-type-variable"},"_links":{"self":[{"href":"https:\/\/www.infinitri.be\/es\/wp-json\/wp\/v2\/product\/28317","targetHints":{"allow":["GET"]}}],"collection":[{"href":"https:\/\/www.infinitri.be\/es\/wp-json\/wp\/v2\/product"}],"about":[{"href":"https:\/\/www.infinitri.be\/es\/wp-json\/wp\/v2\/types\/product"}],"replies":[{"embeddable":true,"href":"https:\/\/www.infinitri.be\/es\/wp-json\/wp\/v2\/comments?post=28317"}],"wp:featuredmedia":[{"embeddable":true,"href":"https:\/\/www.infinitri.be\/es\/wp-json\/wp\/v2\/media\/205"}],"wp:attachment":[{"href":"https:\/\/www.infinitri.be\/es\/wp-json\/wp\/v2\/media?parent=28317"}],"wp:term":[{"taxonomy":"product_brand","embeddable":true,"href":"https:\/\/www.infinitri.be\/es\/wp-json\/wp\/v2\/product_brand?post=28317"},{"taxonomy":"product_cat","embeddable":true,"href":"https:\/\/www.infinitri.be\/es\/wp-json\/wp\/v2\/product_cat?post=28317"},{"taxonomy":"product_tag","embeddable":true,"href":"https:\/\/www.infinitri.be\/es\/wp-json\/wp\/v2\/product_tag?post=28317"}],"curies":[{"name":"wp","href":"https:\/\/api.w.org\/{rel}","templated":true}]}}