{"id":28323,"date":"2025-12-25T16:45:03","date_gmt":"2025-12-25T16:45:03","guid":{"rendered":"https:\/\/www.infinitri.be\/?post_type=product&#038;p=28323"},"modified":"2026-04-04T17:34:10","modified_gmt":"2026-04-04T16:34:10","slug":"fusion-c3-midlayer-femme","status":"publish","type":"product","link":"https:\/\/www.infinitri.be\/es\/producto\/fusion-c3-midlayer-femme\/","title":{"rendered":"Fusion C3 Midlayer Mujer"},"content":{"rendered":"<p><!--themify_builder_static--><\/p>\n<h1 style=\"text-align: center\">Descripci\u00f3n \u2699<\/h1>\n<p style=\"text-align: left\">La capa intermedia C3 para mujer est\u00e1 confeccionada con nuestro tejido t\u00e9cnico C3, que evacua activamente la transpiraci\u00f3n, por lo que el sudor se transporta eficazmente al exterior del tejido, donde desaparece r\u00e1pidamente. As\u00ed nunca sentir\u00e1s fr\u00edo ni humedad, ni durante ni despu\u00e9s de tu actividad.<\/p>\n<p style=\"text-align: left\">La capa intermedia C3 para mujer est\u00e1 tejida circularmente con elastano powerfit, por lo que su maillot ofrece un ajuste \u00f3ptimo y c\u00f3modo.<\/p>\n<p style=\"text-align: left\">Combina a la perfecci\u00f3n con tus mallas C3 y tu chaleco o chaqueta S1. Ajuste ce\u00f1ido.<\/p>\n<p><img fetchpriority=\"high\" decoding=\"async\" src=\"https:\/\/infinitri.be\/wp-content\/uploads\/2023\/01\/C3-short-tights_0024_Black_4back_v3-4258690_2000x-768x1024-545x545.webp\" width=\"545\" height=\"545\" title=\"C3-short-tights_0024_Black_4back_v3-4258690_2000x\" alt=\"C3-short-tights_0024_Black_4back_v3-4258690_2000x\" \/><\/p>\n<h1>Especificaciones t\u00e9cnicas<\/h1>\n<ul>\n<li>Excelentes propiedades de evacuaci\u00f3n de la humedad. La humedad se transporta de la piel al exterior, donde se dispersa por una superficie mayor y se evapora r\u00e1pidamente.<\/li>\n<li>Costuras planas suaves<\/li>\n<li>Tiras reflectantes en la espalda para mejorar la visibilidad.<\/li>\n<li>Fabricado en Europa en la f\u00e1brica FUSION.<\/li>\n<li>Producto certificado seg\u00fan la norma STANDARD 100 de OEKO-TEX\u00ae. Esto significa que todos los componentes, como tejidos, hilos, transferencias, cremalleras, el\u00e1sticos, etiquetas, etc., han sido probados y aprobados de acuerdo con la norma y, por lo tanto, no contienen sustancias nocivas.<\/li>\n<\/ul>\n<p>    <em style=\"color:#000000\"><\/em>PROTECCI\u00d3N CONTRA EL VIENTO \u2605\u2605<\/p>\n<p>    <em style=\"color:#000000\"><\/em>PROTECCI\u00d3N CONTRA LA LLUVIA \u2605\u2605<\/p>\n<p>    <em style=\"color:#000000\"><\/em><\/p>\n<p style=\"text-align: center\">LIGEREZA \u2605\u2605\u2605<\/p>\n<p>    <em style=\"color:#000000\"><\/em>CORTES AJUSTADOS \u2605\u2605\u2605\u2605<\/p>\n<p>    <em style=\"color:#000000\"><\/em>NIVEL DE COMPRESI\u00d3N \u2605\u2605\u2605<\/p>\n<h1 style=\"text-align: center\">Material \ud83d\udc56<\/h1>\n<p style=\"text-align: left\">Punto circular. 80% poliamida, 20% elast\u00e1n<\/p>\n<p style=\"text-align: left\">Uso de 0\u00b0C a 10\u00b0C<\/p>\n<p><img decoding=\"async\" src=\"https:\/\/infinitri.be\/wp-content\/uploads\/2023\/02\/Womans-c3-sweatshirt_0114_Grey_3d_v1-4925767_750x-545x545.jpg\" width=\"545\" height=\"545\" title=\"Womans-c3-sweatshirt_0114_Grey_3d_v1-4925767_750x\" alt=\"Womans-c3-sweatshirt_0114_Grey_3d_v1-4925767_750x\" \/><br \/>\n<img decoding=\"async\" src=\"https:\/\/infinitri.be\/wp-content\/uploads\/2023\/02\/Womans-c3-sweatshirt_0114_Grey_4b_v3-4925765_750x-545x545.webp\" width=\"545\" height=\"545\" title=\"Womans-c3-sweatshirt_0114_Grey_4b_v3-4925765_750x\" alt=\"Womans-c3-sweatshirt_0114_Grey_4b_v3-4925765_750x\" \/><\/p>\n<h1 style=\"text-align: center\">Consejos de mantenimiento \ud83d\udca1<\/h1>\n<p>L\u00e1velo antes de usarlo por primera vez. Si a\u00f1ade un poco de vinagre durante el primer lavado, el color se mantendr\u00e1 m\u00e1s claro y durar\u00e1 m\u00e1s tiempo.<\/p>\n<p>Lave su prenda deportiva a una temperatura m\u00e1xima de 40 \u00b0C. No utilice detergente ni lej\u00eda.<\/p>\n<p>El uso de detergente limitar\u00e1 el transporte de humedad del producto.<\/p>\n<p>Seca tu prenda deportiva FUSION al aire libre. No la metas en la secadora.<\/p>\n<p>Ten cuidado con los objetos puntiagudos, los bordes y las tiras de velcro de mochilas, cinturones y otros objetos que rozan la tela y las costuras de tu prenda. Esto puede rasgar la tela y las costuras de tu prenda deportiva FUSION.<\/p>\n<h1 style=\"text-align: center\">\u00bfCu\u00e1l es mi talla?<\/h1>\n<p><img decoding=\"async\" src=\"https:\/\/infinitri.be\/wp-content\/uploads\/2023\/02\/C3-midlayer-femme-size.png\" title=\"C3-capa-media-talla-mujer\" alt=\"C3-midlayer-femme-size\" \/><br \/>\n<img loading=\"lazy\" decoding=\"async\" src=\"https:\/\/infinitri.be\/wp-content\/uploads\/2023\/01\/fusion-logo-expanded.svg\" width=\"545\" height=\"545\" title=\"fusi\u00f3n-logotipo-ampliado\" alt=\"fusion-logo-expanded\"><!--\/themify_builder_static--><\/p>","protected":false},"excerpt":{"rendered":"<p>Una camiseta de entrenamiento de manga larga vers\u00e1til y ultrac\u00f3moda con multitud de caracter\u00edsticas.<br \/>\nUna camiseta de entrenamiento de manga larga vers\u00e1til para la mayor\u00eda de las sesiones de entrenamiento. Adecuada como primera y segunda capa.<\/p>","protected":false},"featured_media":210,"comment_status":"open","ping_status":"closed","template":"","meta":[],"product_brand":[331],"product_cat":[16,29],"product_tag":[],"class_list":{"0":"post-28323","1":"product","2":"type-product","3":"status-publish","4":"has-post-thumbnail","6":"product_brand-fusion","7":"product_cat-course","8":"product_cat-vestes-et-t-shirts","9":"zank_product_brands-fusion","10":"nt-post-class","11":"","17":"first","18":"instock","19":"taxable","20":"shipping-taxable","21":"purchasable","22":"product-type-variable"},"_links":{"self":[{"href":"https:\/\/www.infinitri.be\/es\/wp-json\/wp\/v2\/product\/28323","targetHints":{"allow":["GET"]}}],"collection":[{"href":"https:\/\/www.infinitri.be\/es\/wp-json\/wp\/v2\/product"}],"about":[{"href":"https:\/\/www.infinitri.be\/es\/wp-json\/wp\/v2\/types\/product"}],"replies":[{"embeddable":true,"href":"https:\/\/www.infinitri.be\/es\/wp-json\/wp\/v2\/comments?post=28323"}],"wp:featuredmedia":[{"embeddable":true,"href":"https:\/\/www.infinitri.be\/es\/wp-json\/wp\/v2\/media\/210"}],"wp:attachment":[{"href":"https:\/\/www.infinitri.be\/es\/wp-json\/wp\/v2\/media?parent=28323"}],"wp:term":[{"taxonomy":"product_brand","embeddable":true,"href":"https:\/\/www.infinitri.be\/es\/wp-json\/wp\/v2\/product_brand?post=28323"},{"taxonomy":"product_cat","embeddable":true,"href":"https:\/\/www.infinitri.be\/es\/wp-json\/wp\/v2\/product_cat?post=28323"},{"taxonomy":"product_tag","embeddable":true,"href":"https:\/\/www.infinitri.be\/es\/wp-json\/wp\/v2\/product_tag?post=28323"}],"curies":[{"name":"wp","href":"https:\/\/api.w.org\/{rel}","templated":true}]}}