{"id":28329,"date":"2025-12-25T16:45:04","date_gmt":"2025-12-25T16:45:04","guid":{"rendered":"https:\/\/www.infinitri.be\/?post_type=product&#038;p=28329"},"modified":"2026-04-04T17:34:10","modified_gmt":"2026-04-04T16:34:10","slug":"fusion-s2-run-jacket-homme","status":"publish","type":"product","link":"https:\/\/www.infinitri.be\/es\/producto\/fusion-s2-run-jacket-homme\/","title":{"rendered":"Chaqueta Fusion S2 Run para hombre"},"content":{"rendered":"<p><!--themify_builder_static--><\/p>\n<h1 style=\"text-align: center\">Descripci\u00f3n \u2699<\/h1>\n<p style=\"text-align: left\">La veste MEN&#8217;S S2 RUN JACKET est dot\u00e9e d&#8217;un lamin\u00e9 respirant 3 couches, protecteur et super \u00e9lastique, sur le devant, les manches et les \u00e9paules, et notre tissu sp\u00e9cial C3 sur le col et le dos assure une \u00e9vacuation rapide et efficace de la transpiration pour vous aider \u00e0 rester au sec et \u00e0 l&#8217;aise, afin que vous n&#8217;ayez jamais froid et ne soyez jamais humide pendant ou apr\u00e8s l&#8217;activit\u00e9.<\/p>\n<p style=\"text-align: left\">Esta chaqueta de corte ce\u00f1ido presenta un bolsillo delantero con cremallera y el\u00e1stico en la parte posterior que se adapta al contenido de tu bolsillo -como el tel\u00e9fono y las tarjetas de cr\u00e9dito-, as\u00ed como un bolsillo trasero abierto para guantes, gorro o cinta para la cabeza.<\/p>\n<p style=\"text-align: left\">Los discretos pero eficaces reflejos 3M en la espalda y los hombros garantizan la visibilidad en la oscuridad.<\/p>\n<p style=\"text-align: left\">Recomendado para correr. Tambi\u00e9n perfecto para antes y despu\u00e9s del entrenamiento. Forma: Corte entallado.<\/p>\n<p><img fetchpriority=\"high\" decoding=\"async\" src=\"https:\/\/infinitri.be\/wp-content\/uploads\/2023\/02\/Mens-S2-Run-jacket_0221_Orange_5f_V1-4717000_750x-545x545.webp\" width=\"545\" height=\"545\" title=\"Mens-S2-Run-jacket_0221_Orange_5f_V1-4717000_750x\" alt=\"Mens-S2-Run-jacket_0221_Orange_5f_V1-4717000_750x\" \/><\/p>\n<h1>Especificaciones t\u00e9cnicas<\/h1>\n<ul>\n<li>Tejido repelente al viento y al agua, fabricado en el Reino Unido.<\/li>\n<li>Util\u00edcelo con cualquier producto Fusion de manga larga para obtener una protecci\u00f3n adicional cuando haga mal tiempo.<\/li>\n<li>Detalles reflectantes en la parte delantera y trasera de los hombros y en la zona lumbar<\/li>\n<li>Bolsillo en el pecho para tel\u00e9fono y llaves<\/li>\n<li>Forro del cuello suave y transpirable para mayor comodidad.<\/li>\n<li>Fabricado en Europa en la f\u00e1brica FUSION.<\/li>\n<li>Producto certificado STANDARD 100 por OEKO-TEX\u00ae. Esto significa que todos los componentes, como tejidos, hilos, transfers, cremalleras, el\u00e1sticos, etiquetas, etc., han sido probados y aprobados de acuerdo con la norma y, por tanto, no contienen sustancias nocivas.<\/li>\n<\/ul>\n<p>    <em style=\"color:#000000\"><\/em>PROTECCI\u00d3N CONTRA EL VIENTO \u2605\u2605\u2605\u2605<\/p>\n<p>    <em style=\"color:#000000\"><\/em>PROTECCI\u00d3N CONTRA LA LLUVIA \u2605\u2605\u2605\u2605<\/p>\n<p>    <em style=\"color:#000000\"><\/em><\/p>\n<p style=\"text-align: center\">LUZ \u2605\u2605\u2605\u2605<\/p>\n<p>    <em style=\"color:#000000\"><\/em>SLIM FIT \u2605\u2605\u2605<\/p>\n<p>    <em style=\"color:#000000\"><\/em>NIVEL DE COMPRESI\u00d3N \u2605<\/p>\n<h1 style=\"text-align: center\">Material \ud83d\udc56<\/h1>\n<p style=\"text-align: left\">Parte delantera: poli\u00e9ster 81%, elastano 19%. Membrana: 100% poli\u00e9ster.<\/p>\n<p style=\"text-align: left\">Espalda: 77 % poliamida, 23 % elast\u00e1n.<\/p>\n<p style=\"text-align: left\">Uso de 5\u00b0C a 5\u00b0C<\/p>\n<p><img decoding=\"async\" src=\"https:\/\/infinitri.be\/wp-content\/uploads\/2023\/02\/Mens-S2-Run-jacket_0221_black_7front_low-3271691_900x-768x1024-545x545.webp\" width=\"545\" height=\"545\" title=\"Mens-S2-Run-jacket_0221_black_7front_low-3271691_900x\" alt=\"Mens-S2-Run-jacket_0221_black_7front_low-3271691_900x\" \/><br \/>\n<img decoding=\"async\" src=\"https:\/\/infinitri.be\/wp-content\/uploads\/2023\/02\/Mens-S2-Run-jacket_0221_Orange_4front_v2_low-3272194_750x-545x545.webp\" width=\"545\" height=\"545\" title=\"Mens-S2-Run-jacket_0221_Orange_4front_v2_low-3272194_750x\" alt=\"Mens-S2-Run-jacket_0221_Orange_4front_v2_low-3272194_750x\" \/><\/p>\n<h1 style=\"text-align: center\">Consejos de mantenimiento \ud83d\udca1<\/h1>\n<p>L\u00e1velo antes de usarlo por primera vez. Si a\u00f1ade un poco de vinagre durante el primer lavado, el color se mantendr\u00e1 m\u00e1s claro y durar\u00e1 m\u00e1s tiempo.<\/p>\n<p>Lave su prenda deportiva a una temperatura m\u00e1xima de 40 \u00b0C. No utilice detergente ni lej\u00eda.<\/p>\n<p>El uso de detergente limitar\u00e1 el transporte de humedad del producto.<\/p>\n<p>Seca tu prenda deportiva FUSION al aire libre. No la metas en la secadora.<\/p>\n<p>Ten cuidado con los objetos puntiagudos, los bordes y las tiras de velcro de mochilas, cinturones y otros objetos que rozan la tela y las costuras de tu prenda. Esto puede rasgar la tela y las costuras de tu prenda deportiva FUSION.<\/p>\n<h1 style=\"text-align: center\">\u00bfCu\u00e1l es mi talla?<\/h1>\n<p><img decoding=\"async\" src=\"https:\/\/infinitri.be\/wp-content\/uploads\/2023\/02\/s2-run-jacket-homme-size.png\" title=\"s2-run-jacket-homme-size\" alt=\"s2-run-jacket-homme-size\" \/><br \/>\n<img loading=\"lazy\" decoding=\"async\" src=\"https:\/\/infinitri.be\/wp-content\/uploads\/2023\/01\/fusion-logo-expanded.svg\" width=\"545\" height=\"545\" title=\"fusi\u00f3n-logotipo-ampliado\" alt=\"fusion-logo-expanded\"><!--\/themify_builder_static--><\/p>","protected":false},"excerpt":{"rendered":"<p>La chaqueta de running definitiva para los meses fr\u00edos.<br \/>\nLa chaqueta definitiva para correr que protege contra el viento y las precipitaciones durante los meses fr\u00edos.<\/p>","protected":false},"featured_media":215,"comment_status":"open","ping_status":"closed","template":"","meta":[],"product_brand":[331],"product_cat":[16,29],"product_tag":[],"class_list":{"0":"post-28329","1":"product","2":"type-product","3":"status-publish","4":"has-post-thumbnail","6":"product_brand-fusion","7":"product_cat-course","8":"product_cat-vestes-et-t-shirts","9":"zank_product_brands-fusion","10":"nt-post-class","11":"","17":"first","18":"instock","19":"taxable","20":"shipping-taxable","21":"purchasable","22":"product-type-variable"},"_links":{"self":[{"href":"https:\/\/www.infinitri.be\/es\/wp-json\/wp\/v2\/product\/28329","targetHints":{"allow":["GET"]}}],"collection":[{"href":"https:\/\/www.infinitri.be\/es\/wp-json\/wp\/v2\/product"}],"about":[{"href":"https:\/\/www.infinitri.be\/es\/wp-json\/wp\/v2\/types\/product"}],"replies":[{"embeddable":true,"href":"https:\/\/www.infinitri.be\/es\/wp-json\/wp\/v2\/comments?post=28329"}],"wp:featuredmedia":[{"embeddable":true,"href":"https:\/\/www.infinitri.be\/es\/wp-json\/wp\/v2\/media\/215"}],"wp:attachment":[{"href":"https:\/\/www.infinitri.be\/es\/wp-json\/wp\/v2\/media?parent=28329"}],"wp:term":[{"taxonomy":"product_brand","embeddable":true,"href":"https:\/\/www.infinitri.be\/es\/wp-json\/wp\/v2\/product_brand?post=28329"},{"taxonomy":"product_cat","embeddable":true,"href":"https:\/\/www.infinitri.be\/es\/wp-json\/wp\/v2\/product_cat?post=28329"},{"taxonomy":"product_tag","embeddable":true,"href":"https:\/\/www.infinitri.be\/es\/wp-json\/wp\/v2\/product_tag?post=28329"}],"curies":[{"name":"wp","href":"https:\/\/api.w.org\/{rel}","templated":true}]}}