{"id":28412,"date":"2025-12-25T16:45:12","date_gmt":"2025-12-25T16:45:12","guid":{"rendered":"https:\/\/www.infinitri.be\/?post_type=product&#038;p=28412"},"modified":"2026-04-04T17:34:02","modified_gmt":"2026-04-04T16:34:02","slug":"fusion-s3-long-bib-tights","status":"publish","type":"product","link":"https:\/\/www.infinitri.be\/es\/producto\/fusion-s3-long-bib-tights\/","title":{"rendered":"Fusion -S3 Culotte largo con tirantes"},"content":{"rendered":"<p><!--themify_builder_static--><\/p>\n<h1 style=\"text-align: center\">Descripci\u00f3n \u2699<\/h1>\n<p style=\"text-align: left\">La membrana especial de 3 capas en las perneras de tus MALLAS CON PECHERO LARGO S3 tiene un exterior repelente al agua, una gran transpirabilidad y adem\u00e1s a\u00edsla bien. El material es muy el\u00e1stico, por lo que las mallas ofrecen un ajuste ce\u00f1ido, sea cual sea tu tipo de cuerpo, y una comodidad \u00fanica cuando se llevan sobre tus culotes cortos favoritos, ya que las mallas largas no tienen relleno.<\/p>\n<p style=\"text-align: left\">El material de la pernera delantera es una moderna tecnolog\u00eda de membrana de 3 capas fabricada en Europa. El pantal\u00f3n es una capa exterior c\u00e1lida y protectora que requiere un par de vadeadores cortos para un rendimiento \u00f3ptimo. El producto est\u00e1 dise\u00f1ado para llevarlo con la chaqueta Fusion S3.<\/p>\n<p style=\"text-align: left\">Las mallas ofrecen una visibilidad reflectante 3M de 360 grados. El ajuste es ce\u00f1ido y medio. Recomendadas para el entrenamiento ciclista.<\/p>\n<p><img fetchpriority=\"high\" decoding=\"async\" title=\"S3-Cycling-Jacket_0039_Black_6f_v3-4827358_750x\" src=\"https:\/\/infinitri.be\/wp-content\/uploads\/2023\/02\/S3-Cycling-Jacket_0039_Black_6f_v3-4827358_750x-545x545.webp\" alt=\"S3-Cycling-Jacket_0039_Black_6f_v3-4827358_750x\" width=\"545\" height=\"545\" \/><\/p>\n<h1>Especificaciones t\u00e9cnicas<\/h1>\n<ul>\n<li>El tejido altamente el\u00e1stico S3 \u201cSuper Soft\u201d garantiza un ajuste ce\u00f1ido y c\u00f3modo para todas las formas del cuerpo. Fabricado en Italia<\/li>\n<li>La alta transpirabilidad garantiza un mayor confort en una amplia gama de temperaturas.<\/li>\n<li>Sin gamuza, para llevar sobre el short Fusion<\/li>\n<li>Visibilidad reflectante de 360 grados<\/li>\n<li>Productos unisex<\/li>\n<li>Fabricado en Europa en la f\u00e1brica FUSION.<\/li>\n<li>Producto certificado seg\u00fan la norma STANDARD 100 de OEKO-TEX\u00ae. Esto significa que todos los componentes, como tejidos, hilos, transferencias, cremalleras, el\u00e1sticos, etiquetas, etc., han sido probados y aprobados de acuerdo con la norma y, por lo tanto, no contienen sustancias nocivas.<\/li>\n<\/ul>\n<p>PROTECCI\u00d3N CONTRA EL VIENTO \u2605\u2605\u2605\u2605\u2605<\/p>\n<p>PROTECCI\u00d3N CONTRA LA LLUVIA \u2605\u2605\u2605\u2605\u2605<\/p>\n<p>&nbsp;<\/p>\n<p style=\"text-align: center\">LUZ \u2605\u2605\u2605\u2605\u2605<\/p>\n<p>CORTES AJUSTADOS \u2605\u2605\u2605\u2605<\/p>\n<p>NIVEL DE COMPRESI\u00d3N \u2605\u2605\u2605<\/p>\n<h1 style=\"text-align: center\">Material \ud83d\udc56<\/h1>\n<p style=\"text-align: left\">Parte delantera de la pierna: 73% nailon, 27% elastano<\/p>\n<p style=\"text-align: left\">Parte posterior de la pierna: poli\u00e9ster 100%<\/p>\n<p style=\"text-align: left\">Membrana: poliuretano 100%<\/p>\n<p style=\"text-align: left\">Uso de -5\u00b0C a 5\u00b0C<\/p>\n<p><img decoding=\"async\" title=\"S3-long-bib-tights_0038_Black_7_v3-3733517_2000x\" src=\"https:\/\/infinitri.be\/wp-content\/uploads\/2023\/02\/S3-long-bib-tights_0038_Black_7_v3-3733517_2000x-1-768x1024-545x545.jpg\" alt=\"S3-long-bib-tights_0038_Black_7_v3-3733517_2000x\" width=\"545\" height=\"545\" \/><br \/>\n<img decoding=\"async\" title=\"S3-Cycling-Jacket_0039_Orange_5b_v2-4636489_750x\" src=\"https:\/\/infinitri.be\/wp-content\/uploads\/2023\/02\/S3-Cycling-Jacket_0039_Orange_5b_v2-4636489_750x-545x545.webp\" alt=\"S3-Cycling-Jacket_0039_Orange_5b_v2-4636489_750x\" width=\"545\" height=\"545\" \/><\/p>\n<h1 style=\"text-align: center\">Consejos de mantenimiento \ud83d\udca1<\/h1>\n<p>L\u00e1velo antes de usarlo por primera vez. Si a\u00f1ade un poco de vinagre durante el primer lavado, el color se mantendr\u00e1 m\u00e1s claro y durar\u00e1 m\u00e1s tiempo.<\/p>\n<p>Lave su prenda deportiva a una temperatura m\u00e1xima de 40 \u00b0C. No utilice detergente ni lej\u00eda.<\/p>\n<p>El uso de detergente limitar\u00e1 el transporte de humedad del producto.<\/p>\n<p>Seca tu prenda deportiva FUSION al aire libre. No la metas en la secadora.<\/p>\n<p>Ten cuidado con los objetos puntiagudos, los bordes y las tiras de velcro de mochilas, cinturones y otros objetos que rozan la tela y las costuras de tu prenda. Esto puede rasgar la tela y las costuras de tu prenda deportiva FUSION.<\/p>\n<h1 style=\"text-align: center\">\u00bfCu\u00e1l es mi talla?<\/h1>\n<p><img decoding=\"async\" title=\"s3-pantal\u00f3n largo-pantal\u00f3n corto\" src=\"https:\/\/infinitri.be\/wp-content\/uploads\/2023\/02\/s3-long-bib-tights.png\" alt=\"s3-long-bib-tights\" \/><br \/>\n<img loading=\"lazy\" decoding=\"async\" title=\"fusi\u00f3n-logotipo-ampliado\" src=\"https:\/\/infinitri.be\/wp-content\/uploads\/2023\/01\/fusion-logo-expanded.svg\" alt=\"fusion-logo-expanded\" width=\"545\" height=\"545\" \/><!--\/themify_builder_static--><\/p>","protected":false},"excerpt":{"rendered":"<p>Mallas largas para entrenar durante los fr\u00edos meses de invierno - <strong>unisex<\/strong>. Este producto es una talla NORMAL, lo que significa que debes pedir la talla que utilizas normalmente en otras marcas de ropa deportiva. Mallas largas de ciclismo que realmente te protegen cuando sales a entrenar en los fr\u00edos meses de invierno. Estas mallas de ciclismo son unisex para hombres y mujeres.<\/p>","protected":false},"featured_media":378,"comment_status":"open","ping_status":"closed","template":"","meta":[],"product_brand":[331],"product_cat":[39,37],"product_tag":[],"class_list":{"0":"post-28412","1":"product","2":"type-product","3":"status-publish","4":"has-post-thumbnail","6":"product_brand-fusion","7":"product_cat-cuissards","8":"product_cat-cyclisme","9":"zank_product_brands-fusion","10":"nt-post-class","11":"","17":"first","18":"instock","19":"taxable","20":"shipping-taxable","21":"purchasable","22":"product-type-variable"},"_links":{"self":[{"href":"https:\/\/www.infinitri.be\/es\/wp-json\/wp\/v2\/product\/28412","targetHints":{"allow":["GET"]}}],"collection":[{"href":"https:\/\/www.infinitri.be\/es\/wp-json\/wp\/v2\/product"}],"about":[{"href":"https:\/\/www.infinitri.be\/es\/wp-json\/wp\/v2\/types\/product"}],"replies":[{"embeddable":true,"href":"https:\/\/www.infinitri.be\/es\/wp-json\/wp\/v2\/comments?post=28412"}],"wp:featuredmedia":[{"embeddable":true,"href":"https:\/\/www.infinitri.be\/es\/wp-json\/wp\/v2\/media\/378"}],"wp:attachment":[{"href":"https:\/\/www.infinitri.be\/es\/wp-json\/wp\/v2\/media?parent=28412"}],"wp:term":[{"taxonomy":"product_brand","embeddable":true,"href":"https:\/\/www.infinitri.be\/es\/wp-json\/wp\/v2\/product_brand?post=28412"},{"taxonomy":"product_cat","embeddable":true,"href":"https:\/\/www.infinitri.be\/es\/wp-json\/wp\/v2\/product_cat?post=28412"},{"taxonomy":"product_tag","embeddable":true,"href":"https:\/\/www.infinitri.be\/es\/wp-json\/wp\/v2\/product_tag?post=28412"}],"curies":[{"name":"wp","href":"https:\/\/api.w.org\/{rel}","templated":true}]}}