{"id":28450,"date":"2025-12-25T16:45:16","date_gmt":"2025-12-25T16:45:16","guid":{"rendered":"https:\/\/www.infinitri.be\/?post_type=product&#038;p=28450"},"modified":"2026-04-16T18:27:02","modified_gmt":"2026-04-16T17:27:02","slug":"arena-etui-a-lunettes","status":"publish","type":"product","link":"https:\/\/www.infinitri.be\/es\/producto\/arena-etui-a-lunettes\/","title":{"rendered":"Arena \u2013 Estuche para gafas"},"content":{"rendered":"<p><!--themify_builder_static--><!--\/themify_builder_static--><\/p>","protected":false},"excerpt":{"rendered":"<p>L\u2019\u00e9tui \u00e0 lunettes rigide arena est ideal pour ranger et transporter vos lunettes de mani\u00e8re s\u00fbre et prot\u00e9g\u00e9e. L\u2019\u00e9tui s\u2019attache facilement \u00e0 un sac ou sac \u00e0 dos gr\u00e2ce au mousqueton int\u00e9gr\u00e9.<\/p>","protected":false},"featured_media":459,"comment_status":"open","ping_status":"closed","template":"","meta":[],"product_brand":[326],"product_cat":[40,41],"product_tag":[],"class_list":{"0":"post-28450","1":"product","2":"type-product","3":"status-publish","4":"has-post-thumbnail","6":"product_brand-arena","7":"product_cat-accessoires","8":"product_cat-natation","9":"zank_product_brands-arena","10":"nt-post-class","11":"","17":"first","18":"instock","19":"taxable","20":"shipping-taxable","21":"purchasable","22":"product-type-variable"},"_links":{"self":[{"href":"https:\/\/www.infinitri.be\/es\/wp-json\/wp\/v2\/product\/28450","targetHints":{"allow":["GET"]}}],"collection":[{"href":"https:\/\/www.infinitri.be\/es\/wp-json\/wp\/v2\/product"}],"about":[{"href":"https:\/\/www.infinitri.be\/es\/wp-json\/wp\/v2\/types\/product"}],"replies":[{"embeddable":true,"href":"https:\/\/www.infinitri.be\/es\/wp-json\/wp\/v2\/comments?post=28450"}],"wp:featuredmedia":[{"embeddable":true,"href":"https:\/\/www.infinitri.be\/es\/wp-json\/wp\/v2\/media\/459"}],"wp:attachment":[{"href":"https:\/\/www.infinitri.be\/es\/wp-json\/wp\/v2\/media?parent=28450"}],"wp:term":[{"taxonomy":"product_brand","embeddable":true,"href":"https:\/\/www.infinitri.be\/es\/wp-json\/wp\/v2\/product_brand?post=28450"},{"taxonomy":"product_cat","embeddable":true,"href":"https:\/\/www.infinitri.be\/es\/wp-json\/wp\/v2\/product_cat?post=28450"},{"taxonomy":"product_tag","embeddable":true,"href":"https:\/\/www.infinitri.be\/es\/wp-json\/wp\/v2\/product_tag?post=28450"}],"curies":[{"name":"wp","href":"https:\/\/api.w.org\/{rel}","templated":true}]}}