{"id":28467,"date":"2025-12-25T16:45:18","date_gmt":"2025-12-25T16:45:18","guid":{"rendered":"https:\/\/www.infinitri.be\/?post_type=product&#038;p=28467"},"modified":"2026-04-04T17:30:48","modified_gmt":"2026-04-04T16:30:48","slug":"arena-cobra-ultra-swipe-mirror","status":"publish","type":"product","link":"https:\/\/www.infinitri.be\/es\/producto\/arena-cobra-ultra-swipe-mirror\/","title":{"rendered":"Arena - Espejo Cobra Ultra Swipe"},"content":{"rendered":"<p>Avec les lunettes dans l\u2019eau, faites glisser d\u00e9licatement le bout de vos doigts sur les verres internes cinq fois en vous assurant qu\u2019il n\u2019y a pas de salet\u00e9. R\u00e9p\u00e9tez l\u2019op\u00e9ration chaque fois que de la bu\u00e9e se forme sur vos lunettes afin de profiter d\u2019une vision parfaite plus longtemps. Les verres hydrodynamiques de dimensions r\u00e9duites minimisent la tra\u00een\u00e9e dans l\u2019eau. Article livre avec cinq ponts de nez interchangeables pour ajuster les lunettes aux diff\u00e9rentes formes de nez et de visage. La sangle double est facilement ajustable \u00e0 l\u2019arri\u00e8re de la t\u00eate et garantit un maintien stable, m\u00eame au d\u00e9part et dans les virages. Conception innovante au niveau des tempes pour garantir une excellente tenue, en particulier lors des plongeons. Ces lunettes sans PVC sont dot\u00e9es d\u2019une protection UV. Ce style est disponible avec des verres \u00e0 effet miroir clairs pour la natation en interieur ou sombres pour la natation en exterieur.<\/p>","protected":false},"excerpt":{"rendered":"<p>Descubre las vanguardistas gafas de competici\u00f3n unisex con lentes Arena Cobra Ultra Swipe Mirror. Homologadas por la FINA, son ideales para nadadores de competici\u00f3n. Revolucionaria tecnolog\u00eda antivaho arena Swipe para una protecci\u00f3n que dura diez veces m\u00e1s y se reactiva f\u00e1cilmente.<\/p>","protected":false},"featured_media":514,"comment_status":"open","ping_status":"closed","template":"","meta":[],"product_brand":[326],"product_cat":[54,55,41],"product_tag":[],"class_list":{"0":"post-28467","1":"product","2":"type-product","3":"status-publish","4":"has-post-thumbnail","6":"product_brand-arena","7":"product_cat-lunettes","8":"product_cat-lunettes-natation","9":"product_cat-natation","10":"zank_product_brands-arena","11":"nt-post-class","12":"","18":"first","19":"instock","20":"sale","21":"taxable","22":"shipping-taxable","23":"purchasable","24":"product-type-variable"},"_links":{"self":[{"href":"https:\/\/www.infinitri.be\/es\/wp-json\/wp\/v2\/product\/28467","targetHints":{"allow":["GET"]}}],"collection":[{"href":"https:\/\/www.infinitri.be\/es\/wp-json\/wp\/v2\/product"}],"about":[{"href":"https:\/\/www.infinitri.be\/es\/wp-json\/wp\/v2\/types\/product"}],"replies":[{"embeddable":true,"href":"https:\/\/www.infinitri.be\/es\/wp-json\/wp\/v2\/comments?post=28467"}],"wp:featuredmedia":[{"embeddable":true,"href":"https:\/\/www.infinitri.be\/es\/wp-json\/wp\/v2\/media\/514"}],"wp:attachment":[{"href":"https:\/\/www.infinitri.be\/es\/wp-json\/wp\/v2\/media?parent=28467"}],"wp:term":[{"taxonomy":"product_brand","embeddable":true,"href":"https:\/\/www.infinitri.be\/es\/wp-json\/wp\/v2\/product_brand?post=28467"},{"taxonomy":"product_cat","embeddable":true,"href":"https:\/\/www.infinitri.be\/es\/wp-json\/wp\/v2\/product_cat?post=28467"},{"taxonomy":"product_tag","embeddable":true,"href":"https:\/\/www.infinitri.be\/es\/wp-json\/wp\/v2\/product_tag?post=28467"}],"curies":[{"name":"wp","href":"https:\/\/api.w.org\/{rel}","templated":true}]}}