{"id":28500,"date":"2025-12-25T16:45:21","date_gmt":"2025-12-25T16:45:21","guid":{"rendered":"https:\/\/www.infinitri.be\/?post_type=product&#038;p=28500"},"modified":"2026-04-04T17:30:40","modified_gmt":"2026-04-04T16:30:40","slug":"arena-air-jr","status":"publish","type":"product","link":"https:\/\/www.infinitri.be\/es\/producto\/arena-air-jr\/","title":{"rendered":"Arena \u2013 Air Jr"},"content":{"rendered":"","protected":false},"excerpt":{"rendered":"<p>Ultra c\u00f3modas, las gafas arena Air Junior son perfectas para los j\u00f3venes nadadores ocasionales y regulares. Sus innovadores Air Seals en forma de panal facilitan la compresi\u00f3n y la adaptaci\u00f3n a la cara, y resultan muy ligeras. Incorporan lentes duras y un puente nasal autoajustable. La doble correa es f\u00e1cil de ajustar para una sujeci\u00f3n segura y c\u00f3moda, incluso con el pelo largo. Estas gafas tienen un revestimiento antivaho, protecci\u00f3n UV y no contienen PVC. A los ni\u00f1os les encantan sus elegantes colores.<\/p>","protected":false},"featured_media":27743,"comment_status":"open","ping_status":"closed","template":"","meta":[],"product_brand":[326],"product_cat":[54,55,41],"product_tag":[],"class_list":{"0":"post-28500","1":"product","2":"type-product","3":"status-publish","4":"has-post-thumbnail","6":"product_brand-arena","7":"product_cat-lunettes","8":"product_cat-lunettes-natation","9":"product_cat-natation","10":"zank_product_brands-arena","11":"nt-post-class","12":"","18":"first","19":"instock","20":"taxable","21":"shipping-taxable","22":"purchasable","23":"product-type-variable"},"_links":{"self":[{"href":"https:\/\/www.infinitri.be\/es\/wp-json\/wp\/v2\/product\/28500","targetHints":{"allow":["GET"]}}],"collection":[{"href":"https:\/\/www.infinitri.be\/es\/wp-json\/wp\/v2\/product"}],"about":[{"href":"https:\/\/www.infinitri.be\/es\/wp-json\/wp\/v2\/types\/product"}],"replies":[{"embeddable":true,"href":"https:\/\/www.infinitri.be\/es\/wp-json\/wp\/v2\/comments?post=28500"}],"wp:featuredmedia":[{"embeddable":true,"href":"https:\/\/www.infinitri.be\/es\/wp-json\/wp\/v2\/media\/27743"}],"wp:attachment":[{"href":"https:\/\/www.infinitri.be\/es\/wp-json\/wp\/v2\/media?parent=28500"}],"wp:term":[{"taxonomy":"product_brand","embeddable":true,"href":"https:\/\/www.infinitri.be\/es\/wp-json\/wp\/v2\/product_brand?post=28500"},{"taxonomy":"product_cat","embeddable":true,"href":"https:\/\/www.infinitri.be\/es\/wp-json\/wp\/v2\/product_cat?post=28500"},{"taxonomy":"product_tag","embeddable":true,"href":"https:\/\/www.infinitri.be\/es\/wp-json\/wp\/v2\/product_tag?post=28500"}],"curies":[{"name":"wp","href":"https:\/\/api.w.org\/{rel}","templated":true}]}}