{"id":28518,"date":"2025-12-25T16:45:25","date_gmt":"2025-12-25T16:45:25","guid":{"rendered":"https:\/\/www.infinitri.be\/?post_type=product&#038;p=28518"},"modified":"2026-04-04T18:42:57","modified_gmt":"2026-04-04T17:42:57","slug":"arena-elite-finger-paddle","status":"publish","type":"product","link":"https:\/\/www.infinitri.be\/es\/producto\/arena-elite-finger-paddle\/","title":{"rendered":"Arena \u2013 Paleta de dedo Elite"},"content":{"rendered":"","protected":false},"excerpt":{"rendered":"<p>El accesorio de entrenamiento de alta calidad unisex arena Finger Paddle Elite est\u00e1 dise\u00f1ado para desarrollar la potencia del antebrazo. Mejora la potente fase de despegue en el agua en las cuatro brazadas. Las palmas libres garantizan la m\u00e1xima sensaci\u00f3n en el agua. M\u00faltiples posiciones de la correa para un ajuste seguro y ce\u00f1ido. Las almohadillas para los dedos reducen el riesgo de lesiones en los hombros en comparaci\u00f3n con las almohadillas de tama\u00f1o normal. Sin PVC.<\/p>","protected":false},"featured_media":27788,"comment_status":"open","ping_status":"closed","template":"","meta":[],"product_brand":[326],"product_cat":[40,57,41],"product_tag":[],"class_list":{"0":"post-28518","1":"product","2":"type-product","3":"status-publish","4":"has-post-thumbnail","6":"product_brand-arena","7":"product_cat-accessoires","8":"product_cat-accessoires-natation","9":"product_cat-natation","10":"zank_product_brands-arena","11":"nt-post-class","12":"","18":"first","19":"instock","20":"taxable","21":"shipping-taxable","22":"purchasable","23":"product-type-simple"},"_links":{"self":[{"href":"https:\/\/www.infinitri.be\/es\/wp-json\/wp\/v2\/product\/28518","targetHints":{"allow":["GET"]}}],"collection":[{"href":"https:\/\/www.infinitri.be\/es\/wp-json\/wp\/v2\/product"}],"about":[{"href":"https:\/\/www.infinitri.be\/es\/wp-json\/wp\/v2\/types\/product"}],"replies":[{"embeddable":true,"href":"https:\/\/www.infinitri.be\/es\/wp-json\/wp\/v2\/comments?post=28518"}],"wp:featuredmedia":[{"embeddable":true,"href":"https:\/\/www.infinitri.be\/es\/wp-json\/wp\/v2\/media\/27788"}],"wp:attachment":[{"href":"https:\/\/www.infinitri.be\/es\/wp-json\/wp\/v2\/media?parent=28518"}],"wp:term":[{"taxonomy":"product_brand","embeddable":true,"href":"https:\/\/www.infinitri.be\/es\/wp-json\/wp\/v2\/product_brand?post=28518"},{"taxonomy":"product_cat","embeddable":true,"href":"https:\/\/www.infinitri.be\/es\/wp-json\/wp\/v2\/product_cat?post=28518"},{"taxonomy":"product_tag","embeddable":true,"href":"https:\/\/www.infinitri.be\/es\/wp-json\/wp\/v2\/product_tag?post=28518"}],"curies":[{"name":"wp","href":"https:\/\/api.w.org\/{rel}","templated":true}]}}