{"id":28520,"date":"2025-12-25T16:45:25","date_gmt":"2025-12-25T16:45:25","guid":{"rendered":"https:\/\/www.infinitri.be\/?post_type=product&#038;p=28520"},"modified":"2026-04-04T17:30:32","modified_gmt":"2026-04-04T16:30:32","slug":"arena-spotlight-jr-garcon","status":"publish","type":"product","link":"https:\/\/www.infinitri.be\/es\/producto\/arena-spotlight-jr-garcon\/","title":{"rendered":"Arena \u2013 Spotlight Jr \u2013 Ni\u00f1o"},"content":{"rendered":"","protected":false},"excerpt":{"rendered":"<p>Le maillot de bain sportif arena Spotlight pour gar\u00e7ons est con\u00e7u pour les jeunes nageurs de fitness. Mati\u00e8re MaxFit ultra-resistante au chlore et \u00e0 l\u2019eau salee, avec protectionUV integree UPF50+. L\u2019elasthanne garantit un excellent maintien et un confort optimal. L\u2019avant partiellement double garantit un excellent confort au porte. Le cordon de serrage interieur reglable garantit un excellent maintien. Longueur: 22cm<\/p>","protected":false},"featured_media":27798,"comment_status":"open","ping_status":"closed","template":"","meta":[],"product_brand":[326],"product_cat":[86,41],"product_tag":[],"class_list":{"0":"post-28520","1":"product","2":"type-product","3":"status-publish","4":"has-post-thumbnail","6":"product_brand-arena","7":"product_cat-maillots","8":"product_cat-natation","9":"zank_product_brands-arena","10":"nt-post-class","11":"","17":"first","18":"instock","19":"taxable","20":"shipping-taxable","21":"purchasable","22":"product-type-variable"},"_links":{"self":[{"href":"https:\/\/www.infinitri.be\/es\/wp-json\/wp\/v2\/product\/28520","targetHints":{"allow":["GET"]}}],"collection":[{"href":"https:\/\/www.infinitri.be\/es\/wp-json\/wp\/v2\/product"}],"about":[{"href":"https:\/\/www.infinitri.be\/es\/wp-json\/wp\/v2\/types\/product"}],"replies":[{"embeddable":true,"href":"https:\/\/www.infinitri.be\/es\/wp-json\/wp\/v2\/comments?post=28520"}],"wp:featuredmedia":[{"embeddable":true,"href":"https:\/\/www.infinitri.be\/es\/wp-json\/wp\/v2\/media\/27798"}],"wp:attachment":[{"href":"https:\/\/www.infinitri.be\/es\/wp-json\/wp\/v2\/media?parent=28520"}],"wp:term":[{"taxonomy":"product_brand","embeddable":true,"href":"https:\/\/www.infinitri.be\/es\/wp-json\/wp\/v2\/product_brand?post=28520"},{"taxonomy":"product_cat","embeddable":true,"href":"https:\/\/www.infinitri.be\/es\/wp-json\/wp\/v2\/product_cat?post=28520"},{"taxonomy":"product_tag","embeddable":true,"href":"https:\/\/www.infinitri.be\/es\/wp-json\/wp\/v2\/product_tag?post=28520"}],"curies":[{"name":"wp","href":"https:\/\/api.w.org\/{rel}","templated":true}]}}