{"id":28522,"date":"2025-12-25T16:45:25","date_gmt":"2025-12-25T16:45:25","guid":{"rendered":"https:\/\/www.infinitri.be\/?post_type=product&#038;p=28522"},"modified":"2026-04-04T17:30:32","modified_gmt":"2026-04-04T16:30:32","slug":"arena-jammer-kikko-garcon","status":"publish","type":"product","link":"https:\/\/www.infinitri.be\/es\/producto\/arena-jammer-kikko-garcon\/","title":{"rendered":"Arena - Kikko jammer - Chico"},"content":{"rendered":"<table width=\"804\">\n<tbody>\n<tr>\n<td width=\"576\">Resistente al cloro<\/td>\n<td width=\"228\">S\u00ed<\/td>\n<\/tr>\n<tr>\n<td>Mat\u00e9riel de doublure<\/td>\n<td>Forro frontal<\/td>\n<\/tr>\n<tr>\n<td>Composition du mat\u00e9riau<\/td>\n<td>100% Polyester<\/td>\n<\/tr>\n<tr>\n<td>Poids<\/td>\n<td>75gr<\/td>\n<\/tr>\n<tr>\n<td>Groupe de clients<\/td>\n<td>Gar\u00e7on<\/td>\n<\/tr>\n<tr>\n<td>Coloris<\/td>\n<td>NAVY-MULTI NAVY<\/td>\n<\/tr>\n<tr>\n<td>Intensit\u00e9 de l&#8217;entra\u00eenement<\/td>\n<td>3 fois ou plus par semaine<\/td>\n<\/tr>\n<tr>\n<td>Longueur du c\u00f4t\u00e9<\/td>\n<td>36cm<\/td>\n<\/tr>\n<tr>\n<td>Tipo de producto<\/td>\n<td>Jammer<\/td>\n<\/tr>\n<tr>\n<td>Mat\u00e9riel<\/td>\n<td>MaxLife<\/td>\n<\/tr>\n<\/tbody>\n<\/table>","protected":false},"excerpt":{"rendered":"<p>Original et durable, le jammer arena Kikko pour gar\u00e7ons est id\u00e9al pour les nageurs loisir et les nageurs comp\u00e9titeurs. La mati\u00e8re MaxLife ultra-r\u00e9sistante au chlore avec protection UV int\u00e9gr\u00e9e UPF 50+ est durable et s\u00e8che tr\u00e8s rapidement. Comporte une doublure avant. Le cordon de serrage int\u00e9rieur r\u00e9glable garantit un excellent maintien. Longueur: 36cm<\/p>","protected":false},"featured_media":27810,"comment_status":"open","ping_status":"closed","template":"","meta":[],"product_brand":[326],"product_cat":[86,41],"product_tag":[],"class_list":{"0":"post-28522","1":"product","2":"type-product","3":"status-publish","4":"has-post-thumbnail","6":"product_brand-arena","7":"product_cat-maillots","8":"product_cat-natation","9":"zank_product_brands-arena","10":"nt-post-class","11":"","17":"first","18":"outofstock","19":"sale","20":"taxable","21":"shipping-taxable","22":"purchasable","23":"product-type-variable"},"_links":{"self":[{"href":"https:\/\/www.infinitri.be\/es\/wp-json\/wp\/v2\/product\/28522","targetHints":{"allow":["GET"]}}],"collection":[{"href":"https:\/\/www.infinitri.be\/es\/wp-json\/wp\/v2\/product"}],"about":[{"href":"https:\/\/www.infinitri.be\/es\/wp-json\/wp\/v2\/types\/product"}],"replies":[{"embeddable":true,"href":"https:\/\/www.infinitri.be\/es\/wp-json\/wp\/v2\/comments?post=28522"}],"wp:featuredmedia":[{"embeddable":true,"href":"https:\/\/www.infinitri.be\/es\/wp-json\/wp\/v2\/media\/27810"}],"wp:attachment":[{"href":"https:\/\/www.infinitri.be\/es\/wp-json\/wp\/v2\/media?parent=28522"}],"wp:term":[{"taxonomy":"product_brand","embeddable":true,"href":"https:\/\/www.infinitri.be\/es\/wp-json\/wp\/v2\/product_brand?post=28522"},{"taxonomy":"product_cat","embeddable":true,"href":"https:\/\/www.infinitri.be\/es\/wp-json\/wp\/v2\/product_cat?post=28522"},{"taxonomy":"product_tag","embeddable":true,"href":"https:\/\/www.infinitri.be\/es\/wp-json\/wp\/v2\/product_tag?post=28522"}],"curies":[{"name":"wp","href":"https:\/\/api.w.org\/{rel}","templated":true}]}}