{"id":28525,"date":"2025-12-25T16:45:25","date_gmt":"2025-12-25T16:45:25","guid":{"rendered":"https:\/\/www.infinitri.be\/?post_type=product&#038;p=28525"},"modified":"2026-04-04T17:30:24","modified_gmt":"2026-04-04T16:30:24","slug":"arena-comet-fille","status":"publish","type":"product","link":"https:\/\/www.infinitri.be\/es\/producto\/arena-comet-fille\/","title":{"rendered":"Arena - Comet- Girl"},"content":{"rendered":"<table width=\"932\">\n<tbody>\n<tr>\n<td width=\"576\">Description<\/td>\n<td width=\"356\">G Comet Jr Swim Pro One Piece black-green<\/td>\n<\/tr>\n<tr>\n<td>Mat\u00e9riel<\/td>\n<td>MaxLife<\/td>\n<\/tr>\n<tr>\n<td>Resistente al cloro<\/td>\n<td>S\u00ed<\/td>\n<\/tr>\n<tr>\n<td>Groupe de clients<\/td>\n<td>Hija<\/td>\n<\/tr>\n<tr>\n<td>Volver<\/td>\n<td>New Swim Pro<\/td>\n<\/tr>\n<tr>\n<td>Cut<\/td>\n<td>Medium<\/td>\n<\/tr>\n<tr>\n<td>Tipo de producto<\/td>\n<td>Maillot de bain<\/td>\n<\/tr>\n<tr>\n<td>Intensit\u00e9 de l&#8217;entra\u00eenement<\/td>\n<td>3 fois ou plus par semaine<\/td>\n<\/tr>\n<tr>\n<td>Mat\u00e9riel de doublure<\/td>\n<td>Non<\/td>\n<\/tr>\n<tr>\n<td>Composition du mat\u00e9riau<\/td>\n<td>100% Polyester<\/td>\n<\/tr>\n<\/tbody>\n<\/table>","protected":false},"excerpt":{"rendered":"<p>De style sportif, le maillot de bain arena Comet pour filles est con\u00e7u pour les nageuses reguli\u00e8res. La mati\u00e8re MaxLife ultra-resistante au chlore avec protection UV integree UPF 50+ est durable et s\u00e8che tr\u00e8s rapidement. Le dos ergonomique garantit un maintien fiable et un bon soutien de la poitrine et de la taille.<\/p>","protected":false},"featured_media":27826,"comment_status":"open","ping_status":"closed","template":"","meta":[],"product_brand":[326],"product_cat":[86,41],"product_tag":[],"class_list":{"0":"post-28525","1":"product","2":"type-product","3":"status-publish","4":"has-post-thumbnail","6":"product_brand-arena","7":"product_cat-maillots","8":"product_cat-natation","9":"zank_product_brands-arena","10":"nt-post-class","11":"","17":"first","18":"instock","19":"sale","20":"taxable","21":"shipping-taxable","22":"purchasable","23":"product-type-variable"},"_links":{"self":[{"href":"https:\/\/www.infinitri.be\/es\/wp-json\/wp\/v2\/product\/28525","targetHints":{"allow":["GET"]}}],"collection":[{"href":"https:\/\/www.infinitri.be\/es\/wp-json\/wp\/v2\/product"}],"about":[{"href":"https:\/\/www.infinitri.be\/es\/wp-json\/wp\/v2\/types\/product"}],"replies":[{"embeddable":true,"href":"https:\/\/www.infinitri.be\/es\/wp-json\/wp\/v2\/comments?post=28525"}],"wp:featuredmedia":[{"embeddable":true,"href":"https:\/\/www.infinitri.be\/es\/wp-json\/wp\/v2\/media\/27826"}],"wp:attachment":[{"href":"https:\/\/www.infinitri.be\/es\/wp-json\/wp\/v2\/media?parent=28525"}],"wp:term":[{"taxonomy":"product_brand","embeddable":true,"href":"https:\/\/www.infinitri.be\/es\/wp-json\/wp\/v2\/product_brand?post=28525"},{"taxonomy":"product_cat","embeddable":true,"href":"https:\/\/www.infinitri.be\/es\/wp-json\/wp\/v2\/product_cat?post=28525"},{"taxonomy":"product_tag","embeddable":true,"href":"https:\/\/www.infinitri.be\/es\/wp-json\/wp\/v2\/product_tag?post=28525"}],"curies":[{"name":"wp","href":"https:\/\/api.w.org\/{rel}","templated":true}]}}