{"id":28526,"date":"2025-12-25T16:45:25","date_gmt":"2025-12-25T16:45:25","guid":{"rendered":"https:\/\/www.infinitri.be\/?post_type=product&#038;p=28526"},"modified":"2026-04-04T17:30:24","modified_gmt":"2026-04-04T16:30:24","slug":"arena-one-double-cross-femme","status":"publish","type":"product","link":"https:\/\/www.infinitri.be\/es\/producto\/arena-one-double-cross-femme\/","title":{"rendered":"Arena - Una cruz doble - Damas"},"content":{"rendered":"<p>El tejido MaxLife Eco ultrarresistente al cloro con protecci\u00f3n UV UPF 50+ integrada es duradero y se seca muy r\u00e1pidamente. Esta nueva versi\u00f3n eco-responsable del tejido arena MaxLife contiene al menos 50% de poli\u00e9ster reciclado de botellas de pl\u00e1stico PET. Adem\u00e1s, procede de un proceso de producci\u00f3n optimizado para ahorrar energ\u00eda, reducir las emisiones de CO\u00b2 y minimizar el consumo de agua. La espalda abierta y la parte delantera ce\u00f1ida garantizan la m\u00e1xima libertad de movimientos, un tacto excelente en el agua y una resistencia reducida. Todos los componentes de este tejido certificado STANDARD 100 por OEKO-TEX han sido sometidos a pruebas de detecci\u00f3n de sustancias peligrosas para garantizar que el producto es seguro para la salud humana. Estos controles se llevan a cabo en los institutos de nuestro socio independiente OEKO-TEX de acuerdo con un amplio conjunto de criterios de prueba.<\/p>\n<p><!--themify_builder_static-->    <em><\/em> <\/p>\n<h3> Resistente al cloro <\/h3>\n<p>S\u00ed<\/p>\n<p>    <em><\/em> <\/p>\n<h3> Material <\/h3>\n<p>\u00a0MaxLife Eco<\/p>\n<p>    <em><\/em> <\/p>\n<h3> Volver <\/h3>\n<p>Doble Cruz Uno<\/p>\n<p>    <em><\/em> <\/p>\n<h3> Corte <\/h3>\n<p>Mediana - tirantes estrechos<\/p>\n<p>    <em><\/em> <\/p>\n<h3> Forro <\/h3>\n<p>\u00a0Totalmente forrado<\/p>\n<p>    <em><\/em> <\/p>\n<h3> Intensidad del entrenamiento <\/h3>\n<p>3 veces por semana<\/p>\n<p><!--\/themify_builder_static--><\/p>","protected":false},"excerpt":{"rendered":"<p>El innovador y ultra-chic ba\u00f1ador arena One Double Cross es ideal para nadadores de competici\u00f3n, fitness y recreativos que buscan rendimiento y estilo para destacar all\u00e1 donde naden. La exclusiva tecnolog\u00eda arena One crea estilos innovadores dise\u00f1ados en una sola pieza de tejido para una sensaci\u00f3n absoluta de \u00absegunda piel\u00bb. La ausencia de costuras laterales mejora la libertad de movimiento y reduce la resistencia y el desgaste del ba\u00f1ador.<\/p>","protected":false},"featured_media":27833,"comment_status":"open","ping_status":"closed","template":"","meta":[],"product_brand":[326],"product_cat":[86,41],"product_tag":[],"class_list":{"0":"post-28526","1":"product","2":"type-product","3":"status-publish","4":"has-post-thumbnail","6":"product_brand-arena","7":"product_cat-maillots","8":"product_cat-natation","9":"zank_product_brands-arena","10":"nt-post-class","11":"","17":"first","18":"instock","19":"sale","20":"taxable","21":"shipping-taxable","22":"purchasable","23":"product-type-variable"},"_links":{"self":[{"href":"https:\/\/www.infinitri.be\/es\/wp-json\/wp\/v2\/product\/28526","targetHints":{"allow":["GET"]}}],"collection":[{"href":"https:\/\/www.infinitri.be\/es\/wp-json\/wp\/v2\/product"}],"about":[{"href":"https:\/\/www.infinitri.be\/es\/wp-json\/wp\/v2\/types\/product"}],"replies":[{"embeddable":true,"href":"https:\/\/www.infinitri.be\/es\/wp-json\/wp\/v2\/comments?post=28526"}],"wp:featuredmedia":[{"embeddable":true,"href":"https:\/\/www.infinitri.be\/es\/wp-json\/wp\/v2\/media\/27833"}],"wp:attachment":[{"href":"https:\/\/www.infinitri.be\/es\/wp-json\/wp\/v2\/media?parent=28526"}],"wp:term":[{"taxonomy":"product_brand","embeddable":true,"href":"https:\/\/www.infinitri.be\/es\/wp-json\/wp\/v2\/product_brand?post=28526"},{"taxonomy":"product_cat","embeddable":true,"href":"https:\/\/www.infinitri.be\/es\/wp-json\/wp\/v2\/product_cat?post=28526"},{"taxonomy":"product_tag","embeddable":true,"href":"https:\/\/www.infinitri.be\/es\/wp-json\/wp\/v2\/product_tag?post=28526"}],"curies":[{"name":"wp","href":"https:\/\/api.w.org\/{rel}","templated":true}]}}