{"id":28530,"date":"2025-12-25T16:45:25","date_gmt":"2025-12-25T16:45:25","guid":{"rendered":"https:\/\/www.infinitri.be\/?post_type=product&#038;p=28530"},"modified":"2026-04-04T17:30:24","modified_gmt":"2026-04-04T16:30:24","slug":"arena-iconic-low-waist-short","status":"publish","type":"product","link":"https:\/\/www.infinitri.be\/es\/producto\/arena-iconic-low-waist-short\/","title":{"rendered":"Pantal\u00f3n corto de cintura baja Arena Iconic"},"content":{"rendered":"","protected":false},"excerpt":{"rendered":"<p>Elegantes y ultraduraderos, los ba\u00f1adores cortos de cintura baja arena Iconic de la colecci\u00f3n arena Icons est\u00e1n dise\u00f1ados para nadadores habituales. El tejido MaxLife ultrarresistente al cloro con protecci\u00f3n UV UPF 50+ integrada es duradero y se seca muy r\u00e1pidamente. Incorpora un forro frontal para mayor comodidad. Cord\u00f3n interior ajustable para un ajuste seguro. Longitud: 17 cm. Descubre toda la colecci\u00f3n arenaIcons, desde art\u00edculos athleisure hasta ba\u00f1adores y accesorios para completar tu look.<\/p>","protected":false},"featured_media":27870,"comment_status":"open","ping_status":"closed","template":"","meta":[],"product_brand":[326],"product_cat":[86,41],"product_tag":[],"class_list":{"0":"post-28530","1":"product","2":"type-product","3":"status-publish","4":"has-post-thumbnail","6":"product_brand-arena","7":"product_cat-maillots","8":"product_cat-natation","9":"zank_product_brands-arena","10":"nt-post-class","11":"","17":"first","18":"instock","19":"sale","20":"taxable","21":"shipping-taxable","22":"purchasable","23":"product-type-variable"},"_links":{"self":[{"href":"https:\/\/www.infinitri.be\/es\/wp-json\/wp\/v2\/product\/28530","targetHints":{"allow":["GET"]}}],"collection":[{"href":"https:\/\/www.infinitri.be\/es\/wp-json\/wp\/v2\/product"}],"about":[{"href":"https:\/\/www.infinitri.be\/es\/wp-json\/wp\/v2\/types\/product"}],"replies":[{"embeddable":true,"href":"https:\/\/www.infinitri.be\/es\/wp-json\/wp\/v2\/comments?post=28530"}],"wp:featuredmedia":[{"embeddable":true,"href":"https:\/\/www.infinitri.be\/es\/wp-json\/wp\/v2\/media\/27870"}],"wp:attachment":[{"href":"https:\/\/www.infinitri.be\/es\/wp-json\/wp\/v2\/media?parent=28530"}],"wp:term":[{"taxonomy":"product_brand","embeddable":true,"href":"https:\/\/www.infinitri.be\/es\/wp-json\/wp\/v2\/product_brand?post=28530"},{"taxonomy":"product_cat","embeddable":true,"href":"https:\/\/www.infinitri.be\/es\/wp-json\/wp\/v2\/product_cat?post=28530"},{"taxonomy":"product_tag","embeddable":true,"href":"https:\/\/www.infinitri.be\/es\/wp-json\/wp\/v2\/product_tag?post=28530"}],"curies":[{"name":"wp","href":"https:\/\/api.w.org\/{rel}","templated":true}]}}