{"id":28598,"date":"2025-12-25T16:45:34","date_gmt":"2025-12-25T16:45:34","guid":{"rendered":"https:\/\/www.infinitri.be\/?post_type=product&#038;p=28598"},"modified":"2026-04-04T17:30:16","modified_gmt":"2026-04-04T16:30:16","slug":"arena-lightdrop-back-allover-rose-blackmulti-fille","status":"publish","type":"product","link":"https:\/\/www.infinitri.be\/es\/producto\/arena-lightdrop-back-allover-rose-blackmulti-fille\/","title":{"rendered":"Arena - Lightdrop Back Allover rosa blackmulti - Ni\u00f1a"},"content":{"rendered":"","protected":false},"excerpt":{"rendered":"<p>MaxFit (80% nylon, 20% \u00e9lasthanne) r\u00e9siste au chlore et \u00e0 la lumi\u00e8re du soleil pendant 240 heures. Le maillot de bain peut donc \u00eatre utilis\u00e9 pour l&#8217;entra\u00eenement occasionnel \u00e0 la natation ou pour la natation r\u00e9cr\u00e9ative. Le maillot est tr\u00e8s confortable et doux au toucher, et gr\u00e2ce \u00e0 cela le maillot est un bon compagnon pour chaque nageuse. Le mat\u00e9riau MaxFit est \u00e9galement enrichi de fibres Lycra, qui donnent au maillot de bain une certaine souplesse et une meilleure stabilit\u00e9 de la forme.<\/p>\n<p>Les maillots de bain n&#8217;ont pas de doublure pr\u00e9sentant donc un s\u00e9chage plus rapide.<\/p>","protected":false},"featured_media":27976,"comment_status":"open","ping_status":"closed","template":"","meta":[],"product_brand":[326],"product_cat":[86,41],"product_tag":[],"class_list":{"0":"post-28598","1":"product","2":"type-product","3":"status-publish","4":"has-post-thumbnail","6":"product_brand-arena","7":"product_cat-maillots","8":"product_cat-natation","9":"zank_product_brands-arena","10":"nt-post-class","11":"","17":"first","18":"instock","19":"sale","20":"taxable","21":"shipping-taxable","22":"purchasable","23":"product-type-variable"},"_links":{"self":[{"href":"https:\/\/www.infinitri.be\/es\/wp-json\/wp\/v2\/product\/28598","targetHints":{"allow":["GET"]}}],"collection":[{"href":"https:\/\/www.infinitri.be\/es\/wp-json\/wp\/v2\/product"}],"about":[{"href":"https:\/\/www.infinitri.be\/es\/wp-json\/wp\/v2\/types\/product"}],"replies":[{"embeddable":true,"href":"https:\/\/www.infinitri.be\/es\/wp-json\/wp\/v2\/comments?post=28598"}],"wp:featuredmedia":[{"embeddable":true,"href":"https:\/\/www.infinitri.be\/es\/wp-json\/wp\/v2\/media\/27976"}],"wp:attachment":[{"href":"https:\/\/www.infinitri.be\/es\/wp-json\/wp\/v2\/media?parent=28598"}],"wp:term":[{"taxonomy":"product_brand","embeddable":true,"href":"https:\/\/www.infinitri.be\/es\/wp-json\/wp\/v2\/product_brand?post=28598"},{"taxonomy":"product_cat","embeddable":true,"href":"https:\/\/www.infinitri.be\/es\/wp-json\/wp\/v2\/product_cat?post=28598"},{"taxonomy":"product_tag","embeddable":true,"href":"https:\/\/www.infinitri.be\/es\/wp-json\/wp\/v2\/product_tag?post=28598"}],"curies":[{"name":"wp","href":"https:\/\/api.w.org\/{rel}","templated":true}]}}