{"id":28638,"date":"2025-12-25T16:45:39","date_gmt":"2025-12-25T16:45:39","guid":{"rendered":"https:\/\/www.infinitri.be\/?post_type=product&#038;p=28638"},"modified":"2026-04-04T17:30:06","modified_gmt":"2026-04-04T16:30:06","slug":"arena-marbled-challenge-back","status":"publish","type":"product","link":"https:\/\/www.infinitri.be\/es\/producto\/arena-marbled-challenge-back\/","title":{"rendered":"Arena - Marbled Challenge Back"},"content":{"rendered":"<p>El tejido MaxLife Eco ultrarresistente al cloro con protecci\u00f3n UV UPF 50+ integrada es duradero y se seca muy r\u00e1pidamente. Esta nueva versi\u00f3n eco-responsable del tejido arenaMaxLife contiene al menos 50% de poli\u00e9ster reciclado de botellas de pl\u00e1stico PET. Adem\u00e1s, procede de un proceso de producci\u00f3n optimizado que ahorra energ\u00eda, reduce las emisiones de CO? y minimiza el consumo de agua. La espalda abierta, los tirantes finos y el corte alto garantizan la m\u00e1xima libertad de movimientos, una excelente sensaci\u00f3n en el agua y una resistencia reducida. Todos los componentes de este tejido certificado STANDARD 100 por OEKO-TEX han sido sometidos a controles de sustancias peligrosas para garantizar un art\u00edculo seguro para la salud humana. Estos controles se llevan a cabo en los institutos de nuestro socio independiente OEKO-TEX de acuerdo con un amplio conjunto de criterios de prueba.<\/p>\n<p><!--themify_builder_static-->    <em><\/em> <\/p>\n<h3> Resistente al cloro <\/h3>\n<p>S\u00ed<\/p>\n<p>    <em><\/em> <\/p>\n<h3> Material <\/h3>\n<p>\u00a0MaxLife Eco<\/p>\n<p>    <em><\/em> <\/p>\n<h3> Volver <\/h3>\n<p>Desaf\u00edo de vuelta<\/p>\n<p>    <em><\/em> <\/p>\n<h3> Corte <\/h3>\n<p>Corte alto<\/p>\n<p>    <em><\/em> <\/p>\n<h3> Forro <\/h3>\n<p>Forro frontal<\/p>\n<p>    <em><\/em> <\/p>\n<h3> Intensidad del entrenamiento <\/h3>\n<p>Nataci\u00f3n intensiva<\/p>\n<p><!--\/themify_builder_static--><\/p>","protected":false},"excerpt":{"rendered":"<p>El ba\u00f1ador arena Marbled Challenge Back de la l\u00ednea arena Performance, moderno, ultraduradero y resistente al cloro, es ideal para nadadores de competici\u00f3n y nadadores habituales que nadan a menudo en la piscina.<\/p>","protected":false},"featured_media":28047,"comment_status":"open","ping_status":"closed","template":"","meta":[],"product_brand":[326],"product_cat":[86,41],"product_tag":[],"class_list":{"0":"post-28638","1":"product","2":"type-product","3":"status-publish","4":"has-post-thumbnail","6":"product_brand-arena","7":"product_cat-maillots","8":"product_cat-natation","9":"zank_product_brands-arena","10":"nt-post-class","11":"","17":"first","18":"instock","19":"sale","20":"taxable","21":"shipping-taxable","22":"purchasable","23":"product-type-variable"},"_links":{"self":[{"href":"https:\/\/www.infinitri.be\/es\/wp-json\/wp\/v2\/product\/28638","targetHints":{"allow":["GET"]}}],"collection":[{"href":"https:\/\/www.infinitri.be\/es\/wp-json\/wp\/v2\/product"}],"about":[{"href":"https:\/\/www.infinitri.be\/es\/wp-json\/wp\/v2\/types\/product"}],"replies":[{"embeddable":true,"href":"https:\/\/www.infinitri.be\/es\/wp-json\/wp\/v2\/comments?post=28638"}],"wp:featuredmedia":[{"embeddable":true,"href":"https:\/\/www.infinitri.be\/es\/wp-json\/wp\/v2\/media\/28047"}],"wp:attachment":[{"href":"https:\/\/www.infinitri.be\/es\/wp-json\/wp\/v2\/media?parent=28638"}],"wp:term":[{"taxonomy":"product_brand","embeddable":true,"href":"https:\/\/www.infinitri.be\/es\/wp-json\/wp\/v2\/product_brand?post=28638"},{"taxonomy":"product_cat","embeddable":true,"href":"https:\/\/www.infinitri.be\/es\/wp-json\/wp\/v2\/product_cat?post=28638"},{"taxonomy":"product_tag","embeddable":true,"href":"https:\/\/www.infinitri.be\/es\/wp-json\/wp\/v2\/product_tag?post=28638"}],"curies":[{"name":"wp","href":"https:\/\/api.w.org\/{rel}","templated":true}]}}