{"id":28648,"date":"2025-12-25T16:45:40","date_gmt":"2025-12-25T16:45:40","guid":{"rendered":"https:\/\/www.infinitri.be\/?post_type=product&#038;p=28648"},"modified":"2026-04-04T17:30:06","modified_gmt":"2026-04-04T16:30:06","slug":"arena-icons-swim-jammer-blue-diamond","status":"publish","type":"product","link":"https:\/\/www.infinitri.be\/es\/producto\/arena-icons-swim-jammer-blue-diamond\/","title":{"rendered":"Arena &#8211; Icons Swim Jammer blue-diamond"},"content":{"rendered":"<p>Tejido<br \/>\nResistente al cloro 100%, MaxLife Eco es nuestro nuevo tejido para ba\u00f1adores de origen responsable para un rendimiento sostenible. Fabricado con al menos 50 % de poli\u00e9ster reciclado, este innovador material se ajusta bien y conserva su forma con el paso del tiempo. Tiene protecci\u00f3n UV 50+ y se seca r\u00e1pidamente.<\/p>\n<p>&nbsp;<\/p>\n<p>Intensit\u00e9 de l&#8217;entra\u00eenement :\u00a0 3 fois ou plus par semaine<br \/>\nMat\u00e9riel de doublure :\u00a0 \u00a0 \u00a0 \u00a0 \u00a0 \u00a0 \u00a0Doublure avant<br \/>\nLongueur du c\u00f4t\u00e9 :\u00a0 \u00a0 \u00a0 \u00a0 \u00a0 \u00a0 \u00a0 \u00a0 \u00a0 \u00a045cm<br \/>\nType de produit :\u00a0 \u00a0 \u00a0 \u00a0 \u00a0 \u00a0 \u00a0 \u00a0 \u00a0 \u00a0 \u00a0 Jammer<\/p>","protected":false},"excerpt":{"rendered":"<p>Le jammer pour homme arena Diamonds Logo est con\u00e7u pour ceux qui pratiquent la natation reguli\u00e8rement ainsi que les nageurs de competition. Taille dans un tissu de natation durable resistant au chlore et protegeant la peau du soleil, ce maillot de bain profile pour homme est rapide \u00e0 secher et super durable. equipe dune doublure avant confortable et dun cordon de serrage \u00e0 linterieur pour un ajustement s\u00fbr, il est imprime de rayures dequipe, dune bordure contrastee et dun logo surdimensionne pour un look athletique retro.<\/p>\n<p>&nbsp;<\/p>","protected":false},"featured_media":28068,"comment_status":"open","ping_status":"closed","template":"","meta":[],"product_brand":[326],"product_cat":[86,41],"product_tag":[],"class_list":{"0":"post-28648","1":"product","2":"type-product","3":"status-publish","4":"has-post-thumbnail","6":"product_brand-arena","7":"product_cat-maillots","8":"product_cat-natation","9":"zank_product_brands-arena","10":"nt-post-class","11":"","17":"first","18":"instock","19":"sale","20":"taxable","21":"shipping-taxable","22":"purchasable","23":"product-type-variable"},"_links":{"self":[{"href":"https:\/\/www.infinitri.be\/es\/wp-json\/wp\/v2\/product\/28648","targetHints":{"allow":["GET"]}}],"collection":[{"href":"https:\/\/www.infinitri.be\/es\/wp-json\/wp\/v2\/product"}],"about":[{"href":"https:\/\/www.infinitri.be\/es\/wp-json\/wp\/v2\/types\/product"}],"replies":[{"embeddable":true,"href":"https:\/\/www.infinitri.be\/es\/wp-json\/wp\/v2\/comments?post=28648"}],"wp:featuredmedia":[{"embeddable":true,"href":"https:\/\/www.infinitri.be\/es\/wp-json\/wp\/v2\/media\/28068"}],"wp:attachment":[{"href":"https:\/\/www.infinitri.be\/es\/wp-json\/wp\/v2\/media?parent=28648"}],"wp:term":[{"taxonomy":"product_brand","embeddable":true,"href":"https:\/\/www.infinitri.be\/es\/wp-json\/wp\/v2\/product_brand?post=28648"},{"taxonomy":"product_cat","embeddable":true,"href":"https:\/\/www.infinitri.be\/es\/wp-json\/wp\/v2\/product_cat?post=28648"},{"taxonomy":"product_tag","embeddable":true,"href":"https:\/\/www.infinitri.be\/es\/wp-json\/wp\/v2\/product_tag?post=28648"}],"curies":[{"name":"wp","href":"https:\/\/api.w.org\/{rel}","templated":true}]}}