{"id":28771,"date":"2025-12-25T16:45:53","date_gmt":"2025-12-25T16:45:53","guid":{"rendered":"https:\/\/www.infinitri.be\/?post_type=product&#038;p=28771"},"modified":"2026-04-05T12:59:15","modified_gmt":"2026-04-05T11:59:15","slug":"arena-powerskin-carbon-core-fx-jammer","status":"publish","type":"product","link":"https:\/\/www.infinitri.be\/es\/producto\/arena-powerskin-carbon-core-fx-jammer\/","title":{"rendered":"Arena - Powerskin Carbon Core FX Jammer"},"content":{"rendered":"<p><!--themify_builder_static-->\u00a0<\/p>\n<h1 style=\"text-align: center\" data-content-type=\"text\" data-appearance=\"default\" data-element=\"main\" data-pb-style=\"WTSTT5E\">POWERSKIN CARBON CORE FX<\/h1>\n<h3 style=\"text-align: center\" data-content-type=\"text\" data-appearance=\"default\" data-element=\"main\" data-pb-style=\"WTSTT5E\">EL TRAJE DE ARENA M\u00c1S COMPRESIVO<\/h3>\n<p><img fetchpriority=\"high\" decoding=\"async\" src=\"https:\/\/infinitri.be\/wp-content\/uploads\/2023\/02\/arena-powerskin-carbon-core-fx-carbon-cage-compression-800x730-1-580x600.webp\" width=\"580\" height=\"600\" title=\"arena-powerskin-n\u00facleo-de-carbono-fx-jaula-de-carbono-compresi\u00f3n-800x730\" alt=\"arena-powerskin-carbon-core-fx-carbon-cage-compression-800x730\" \/><\/p>\n<p><b>M\u00c1XIMA COMPRESI\u00d3N<\/b><\/p>\n<p>Tecnolog\u00eda de compresi\u00f3n CARBON CAGE<\/p>\n<p>Una rejilla horizontal y vertical que rodea grupos musculares espec\u00edficos para una compresi\u00f3n muscular muy fuerte y duradera en toda la superficie, con una sensaci\u00f3n de bloqueo.<\/p>\n<p style=\"text-align: left\"><b>ESTRUCTURA DE DOBLE BANDA<\/b><\/p>\n<p>En la parte posterior de las piernas para un efecto de elevaci\u00f3n que ayuda a mantener una posici\u00f3n elevada del cuerpo incluso cuando se est\u00e1 cansado. Para una altura m\u00e1xima de las caderas en el agua.<\/p>\n<p>\u00a0<\/p>\n<p><img decoding=\"async\" src=\"https:\/\/infinitri.be\/wp-content\/uploads\/2023\/02\/arena-powerskin-carbon-core-fx-twin-tape-structure-800x730-1-600x628.webp\" width=\"600\" height=\"628\" title=\"arena-powerskin-carbono-core-fx-twin-tape-structure-800x730\" alt=\"arena-powerskin-carbon-core-fx-twin-tape-structure-800x730\" \/><br \/>\n<img decoding=\"async\" src=\"https:\/\/infinitri.be\/wp-content\/uploads\/2023\/02\/arena-powerskin-carbon-core-fx-internal-taping-system-800x730-1-580x600.webp\" width=\"580\" height=\"600\" title=\"arena-powerskin-n\u00facleo-de-carbono-fx-sistema-de-conexi\u00f3n-interna-800x730\" alt=\"arena-powerskin-carbon-core-fx-internal-taping-system-800x730\" \/><\/p>\n<h3><b style=\"font-size: 20px\">ESTABILIZACI\u00d3N<\/b><\/h3>\n<p>El sistema de encintado interno proporciona una potente sujeci\u00f3n y estabilizaci\u00f3n del tronco.<\/p>\n<p style=\"text-align: left\"><b>SENSACI\u00d3N DE BLOQUEO<\/b><\/p>\n<p> Gran cobertura del forro interior \u00a0 <\/p>\n<p style=\"text-align: left\">Para mejorar la estabilidad del tronco y la posici\u00f3n del cuerpo para reducir la resistencia aerodin\u00e1mica. Con un perfil de presi\u00f3n m\u00e1ximo y uniformemente distribuido y una sensaci\u00f3n de bloqueo en las piernas y el torso (solo traje de mujer).\u00a0<\/p>\n<p><img loading=\"lazy\" decoding=\"async\" src=\"https:\/\/infinitri.be\/wp-content\/uploads\/2023\/02\/arena-powerskin-carbon-core-fx-large-internal-coverage-800x730-1-600x628.webp\" width=\"600\" height=\"628\" title=\"arena-powerskin-n\u00facleo-de-carbono-fx-cobertura-interna-grande-800x730\" alt=\"arena-powerskin-carbon-core-fx-large-internal-coverage-800x730\" \/><br \/>\n<img loading=\"lazy\" decoding=\"async\" src=\"https:\/\/infinitri.be\/wp-content\/uploads\/2023\/02\/powerskin-carbon-corefx-new-panel-structure-2022-800x730_all-580x600.webp\" width=\"580\" height=\"600\" title=\"powerskin-carbon-corefx-new-panel-structure-2022-800x730_all\" alt=\"powerskin-carbon-corefx-new-panel-structure-2022-800x730_all\" \/><\/p>\n<h3><b>FLEXIBILIDAD DE LA PARTE SUPERIOR DEL CUERPO<br \/><\/b><\/h3>\n<p>Abertura frontal en el pecho en el forro<\/p>\n<p>Para una mayor flexibilidad de la parte superior del cuerpo, sin comprometer la compresi\u00f3n y la sujeci\u00f3n generales (s\u00f3lo traje de mujer).<\/p>\n<p><!--\/themify_builder_static--><\/p>","protected":false},"excerpt":{"rendered":"<p>La forma en que te sientes en el agua tiene un gran impacto en tu forma de correr. Nuestro Powerskin Carbon Core FX Jammers est\u00e1 dise\u00f1ado para que te sientas lo m\u00e1s fuerte posible. Este traje de neopreno t\u00e9cnico para hombre comprime intensamente, oxigenando los grupos musculares espec\u00edficos que entran en juego al nadar. Est\u00e1 cortado en tejido Carbon Cage con bandas horizontales y verticales que se ci\u00f1en al cuerpo. Las l\u00edneas paralelas de bandas dobles en la parte posterior de las piernas ayudan a mantener una posici\u00f3n horizontal y elevada en el agua, incluso cuando est\u00e1s cansado. Siente un potente apoyo y estabilidad central en el interior gracias al sistema de bandas internas. Bloqueado, elevado y listo para salir.<\/p>","protected":false},"featured_media":28249,"comment_status":"open","ping_status":"closed","template":"","meta":[],"product_brand":[326],"product_cat":[60,126,41],"product_tag":[],"class_list":{"0":"post-28771","1":"product","2":"type-product","3":"status-publish","4":"has-post-thumbnail","6":"product_brand-arena","7":"product_cat-fina","8":"product_cat-maillot-competition","9":"product_cat-natation","10":"zank_product_brands-arena","11":"nt-post-class","12":"","18":"first","19":"instock","20":"sale","21":"taxable","22":"shipping-taxable","23":"purchasable","24":"product-type-variable"},"_links":{"self":[{"href":"https:\/\/www.infinitri.be\/es\/wp-json\/wp\/v2\/product\/28771","targetHints":{"allow":["GET"]}}],"collection":[{"href":"https:\/\/www.infinitri.be\/es\/wp-json\/wp\/v2\/product"}],"about":[{"href":"https:\/\/www.infinitri.be\/es\/wp-json\/wp\/v2\/types\/product"}],"replies":[{"embeddable":true,"href":"https:\/\/www.infinitri.be\/es\/wp-json\/wp\/v2\/comments?post=28771"}],"wp:featuredmedia":[{"embeddable":true,"href":"https:\/\/www.infinitri.be\/es\/wp-json\/wp\/v2\/media\/28249"}],"wp:attachment":[{"href":"https:\/\/www.infinitri.be\/es\/wp-json\/wp\/v2\/media?parent=28771"}],"wp:term":[{"taxonomy":"product_brand","embeddable":true,"href":"https:\/\/www.infinitri.be\/es\/wp-json\/wp\/v2\/product_brand?post=28771"},{"taxonomy":"product_cat","embeddable":true,"href":"https:\/\/www.infinitri.be\/es\/wp-json\/wp\/v2\/product_cat?post=28771"},{"taxonomy":"product_tag","embeddable":true,"href":"https:\/\/www.infinitri.be\/es\/wp-json\/wp\/v2\/product_tag?post=28771"}],"curies":[{"name":"wp","href":"https:\/\/api.w.org\/{rel}","templated":true}]}}