{"id":28898,"date":"2025-12-25T17:59:09","date_gmt":"2025-12-25T16:59:09","guid":{"rendered":"https:\/\/www.infinitri.be\/?post_type=product&#038;p=28898"},"modified":"2026-04-23T20:36:20","modified_gmt":"2026-04-23T19:36:20","slug":"arena-powerskin-st-next-fille","status":"publish","type":"product","link":"https:\/\/www.infinitri.be\/es\/producto\/arena-powerskin-st-next-fille\/","title":{"rendered":"Arena \u2013 Powerskin ST Next -Ni\u00f1a"},"content":{"rendered":"<p>Cette \u00e9dition limit\u00e9e exclusive de la couleur Sea Blue c\u00e9l\u00e8bre et encourage la durabilit\u00e9 avec une impression unique inspir\u00e9e par la mer, pour la mer. Plongez dans la prochaine g\u00e9n\u00e9ration et contribuez \u00e0 la r\u00e9duction des d\u00e9chets \u00e0 chaque mouvement.<\/p>\n<p>Caract\u00e9ristiques :<\/p>\n<ul>\n<li>Bretelles renforc\u00e9es pour un meilleur confort et une plus grande durabilit\u00e9.<\/li>\n<li>Compression plus durable et meilleur soutien du tronc et des jambes<\/li>\n<li>Tissu tricot\u00e9 en cha\u00eene extra-flexible pour des performances de haut niveau<\/li>\n<li>Absorption d&#8217;eau plus faible pour une combinaison 20 % plus l\u00e9g\u00e8re<\/li>\n<li>Construction ergonomique avec coutures basses pour un ajustement parfait<\/li>\n<li>Plus de 60 % du tissu est compos\u00e9 de fils recycl\u00e9s.<\/li>\n<li>Composition : 71% Polyamide, 29% Elasthanne.<\/li>\n<li>Approuv\u00e9 par la FINA<\/li>\n<\/ul>\n<p><!--themify_builder_static--><iframe title=\"The first ever FINA-approved race suit made with recycled fabric: arena Powerskin ST NEXT\" width=\"960\" height=\"540\" src=\"https:\/\/www.youtube.com\/embed\/4FmvfvPoPFo?feature=oembed\" frameborder=\"0\" allow=\"accelerometer; autoplay; clipboard-write; encrypted-media; gyroscope; picture-in-picture; web-share\" referrerpolicy=\"strict-origin-when-cross-origin\" allowfullscreen><\/iframe><!--\/themify_builder_static--><\/p>","protected":false},"excerpt":{"rendered":"<p>Arena est fi\u00e8re de pr\u00e9senter la POWERSKIN ST NEXT, la toute premi\u00e8re combinaison de course durable. Tout ce que vous avez aim\u00e9 de la ST 2.0 est maintenant plus l\u00e9ger, plus rapide et plus \u00e9cologique.<\/p>\n<p>En plus des avantages li\u00e9s \u00e0 la durabilit\u00e9, la POWERSKIN ST Next Jammer Junior pr\u00e9sente \u00e9galement des am\u00e9liorations impressionnantes en termes de performances. Pour commencer, elle est 20 % plus l\u00e9g\u00e8re que la ST 2.0 gr\u00e2ce \u00e0 une absorption d&#8217;eau plus faible. La combinaison poss\u00e8de \u00e9galement une meilleure m\u00e9moire du tissu, ce qui garantit une compression et des performances plus durables dans le temps.<\/p>\n<p>&nbsp;<\/p>","protected":false},"featured_media":28928,"comment_status":"open","ping_status":"closed","template":"","meta":[],"product_brand":[326],"product_cat":[60,126,41],"product_tag":[],"class_list":{"0":"post-28898","1":"product","2":"type-product","3":"status-publish","4":"has-post-thumbnail","6":"product_brand-arena","7":"product_cat-fina","8":"product_cat-maillot-competition","9":"product_cat-natation","10":"zank_product_brands-arena","11":"nt-post-class","12":"","18":"first","19":"instock","20":"sale","21":"taxable","22":"shipping-taxable","23":"purchasable","24":"product-type-variable"},"_links":{"self":[{"href":"https:\/\/www.infinitri.be\/es\/wp-json\/wp\/v2\/product\/28898","targetHints":{"allow":["GET"]}}],"collection":[{"href":"https:\/\/www.infinitri.be\/es\/wp-json\/wp\/v2\/product"}],"about":[{"href":"https:\/\/www.infinitri.be\/es\/wp-json\/wp\/v2\/types\/product"}],"replies":[{"embeddable":true,"href":"https:\/\/www.infinitri.be\/es\/wp-json\/wp\/v2\/comments?post=28898"}],"wp:featuredmedia":[{"embeddable":true,"href":"https:\/\/www.infinitri.be\/es\/wp-json\/wp\/v2\/media\/28928"}],"wp:attachment":[{"href":"https:\/\/www.infinitri.be\/es\/wp-json\/wp\/v2\/media?parent=28898"}],"wp:term":[{"taxonomy":"product_brand","embeddable":true,"href":"https:\/\/www.infinitri.be\/es\/wp-json\/wp\/v2\/product_brand?post=28898"},{"taxonomy":"product_cat","embeddable":true,"href":"https:\/\/www.infinitri.be\/es\/wp-json\/wp\/v2\/product_cat?post=28898"},{"taxonomy":"product_tag","embeddable":true,"href":"https:\/\/www.infinitri.be\/es\/wp-json\/wp\/v2\/product_tag?post=28898"}],"curies":[{"name":"wp","href":"https:\/\/api.w.org\/{rel}","templated":true}]}}