{"id":28952,"date":"2025-12-25T17:01:15","date_gmt":"2025-12-25T17:01:15","guid":{"rendered":"https:\/\/www.infinitri.be\/?post_type=product&#038;p=28952"},"modified":"2026-04-04T17:35:31","modified_gmt":"2026-04-04T16:35:31","slug":"huub-valise-de-voyage","status":"publish","type":"product","link":"https:\/\/www.infinitri.be\/es\/producto\/huub-valise-de-voyage\/","title":{"rendered":"Huub \u2013 Maleta de viaje"},"content":{"rendered":"<p><strong>Caracter\u00edsticas<\/strong><\/p>\n<ul>\n<li>Capacit\u00e9 de 95 litres<\/li>\n<li>Roues r\u00e9sistantes et silencieuses<\/li>\n<li>Poign\u00e9e r\u00e9tractable<\/li>\n<li>Poches sup\u00e9rieures faciles d&#8217;acc\u00e8s<\/li>\n<li>Poches internes, s\u00e9parateur amovible et sangles pour s\u00e9curiser votre bagage.<\/li>\n<li>Les dimensions du sac sont d&#8217;environ 85 cm de haut, 42 cm de large et 35 cm de profondeur.<\/li>\n<\/ul>","protected":false},"excerpt":{"rendered":"<p>Le sac de voyage \u00e0 roulettes HUUB est le compagnon de voyage id\u00e9al pour tout triathl\u00e8te. Cet \u00e9norme sac d&#8217;une capacit\u00e9 de 95 litres pourra contenir tous vos bagages de course ou de vacances tout en gardant tout organis\u00e9.<\/p>","protected":false},"featured_media":29012,"comment_status":"open","ping_status":"closed","template":"","meta":[],"product_brand":[286],"product_cat":[40,140,137,37,58,59],"product_tag":[],"class_list":{"0":"post-28952","1":"product","2":"type-product","3":"status-publish","4":"has-post-thumbnail","6":"product_brand-huub","7":"product_cat-accessoires","8":"product_cat-accessoires-cyclisme","9":"product_cat-accessoires-eau-libre","10":"product_cat-cyclisme","11":"product_cat-sacs","12":"product_cat-triathlon","13":"zank_product_brands-huub","14":"nt-post-class","15":"","21":"first","22":"instock","23":"taxable","24":"shipping-taxable","25":"purchasable","26":"product-type-simple"},"_links":{"self":[{"href":"https:\/\/www.infinitri.be\/es\/wp-json\/wp\/v2\/product\/28952","targetHints":{"allow":["GET"]}}],"collection":[{"href":"https:\/\/www.infinitri.be\/es\/wp-json\/wp\/v2\/product"}],"about":[{"href":"https:\/\/www.infinitri.be\/es\/wp-json\/wp\/v2\/types\/product"}],"replies":[{"embeddable":true,"href":"https:\/\/www.infinitri.be\/es\/wp-json\/wp\/v2\/comments?post=28952"}],"wp:featuredmedia":[{"embeddable":true,"href":"https:\/\/www.infinitri.be\/es\/wp-json\/wp\/v2\/media\/29012"}],"wp:attachment":[{"href":"https:\/\/www.infinitri.be\/es\/wp-json\/wp\/v2\/media?parent=28952"}],"wp:term":[{"taxonomy":"product_brand","embeddable":true,"href":"https:\/\/www.infinitri.be\/es\/wp-json\/wp\/v2\/product_brand?post=28952"},{"taxonomy":"product_cat","embeddable":true,"href":"https:\/\/www.infinitri.be\/es\/wp-json\/wp\/v2\/product_cat?post=28952"},{"taxonomy":"product_tag","embeddable":true,"href":"https:\/\/www.infinitri.be\/es\/wp-json\/wp\/v2\/product_tag?post=28952"}],"curies":[{"name":"wp","href":"https:\/\/api.w.org\/{rel}","templated":true}]}}