{"id":28955,"date":"2025-12-25T17:01:15","date_gmt":"2025-12-25T17:01:15","guid":{"rendered":"https:\/\/www.infinitri.be\/?post_type=product&#038;p=28955"},"modified":"2026-04-04T17:35:23","modified_gmt":"2026-04-04T16:35:23","slug":"huub-alpha-atom-junior","status":"publish","type":"product","link":"https:\/\/www.infinitri.be\/es\/producto\/huub-alpha-atom-junior\/","title":{"rendered":"HUUB \u2013 Alpha Atom \u2013 Junior"},"content":{"rendered":"<p>Combinaison de flottabilit\u00e9 3:3 &#8211; pour une meilleure position du corps et une r\u00e9duction de la tra\u00een\u00e9e.<br \/>\nCombinaison d&#8217;\u00e9paisseur de n\u00e9opr\u00e8ne scientifiquement \u00e9tudi\u00e9e.<br \/>\n1,5 mm d&#8217;\u00e9paisseur sous les bras &#8211; pour une flexibilit\u00e9 maximale.<br \/>\nN\u00e9opr\u00e8ne glissant &#8211; pour r\u00e9duire la tra\u00een\u00e9e en surface.<br \/>\nEmplacements sp\u00e9cifiques des panneaux &#8211; pour la flexibilit\u00e9 et l&#8217;efficacit\u00e9.<br \/>\nCoupe rapide \u00e0 la cheville et poignets en peau lisse &#8211; pour faciliter la sortie.<br \/>\nConstruction Flatlock.<br \/>\nChez HUUB, nous sommes fiers de construire des combinaisons de plong\u00e9e \u00e0 partir de nos connaissances, de notre exp\u00e9rience et, surtout, de nos tests scientifiques. Bien s\u00fbr, l&#8217;opinion des fr\u00e8res Brownlee et d&#8217;Helen Jenkins ainsi que des nageurs les plus rapides du triathlon (qui ont tous choisi HUUB) est importante, mais nous accordons une grande importance aux tests scientifiques qui permettent \u00e0 HUUB de se d\u00e9marquer en tant que soci\u00e9t\u00e9 capable de fournir la combinaison la plus rapide pour vous.<\/p>\n<p>L&#8217;\u00e9poque o\u00f9 l&#8217;on ajoutait les panneaux de n\u00e9opr\u00e8ne les plus \u00e9pais \u00e0 la poitrine et aux jambes est r\u00e9volue depuis longtemps car nous savons qu&#8217;en ajoutant plus de flottabilit\u00e9 aux jambes et moins \u00e0 la poitrine, nous pouvons r\u00e9duire la tra\u00een\u00e9e frontale de la combinaison et vous mettre dans une meilleure position de nage.<\/p>","protected":false},"excerpt":{"rendered":"<p>La combinaison de natation en eau libre HUUB Alpha-Atom a \u00e9t\u00e9 con\u00e7ue pour offrir une flexibilit\u00e9 fantastique tout en ayant la flottabilit\u00e9 n\u00e9cessaire pour offrir la position de natation la plus confortable.<\/p>\n<p>&nbsp;<\/p>","protected":false},"featured_media":29027,"comment_status":"open","ping_status":"closed","template":"","meta":[],"product_brand":[286],"product_cat":[130,59],"product_tag":[],"class_list":{"0":"post-28955","1":"product","2":"type-product","3":"status-publish","4":"has-post-thumbnail","6":"product_brand-huub","7":"product_cat-combinaison-neoprene","8":"product_cat-triathlon","9":"zank_product_brands-huub","10":"nt-post-class","11":"","17":"first","18":"instock","19":"taxable","20":"shipping-taxable","21":"purchasable","22":"product-type-variable"},"_links":{"self":[{"href":"https:\/\/www.infinitri.be\/es\/wp-json\/wp\/v2\/product\/28955","targetHints":{"allow":["GET"]}}],"collection":[{"href":"https:\/\/www.infinitri.be\/es\/wp-json\/wp\/v2\/product"}],"about":[{"href":"https:\/\/www.infinitri.be\/es\/wp-json\/wp\/v2\/types\/product"}],"replies":[{"embeddable":true,"href":"https:\/\/www.infinitri.be\/es\/wp-json\/wp\/v2\/comments?post=28955"}],"wp:featuredmedia":[{"embeddable":true,"href":"https:\/\/www.infinitri.be\/es\/wp-json\/wp\/v2\/media\/29027"}],"wp:attachment":[{"href":"https:\/\/www.infinitri.be\/es\/wp-json\/wp\/v2\/media?parent=28955"}],"wp:term":[{"taxonomy":"product_brand","embeddable":true,"href":"https:\/\/www.infinitri.be\/es\/wp-json\/wp\/v2\/product_brand?post=28955"},{"taxonomy":"product_cat","embeddable":true,"href":"https:\/\/www.infinitri.be\/es\/wp-json\/wp\/v2\/product_cat?post=28955"},{"taxonomy":"product_tag","embeddable":true,"href":"https:\/\/www.infinitri.be\/es\/wp-json\/wp\/v2\/product_tag?post=28955"}],"curies":[{"name":"wp","href":"https:\/\/api.w.org\/{rel}","templated":true}]}}