{"id":29072,"date":"2025-12-25T17:05:02","date_gmt":"2025-12-25T17:05:02","guid":{"rendered":"https:\/\/www.infinitri.be\/?post_type=product&#038;p=29072"},"modified":"2026-04-04T17:32:48","modified_gmt":"2026-04-04T16:32:48","slug":"compressport-trucker-cap","status":"publish","type":"product","link":"https:\/\/www.infinitri.be\/es\/producto\/compressport-trucker-cap\/","title":{"rendered":"Compressport - gorra trucker"},"content":{"rendered":"<p><!--themify_builder_static--><\/p>\n<h1 style=\"text-align: center\">Descripci\u00f3n \u2699<\/h1>\n<p style=\"text-align: left\">Les casquettes sont comme les chaussures et les chemises : il en faut (au moins) une pour chaque situation. Notre casquette Compressport Trucker \u00e0 la mode vous permet de garder la t\u00eate couverte avec style avant et apr\u00e8s vos s\u00e9ances et vos courses. La visi\u00e8re incurv\u00e9e prot\u00e8ge du soleil et garde les cheveux rebelles hors de vos yeux, tandis que l&#8217;arri\u00e8re en maille de camion classique permet \u00e0 votre t\u00eate de rester fra\u00eeche lorsque les temp\u00e9ratures montent. La coupe est facilement ajustable gr\u00e2ce \u00e0 une fermeture \u00e0 pression. Notre logo de course est brod\u00e9 sur le devant pour un look \u00e0 la fois classe et dynamique lors du briefing de la course, de l&#8217;after-party ou simplement \u00e0 la plage.<\/p>\n<p><img fetchpriority=\"high\" decoding=\"async\" src=\"https:\/\/infinitri.be\/wp-content\/uploads\/2023\/02\/trucker-cap-red-white-545x545.jpg\" width=\"545\" height=\"545\" title=\"trucker-cap-red-white\" alt=\"trucker-cap-red-white\" \/><\/p>\n<h1>Especificaciones t\u00e9cnicas<\/h1>\n<p style=\"text-align: left\">Protection optimale contre le soleil gr\u00e2ce \u00e0 une large visi\u00e8re incurv\u00e9e et un couvre-chef int\u00e9gral.<br \/>Un design \u00e9l\u00e9gant et dynamique pour que vous et votre camionneur vous d\u00e9marquiez de la foule.<br \/>Facilement ajustable gr\u00e2ce \u00e0 une fermeture classique \u00e0 boutons-pression.Saison : \u00e9t\u00e9<\/p>\n<p>    <em style=\"color:#000000\"><\/em> <\/p>\n<p style=\"text-align: left\">LIGEREZA \u2605\u2605\u2605<\/p>\n<p>    <em style=\"color:#000000\"><\/em> <\/p>\n<p>TERMORREGULACI\u00d3N \u2605\u2605\u2605<\/p>\n<h1 style=\"text-align: center\">Material \ud83d\udc56<\/h1>\n<p style=\"text-align: left\">Fabric 1 : 100% Cotton &#8211; Fabric 2 : 100% Polyester<\/p>\n<p><img decoding=\"async\" src=\"https:\/\/www.compressport.com\/inter\/img\/prods_entretien.png\" \/><\/p>\n<p><img decoding=\"async\" src=\"https:\/\/infinitri.be\/wp-content\/uploads\/2023\/02\/trucker-cap-dark-blue-545x545.jpg\" width=\"545\" height=\"545\" title=\"trucker-cap-dark-blue\" alt=\"trucker-cap-dark-blue\" \/><!--\/themify_builder_static--><\/p>","protected":false},"excerpt":{"rendered":"<p>Casquette \u00e9l\u00e9gante avec visi\u00e8re incurv\u00e9e pour un look d\u00e9contract\u00e9 avant et apr\u00e8s l&#8217;entra\u00eenement.<\/p>","protected":false},"featured_media":29111,"comment_status":"open","ping_status":"closed","template":"","meta":[],"product_brand":[329],"product_cat":[40,156],"product_tag":[],"class_list":{"0":"post-29072","1":"product","2":"type-product","3":"status-publish","4":"has-post-thumbnail","6":"product_brand-compressport","7":"product_cat-accessoires","8":"product_cat-casquettes-visieres-headband","9":"zank_product_brands-compressport","10":"nt-post-class","11":"","17":"first","18":"outofstock","19":"taxable","20":"shipping-taxable","21":"purchasable","22":"product-type-variable"},"_links":{"self":[{"href":"https:\/\/www.infinitri.be\/es\/wp-json\/wp\/v2\/product\/29072","targetHints":{"allow":["GET"]}}],"collection":[{"href":"https:\/\/www.infinitri.be\/es\/wp-json\/wp\/v2\/product"}],"about":[{"href":"https:\/\/www.infinitri.be\/es\/wp-json\/wp\/v2\/types\/product"}],"replies":[{"embeddable":true,"href":"https:\/\/www.infinitri.be\/es\/wp-json\/wp\/v2\/comments?post=29072"}],"wp:featuredmedia":[{"embeddable":true,"href":"https:\/\/www.infinitri.be\/es\/wp-json\/wp\/v2\/media\/29111"}],"wp:attachment":[{"href":"https:\/\/www.infinitri.be\/es\/wp-json\/wp\/v2\/media?parent=29072"}],"wp:term":[{"taxonomy":"product_brand","embeddable":true,"href":"https:\/\/www.infinitri.be\/es\/wp-json\/wp\/v2\/product_brand?post=29072"},{"taxonomy":"product_cat","embeddable":true,"href":"https:\/\/www.infinitri.be\/es\/wp-json\/wp\/v2\/product_cat?post=29072"},{"taxonomy":"product_tag","embeddable":true,"href":"https:\/\/www.infinitri.be\/es\/wp-json\/wp\/v2\/product_tag?post=29072"}],"curies":[{"name":"wp","href":"https:\/\/api.w.org\/{rel}","templated":true}]}}