{"id":29188,"date":"2025-12-25T17:11:29","date_gmt":"2025-12-25T17:11:29","guid":{"rendered":"https:\/\/www.infinitri.be\/?post_type=product&#038;p=29188"},"modified":"2026-04-04T17:32:40","modified_gmt":"2026-04-04T16:32:40","slug":"compressport-r2-aero","status":"publish","type":"product","link":"https:\/\/www.infinitri.be\/es\/producto\/compressport-r2-aero\/","title":{"rendered":"Compressport \u2013 R2 Aero"},"content":{"rendered":"<p><!--themify_builder_static--><\/p>\n<h1 style=\"text-align: center\">Descripci\u00f3n \u2699<\/h1>\n<p>Ce n\u2019est pas un secret, notre manchon de compression R2v2 a r\u00e9volutionn\u00e9 les v\u00eatements de sport, en s\u2019imposant comme la nouvelle norme et en se hissant sur de tr\u00e8s nombreux podiums. Notre manchon R2 Aero va encore plus loin. D\u00e9velopp\u00e9 dans une soufflerie utilis\u00e9e par les \u00e9quipes de Formule 1, c\u2019est notre manchon de compression le plus a\u00e9rodynamique \u00e0 ce jour, con\u00e7u pour les \u00e9preuves de v\u00e9lo \u00e0 grande vitesse. La combinaison de nos bandes Aero.Stripes et Aero.Dots uniques cr\u00e9e des microturbulences \u00e0 l\u2019avant du mollet et r\u00e9duit la r\u00e9sistance, tandis que les bandes de ventilation \u00e0 l\u2019arri\u00e8re vous gardent au frais m\u00eame quand la chaleur est au rendez-vous. Et puisqu\u2019il s\u2019agit d\u2019un manchon R2, nous avons veill\u00e9 \u00e0 ce qu\u2019il vous apporte un confort et un soutien oPortugalimum.\u00a0\u00a0<br \/>\n<img fetchpriority=\"high\" decoding=\"async\" src=\"https:\/\/infinitri.be\/wp-content\/uploads\/2023\/02\/r2-aero-black-545x545.jpg\" width=\"545\" height=\"545\" title=\"r2-aero-black\" alt=\"r2-aero-black\" \/><\/p>\n<h1>Especificaciones t\u00e9cnicas<\/h1>\n<p>Des performances a\u00e9rodynamiques \u00e9prouv\u00e9es avec des bandes a\u00e9ro et la technologie aero.dots pour r\u00e9duire la r\u00e9sistance et augmenter la vitesseTissu ultral\u00e9ger autour du mollet pour une ventilation et un confort performants lors des courses chaudesSoutien musculaire de haut niveau pour les mollets, r\u00e9duisant le risque de blessures et de crampes gr\u00e2ce \u00e0 une compression cibl\u00e9e \u00e0 360 degr\u00e9s<br \/>\n    <em style=\"color:#000000\"><\/em><\/p>\n<p style=\"text-align: left\">AMORTIGUACI\u00d3N \u2605<\/p>\n<p>    <em style=\"color:#000000\"><\/em>COMPRESSION \u2605<\/p>\n<p>    <em style=\"color:#000000\"><\/em><\/p>\n<p style=\"text-align: left\">LEGERETE \u2605\u2605\u2605<\/p>\n<p>    <em style=\"color:#000000\"><\/em>THERMOREGULATION \u2605\u2605\u2605<\/p>\n<h1 style=\"text-align: center\">Material \ud83d\udc56<\/h1>\n<p>36% multifilament Polyamide 35% Elastane 29% Polyamide<img decoding=\"async\" src=\"https:\/\/www.compressport.com\/inter\/img\/prods_entretien.png\" \/><\/p>\n<p><img decoding=\"async\" src=\"https:\/\/infinitri.be\/wp-content\/uploads\/2023\/02\/pro-racing-socks-v4-ultralight-run-high-white-alloy-545x545.jpg\" width=\"545\" height=\"545\" title=\"pro-racing-socks-v4-ultralight-run-high-white-alloy\" alt=\"pro-racing-socks-v4-ultralight-run-high-white-alloy\" \/><br \/>\n<img decoding=\"async\" src=\"https:\/\/infinitri.be\/wp-content\/uploads\/2023\/02\/r2-aero-black-1-545x545.jpg\" width=\"545\" height=\"545\" title=\"r2-aero-black (1)\" alt=\"r2-aero-black (1)\" \/><\/p>\n<h1 style=\"text-align: center\">M\u00e1s info\ud83d\udca1<\/h1>\n<p style=\"text-align: left\">Mis \u00e0 l\u2019\u00e9preuve, le manchon R2 Aero a d\u00e9montr\u00e9 un gain de puissance av\u00e9r\u00e9 de sept \u00e0 huit watts par rapport au cyclisme sans manchon. Sur de longues distances comme les 180 km que vous passez \u00e0 faire tourner les p\u00e9dales pendant un Ironman\u00ae, ce ne sont pas seulement des secondes qui sont gagn\u00e9es, ce sont des minutes. Et quand chaque seconde compte, une minute c\u2019est beaucoup.<\/p>\n<p><!--\/themify_builder_static--><\/p>","protected":false},"excerpt":{"rendered":"<p>Notre manchon de compression embl\u00e9matique, le R2V2 , redessin\u00e9 pour une a\u00e9rodynamique in\u00e9gal\u00e9e. Rien ne vous ralentira.<\/p>","protected":false},"featured_media":29193,"comment_status":"open","ping_status":"closed","template":"","meta":[],"product_brand":[329],"product_cat":[40,155,16,59],"product_tag":[],"class_list":{"0":"post-29188","1":"product","2":"type-product","3":"status-publish","4":"has-post-thumbnail","6":"product_brand-compressport","7":"product_cat-accessoires","8":"product_cat-compression","9":"product_cat-course","10":"product_cat-triathlon","11":"zank_product_brands-compressport","12":"nt-post-class","13":"","19":"first","20":"instock","21":"taxable","22":"shipping-taxable","23":"purchasable","24":"product-type-variable"},"_links":{"self":[{"href":"https:\/\/www.infinitri.be\/es\/wp-json\/wp\/v2\/product\/29188","targetHints":{"allow":["GET"]}}],"collection":[{"href":"https:\/\/www.infinitri.be\/es\/wp-json\/wp\/v2\/product"}],"about":[{"href":"https:\/\/www.infinitri.be\/es\/wp-json\/wp\/v2\/types\/product"}],"replies":[{"embeddable":true,"href":"https:\/\/www.infinitri.be\/es\/wp-json\/wp\/v2\/comments?post=29188"}],"wp:featuredmedia":[{"embeddable":true,"href":"https:\/\/www.infinitri.be\/es\/wp-json\/wp\/v2\/media\/29193"}],"wp:attachment":[{"href":"https:\/\/www.infinitri.be\/es\/wp-json\/wp\/v2\/media?parent=29188"}],"wp:term":[{"taxonomy":"product_brand","embeddable":true,"href":"https:\/\/www.infinitri.be\/es\/wp-json\/wp\/v2\/product_brand?post=29188"},{"taxonomy":"product_cat","embeddable":true,"href":"https:\/\/www.infinitri.be\/es\/wp-json\/wp\/v2\/product_cat?post=29188"},{"taxonomy":"product_tag","embeddable":true,"href":"https:\/\/www.infinitri.be\/es\/wp-json\/wp\/v2\/product_tag?post=29188"}],"curies":[{"name":"wp","href":"https:\/\/api.w.org\/{rel}","templated":true}]}}