{"id":29448,"date":"2025-12-25T17:18:43","date_gmt":"2025-12-25T17:18:43","guid":{"rendered":"https:\/\/www.infinitri.be\/?post_type=product&#038;p=29448"},"modified":"2026-04-04T17:35:15","modified_gmt":"2026-04-04T16:35:15","slug":"huub-strada-short-sleeve-jersey","status":"publish","type":"product","link":"https:\/\/www.infinitri.be\/es\/producto\/huub-strada-short-sleeve-jersey\/","title":{"rendered":"Maillot de manga corta Huub STRADA"},"content":{"rendered":"<p><!--themify_builder_static--><\/p>\n<h1 style=\"text-align: center\">Descripci\u00f3n \u2699<\/h1>\n<p style=\"text-align: left\">Le tissu super doux, teint\u00e9 dans la masse, cr\u00e9e un maillot pour rouler toute la journ\u00e9e.<\/p>\n<p><img fetchpriority=\"high\" decoding=\"async\" src=\"https:\/\/infinitri.be\/wp-content\/uploads\/2023\/04\/STRADALSPACK02-18-840x1024-545x545.webp\" width=\"545\" height=\"545\" title=\"STRADALSPACK02-18\" alt=\"STRADALSPACK02-18\" \/><\/p>\n<h1>Especificaciones t\u00e9cnicas<\/h1>\n<p>&#8211; Fabriqu\u00e9 \u00e0 partir de tissus italiens doux au toucher de la plus haute qualit\u00e9.<br \/>\n&#8211; Design simple et discret<br \/>\n&#8211; Fermeture \u00e9clair cach\u00e9e<br \/>\n&#8211; Tirette de Fermeture \u00e9clair \u00e0 came<br \/>\n&#8211; Zip arri\u00e8re r\u00e9fl\u00e9chissant<br \/>\n&#8211; Poignet pli\u00e9 pour un meilleur confort<br \/>\n&#8211; Bandes de renforcement des poches coll\u00e9es.<br \/>\n&#8211; Coutures de couleur assortie.<br \/>\n&#8211; Poign\u00e9e en silicone \u00e0 la taille<\/p>\n<p>    <em style=\"color:#000000\"><\/em><\/p>\n<p style=\"text-align: left\">CONFORT<\/p>\n<p>    <em style=\"color:#000000\"><\/em>FERMETURE ECLAIR A CAME<\/p>\n<h1 style=\"text-align: center\">\u00bfCu\u00e1l es mi talla?<\/h1>\n<p><img decoding=\"async\" src=\"https:\/\/infinitri.be\/wp-content\/uploads\/2023\/02\/s3-cycling-jacket-size.png\" title=\"s3-chaqueta-de-ciclismo-talla\" alt=\"s3-cycling-jacket-size\" \/><br \/>\n<img decoding=\"async\" src=\"https:\/\/infinitri.be\/wp-content\/uploads\/2023\/04\/ambiance-huub-1024x725-545x545.png\" width=\"545\" height=\"545\" title=\"atm\u00f3sfera huub\" alt=\"ambiance huub\" \/><!--\/themify_builder_static--><\/p>","protected":false},"excerpt":{"rendered":"<p>Quand la performance rencontre la mode, ce maillot est simple mais \u00e9l\u00e9gant. Un maillot con\u00e7u pour le confort et le style avec des tissus europ\u00e9ens de premi\u00e8re qualit\u00e9.<\/p>","protected":false},"featured_media":29496,"comment_status":"open","ping_status":"closed","template":"","meta":[],"product_brand":[286],"product_cat":[37,194],"product_tag":[],"class_list":{"0":"post-29448","1":"product","2":"type-product","3":"status-publish","4":"has-post-thumbnail","6":"product_brand-huub","7":"product_cat-cyclisme","8":"product_cat-maillots-cyclisme","9":"zank_product_brands-huub","10":"nt-post-class","11":"","17":"first","18":"instock","19":"sale","20":"taxable","21":"shipping-taxable","22":"purchasable","23":"product-type-variable"},"_links":{"self":[{"href":"https:\/\/www.infinitri.be\/es\/wp-json\/wp\/v2\/product\/29448","targetHints":{"allow":["GET"]}}],"collection":[{"href":"https:\/\/www.infinitri.be\/es\/wp-json\/wp\/v2\/product"}],"about":[{"href":"https:\/\/www.infinitri.be\/es\/wp-json\/wp\/v2\/types\/product"}],"replies":[{"embeddable":true,"href":"https:\/\/www.infinitri.be\/es\/wp-json\/wp\/v2\/comments?post=29448"}],"wp:featuredmedia":[{"embeddable":true,"href":"https:\/\/www.infinitri.be\/es\/wp-json\/wp\/v2\/media\/29496"}],"wp:attachment":[{"href":"https:\/\/www.infinitri.be\/es\/wp-json\/wp\/v2\/media?parent=29448"}],"wp:term":[{"taxonomy":"product_brand","embeddable":true,"href":"https:\/\/www.infinitri.be\/es\/wp-json\/wp\/v2\/product_brand?post=29448"},{"taxonomy":"product_cat","embeddable":true,"href":"https:\/\/www.infinitri.be\/es\/wp-json\/wp\/v2\/product_cat?post=29448"},{"taxonomy":"product_tag","embeddable":true,"href":"https:\/\/www.infinitri.be\/es\/wp-json\/wp\/v2\/product_tag?post=29448"}],"curies":[{"name":"wp","href":"https:\/\/api.w.org\/{rel}","templated":true}]}}