{"id":29450,"date":"2025-12-25T17:18:43","date_gmt":"2025-12-25T17:18:43","guid":{"rendered":"https:\/\/www.infinitri.be\/?post_type=product&#038;p=29450"},"modified":"2026-04-04T17:35:07","modified_gmt":"2026-04-04T16:35:07","slug":"huub-eternal-maillot-manches-longues-thermique-homme","status":"publish","type":"product","link":"https:\/\/www.infinitri.be\/es\/producto\/huub-eternal-maillot-manches-longues-thermique-homme\/","title":{"rendered":"Maillot t\u00e9rmico de manga larga Huub ETERNAL - Hombre"},"content":{"rendered":"<p><!--themify_builder_static--><\/p>\n<h1 style=\"text-align: center\">Descripci\u00f3n \u2699<\/h1>\n<p style=\"text-align: left\">Incorpora tejidos de alta calidad que absorben la humedad y est\u00e1 dise\u00f1ado para satisfacer tus necesidades, tanto si vas en bici, como si te desplazas al trabajo o compites. Un b\u00e1sico para todos los ciclistas, este maillot lo ofrece todo, desde rendimiento hasta comodidad, pasando por todo lo dem\u00e1s.<\/p>\n<p><img fetchpriority=\"high\" decoding=\"async\" src=\"https:\/\/infinitri.be\/wp-content\/uploads\/2023\/04\/STRADALSPACK01-15-840x1024-545x545.webp\" width=\"545\" height=\"545\" title=\"STRADALSPACK01-15\" alt=\"STRADALSPACK01-15\" \/><\/p>\n<h1>Especificaciones t\u00e9cnicas<\/h1>\n<p>Los mejores tejidos t\u00e9rmicos, cepillados, italianos y transpirables.<br \/>\n- Dise\u00f1ado para permitir que el aire circule para el rendimiento.<br \/>\n- Cremallera completa HUUB Cam Lock.<br \/>\n- 3 bolsillos traseros reforzados + 1 bolsillo impermeable.<br \/>\n- Asa de silicona en la cintura.<\/p>\n<p>    <em style=\"color:#000000\"><\/em>PROTECCI\u00d3N CONTRA LA LLUVIA<\/p>\n<p>    <em style=\"color:#000000\"><\/em><\/p>\n<p style=\"text-align: left\">LIGEREZA<\/p>\n<p>    <em style=\"color:#000000\"><\/em>T\u00c9RMICO TRANSPIRABLE<\/p>\n<p>    <em style=\"color:#000000\"><\/em>BLOQUEO DE LEVA DESLIZANTE<\/p>\n<h1 style=\"text-align: center\">\u00bfCu\u00e1l es mi talla?<\/h1>\n<p><img decoding=\"async\" src=\"https:\/\/infinitri.be\/wp-content\/uploads\/2023\/04\/long-sleeve-size-huub.png\" title=\"manga larga talla huub\" alt=\"long sleeve size huub\" \/><br \/>\n<img decoding=\"async\" src=\"https:\/\/infinitri.be\/wp-content\/uploads\/2023\/04\/ambiance-huub-1024x725-545x545.png\" width=\"545\" height=\"545\" title=\"atm\u00f3sfera huub\" alt=\"ambiance huub\" \/><!--\/themify_builder_static--><\/p>","protected":false},"excerpt":{"rendered":"<p>El maillot t\u00e9rmico de manga larga Eternal ser\u00e1 uno de tus favoritos.<\/p>","protected":false},"featured_media":29509,"comment_status":"open","ping_status":"closed","template":"","meta":[],"product_brand":[286],"product_cat":[37,141,38],"product_tag":[],"class_list":{"0":"post-29450","1":"product","2":"type-product","3":"status-publish","4":"has-post-thumbnail","6":"product_brand-huub","7":"product_cat-cyclisme","8":"product_cat-outlet","9":"product_cat-vestes-et-coupe-vent","10":"zank_product_brands-huub","11":"nt-post-class","12":"","18":"first","19":"instock","20":"sale","21":"taxable","22":"shipping-taxable","23":"purchasable","24":"product-type-variable"},"_links":{"self":[{"href":"https:\/\/www.infinitri.be\/es\/wp-json\/wp\/v2\/product\/29450","targetHints":{"allow":["GET"]}}],"collection":[{"href":"https:\/\/www.infinitri.be\/es\/wp-json\/wp\/v2\/product"}],"about":[{"href":"https:\/\/www.infinitri.be\/es\/wp-json\/wp\/v2\/types\/product"}],"replies":[{"embeddable":true,"href":"https:\/\/www.infinitri.be\/es\/wp-json\/wp\/v2\/comments?post=29450"}],"wp:featuredmedia":[{"embeddable":true,"href":"https:\/\/www.infinitri.be\/es\/wp-json\/wp\/v2\/media\/29509"}],"wp:attachment":[{"href":"https:\/\/www.infinitri.be\/es\/wp-json\/wp\/v2\/media?parent=29450"}],"wp:term":[{"taxonomy":"product_brand","embeddable":true,"href":"https:\/\/www.infinitri.be\/es\/wp-json\/wp\/v2\/product_brand?post=29450"},{"taxonomy":"product_cat","embeddable":true,"href":"https:\/\/www.infinitri.be\/es\/wp-json\/wp\/v2\/product_cat?post=29450"},{"taxonomy":"product_tag","embeddable":true,"href":"https:\/\/www.infinitri.be\/es\/wp-json\/wp\/v2\/product_tag?post=29450"}],"curies":[{"name":"wp","href":"https:\/\/api.w.org\/{rel}","templated":true}]}}