{"id":29452,"date":"2025-12-25T17:18:43","date_gmt":"2025-12-25T17:18:43","guid":{"rendered":"https:\/\/www.infinitri.be\/?post_type=product&#038;p=29452"},"modified":"2026-04-04T17:35:07","modified_gmt":"2026-04-04T16:35:07","slug":"huub-eternal-cuissard-long-hiver-homme","status":"publish","type":"product","link":"https:\/\/www.infinitri.be\/es\/producto\/huub-eternal-cuissard-long-hiver-homme\/","title":{"rendered":"Huub ETERNAL Culotte largo de invierno \u2013 Hombre"},"content":{"rendered":"<p><!--themify_builder_static--><\/p>\n<h1 style=\"text-align: center\">Descripci\u00f3n \u2699<\/h1>\n<p style=\"text-align: left\">Dot\u00e9s de la coupe anatomique HUUB \u00e0 6 panneaux, ces collants \u00e0 bretelles offrent un meilleur ajustement, moins de pression et plus de confort. Les petites pi\u00e8ces de tissu permettent de trouver plus facilement un ajustement pr\u00e9cis.<\/p>\n<p><img fetchpriority=\"high\" decoding=\"async\" src=\"https:\/\/infinitri.be\/wp-content\/uploads\/2023\/04\/bib-strada-840x1024-545x545.webp\" width=\"545\" height=\"545\" title=\"bib strada\" alt=\"bib strada\" \/><\/p>\n<h1>Especificaciones t\u00e9cnicas<\/h1>\n<p>&#8211; Fabriqu\u00e9 \u00e0 partir de tissus thermiques italiens de la plus haute qualit\u00e9.<br \/>\n&#8211; Inserts en mesh pour la respirabilit\u00e9 et le confort.<br \/>\n&#8211; Chamois 3D exclusif de HUUB avec gestion de l&#8217;humidit\u00e9, lignes lisses et mousse haute densit\u00e9.<br \/>\navec des lignes lisses et une mousse haute densit\u00e9.<br \/>\n&#8211; C\u00f4tes d&#8217;\u00e9paules l\u00e9g\u00e8res, respirantes et extensibles dans les deux sens.<br \/>\n&#8211; Large \u00e9lastique d&#8217;ourlet et pince.<br \/>\n&#8211; Coupe anatomique HUUB \u00e0 6 panneaux.<\/p>\n<p>    <em style=\"color:#000000\"><\/em>RESPIRABILITE<\/p>\n<p>    <em style=\"color:#000000\"><\/em>CONFORT<\/p>\n<p>    <em style=\"color:#000000\"><\/em>THERMIQUE<\/p>\n<p>    <em style=\"color:#000000\"><\/em>LIGNE HAUTE DENSITE<\/p>\n<h1 style=\"text-align: center\">\u00bfCu\u00e1l es mi talla?<\/h1>\n<p><img decoding=\"async\" src=\"https:\/\/infinitri.be\/wp-content\/uploads\/2023\/03\/huub_tailles_homme-scaled.webp\" title=\"huub_tailles_homme\" alt=\"huub_tailles_homme\" \/><br \/>\n<img decoding=\"async\" src=\"https:\/\/infinitri.be\/wp-content\/uploads\/2023\/04\/ambiance-huub-1024x725-545x545.png\" width=\"545\" height=\"545\" title=\"atm\u00f3sfera huub\" alt=\"ambiance huub\" \/><!--\/themify_builder_static--><\/p>","protected":false},"excerpt":{"rendered":"<p>Les bib tights thermiques HUUB eternal sont dot\u00e9s des meilleurs tissus thermiques, ce qui leur permet d&#8217;\u00eatre plus extensibles, de mieux \u00e9pouser la forme du corps et d&#8217;\u00eatre plus agr\u00e9ables \u00e0 porter, tout en emp\u00eachant le froid et le vent de p\u00e9n\u00e9trer dans l&#8217;organisme.<\/p>","protected":false},"featured_media":29521,"comment_status":"open","ping_status":"closed","template":"","meta":[],"product_brand":[286],"product_cat":[39,37,15,141],"product_tag":[],"class_list":{"0":"post-29452","1":"product","2":"type-product","3":"status-publish","4":"has-post-thumbnail","6":"product_brand-huub","7":"product_cat-cuissards","8":"product_cat-cyclisme","9":"product_cat-non-classe","10":"product_cat-outlet","11":"zank_product_brands-huub","12":"nt-post-class","13":"","19":"first","20":"instock","21":"sale","22":"taxable","23":"shipping-taxable","24":"purchasable","25":"product-type-variable"},"_links":{"self":[{"href":"https:\/\/www.infinitri.be\/es\/wp-json\/wp\/v2\/product\/29452","targetHints":{"allow":["GET"]}}],"collection":[{"href":"https:\/\/www.infinitri.be\/es\/wp-json\/wp\/v2\/product"}],"about":[{"href":"https:\/\/www.infinitri.be\/es\/wp-json\/wp\/v2\/types\/product"}],"replies":[{"embeddable":true,"href":"https:\/\/www.infinitri.be\/es\/wp-json\/wp\/v2\/comments?post=29452"}],"wp:featuredmedia":[{"embeddable":true,"href":"https:\/\/www.infinitri.be\/es\/wp-json\/wp\/v2\/media\/29521"}],"wp:attachment":[{"href":"https:\/\/www.infinitri.be\/es\/wp-json\/wp\/v2\/media?parent=29452"}],"wp:term":[{"taxonomy":"product_brand","embeddable":true,"href":"https:\/\/www.infinitri.be\/es\/wp-json\/wp\/v2\/product_brand?post=29452"},{"taxonomy":"product_cat","embeddable":true,"href":"https:\/\/www.infinitri.be\/es\/wp-json\/wp\/v2\/product_cat?post=29452"},{"taxonomy":"product_tag","embeddable":true,"href":"https:\/\/www.infinitri.be\/es\/wp-json\/wp\/v2\/product_tag?post=29452"}],"curies":[{"name":"wp","href":"https:\/\/api.w.org\/{rel}","templated":true}]}}