{"id":29461,"date":"2025-12-25T18:19:33","date_gmt":"2025-12-25T17:19:33","guid":{"rendered":"https:\/\/www.infinitri.be\/?post_type=product&#038;p=29461"},"modified":"2026-04-05T09:40:11","modified_gmt":"2026-04-05T08:40:11","slug":"huub-eternal-short-sleeve-jersey-femme","status":"publish","type":"product","link":"https:\/\/www.infinitri.be\/es\/producto\/huub-eternal-short-sleeve-jersey-femme\/","title":{"rendered":"Huub ETERNAL SHORT SLEEVE JERSEY &#8211; Femme"},"content":{"rendered":"<p><!--themify_builder_static--><\/p>\n<h1>Especificaciones t\u00e9cnicas<\/h1>\n<p>&#8211; Fermeture \u00e0 glissi\u00e8re Cam Lock HUUB sur toute la longueur.<br \/>\n&#8211; Panneaux d&#8217;aisselles en mesh l\u00e9ger et respirant.<br \/>\n&#8211; Coupe classique.<br \/>\n&#8211; Fabriqu\u00e9 en Europe.<br \/>\n&#8211; Bande \u00e9lastique de haute qualit\u00e9 \u00e0 la taille<br \/>\n&#8211; Tissus italiens l\u00e9gers et respirants.<br \/>\n&#8211; 3 poches arri\u00e8re discr\u00e8tes avec passepoil r\u00e9fl\u00e9chissant<br \/>\n- Dise\u00f1ado para permitir que el aire circule para el rendimiento.<\/p>\n<p>    <em style=\"color:#000000\"><\/em>CIRCULATION D&#8217;AIR<\/p>\n<p>    <em style=\"color:#000000\"><\/em><\/p>\n<p style=\"text-align: left\">COUPE CLASSIQUE<\/p>\n<p>    <em style=\"color:#000000\"><\/em>3 PROCHES ARRI\u00c8RES<\/p>\n<p>    <em style=\"color:#000000\"><\/em>BLOQUEO DE LEVA DESLIZANTE<\/p>\n<p><!--\/themify_builder_static--><\/p>","protected":false},"excerpt":{"rendered":"<p>Le maillot Eternal r\u00e9pond aux besoins du cyclisme quotidien. Un design simple avec des principes fondamentaux de l\u00e9g\u00e8ret\u00e9 et de respirabilit\u00e9 en font un maillot que vous r\u00e9utiliserez, sortie apr\u00e8s sortie.<\/p>","protected":false},"featured_media":29523,"comment_status":"open","ping_status":"closed","template":"","meta":[],"product_brand":[286],"product_cat":[37,194,15],"product_tag":[],"class_list":{"0":"post-29461","1":"product","2":"type-product","3":"status-publish","4":"has-post-thumbnail","6":"product_brand-huub","7":"product_cat-cyclisme","8":"product_cat-maillots-cyclisme","9":"product_cat-non-classe","10":"zank_product_brands-huub","11":"nt-post-class","12":"","18":"first","19":"instock","20":"taxable","21":"shipping-taxable","22":"purchasable","23":"product-type-variable"},"_links":{"self":[{"href":"https:\/\/www.infinitri.be\/es\/wp-json\/wp\/v2\/product\/29461","targetHints":{"allow":["GET"]}}],"collection":[{"href":"https:\/\/www.infinitri.be\/es\/wp-json\/wp\/v2\/product"}],"about":[{"href":"https:\/\/www.infinitri.be\/es\/wp-json\/wp\/v2\/types\/product"}],"replies":[{"embeddable":true,"href":"https:\/\/www.infinitri.be\/es\/wp-json\/wp\/v2\/comments?post=29461"}],"wp:featuredmedia":[{"embeddable":true,"href":"https:\/\/www.infinitri.be\/es\/wp-json\/wp\/v2\/media\/29523"}],"wp:attachment":[{"href":"https:\/\/www.infinitri.be\/es\/wp-json\/wp\/v2\/media?parent=29461"}],"wp:term":[{"taxonomy":"product_brand","embeddable":true,"href":"https:\/\/www.infinitri.be\/es\/wp-json\/wp\/v2\/product_brand?post=29461"},{"taxonomy":"product_cat","embeddable":true,"href":"https:\/\/www.infinitri.be\/es\/wp-json\/wp\/v2\/product_cat?post=29461"},{"taxonomy":"product_tag","embeddable":true,"href":"https:\/\/www.infinitri.be\/es\/wp-json\/wp\/v2\/product_tag?post=29461"}],"curies":[{"name":"wp","href":"https:\/\/api.w.org\/{rel}","templated":true}]}}