{"id":29462,"date":"2025-12-25T17:19:33","date_gmt":"2025-12-25T17:19:33","guid":{"rendered":"https:\/\/www.infinitri.be\/?post_type=product&#038;p=29462"},"modified":"2026-04-05T09:39:40","modified_gmt":"2026-04-05T08:39:40","slug":"huub-eternal-maillot-manches-longues-thermique-femme","status":"publish","type":"product","link":"https:\/\/www.infinitri.be\/es\/producto\/huub-eternal-maillot-manches-longues-thermique-femme\/","title":{"rendered":"Maillot t\u00e9rmico de manga larga Huub ETERNAL Mujer"},"content":{"rendered":"<p><!--themify_builder_static--><\/p>\n<h1 style=\"text-align: center\">Descripci\u00f3n \u2699<\/h1>\n<p style=\"text-align: left\">Un produit essentiel pour tous les cyclistes, ce maillot offre tout, de la performance au confort, et tout ce qu&#8217;il y a entre les deux.<\/p>\n<p>&nbsp;<\/p>\n<p><img fetchpriority=\"high\" decoding=\"async\" src=\"https:\/\/infinitri.be\/wp-content\/uploads\/2023\/04\/ETERNAL-LONG-SLEEVE-thermal-jersey-W-545x545.png\" width=\"545\" height=\"545\" title=\"ETERNAL LONG SLEEVE thermal jersey W\" alt=\"ETERNAL LONG SLEEVE thermal jersey W\" \/><\/p>\n<h1>Especificaciones t\u00e9cnicas<\/h1>\n<p>&#8211; Les meilleurs tissus thermiques, bross\u00e9s, italiens et respirants.<br \/>\n- Dise\u00f1ado para permitir que el aire circule para el rendimiento.<br \/>\n&#8211;\u00a0 Fermeture \u00e0 glissi\u00e8re HUUB Cam Lock sur toute la longueur.<br \/>\n- 3 bolsillos traseros reforzados + 1 bolsillo impermeable.<br \/>\n- Asa de silicona en la cintura.<br \/>\n&#8211; Poign\u00e9es de protection contre les intemp\u00e9ries.<\/p>\n<p>    <em style=\"color:#000000\"><\/em>PROTECCI\u00d3N CONTRA EL VIENTO<\/p>\n<p>    <em style=\"color:#000000\"><\/em>PROTECCI\u00d3N CONTRA LA LLUVIA<\/p>\n<p>    <em style=\"color:#000000\"><\/em><\/p>\n<p style=\"text-align: left\">LIGEREZA<\/p>\n<p>    <em style=\"color:#000000\"><\/em>T\u00c9RMICO TRANSPIRABLE<\/p>\n<p>    <em style=\"color:#000000\"><\/em>BLOQUEO DE LEVA DESLIZANTE<\/p>\n<h1 style=\"text-align: center\">\u00bfCu\u00e1l es mi talla?<\/h1>\n<p><img decoding=\"async\" src=\"https:\/\/infinitri.be\/wp-content\/uploads\/2023\/02\/s3-cycling-jacket-size.png\" title=\"s3-chaqueta-de-ciclismo-talla\" alt=\"s3-cycling-jacket-size\" \/><br \/>\n<img decoding=\"async\" src=\"https:\/\/infinitri.be\/wp-content\/uploads\/2023\/04\/ambiance-huub-1024x725-545x545.png\" width=\"545\" height=\"545\" title=\"atm\u00f3sfera huub\" alt=\"ambiance huub\" \/><!--\/themify_builder_static--><\/p>","protected":false},"excerpt":{"rendered":"<p>Le maillot thermique \u00e0 manches longues Eternal sera l&#8217;un de vos favoris. Il incorpore des tissus de haute qualit\u00e9 qui \u00e9vacuent la transpiration et est con\u00e7u pour r\u00e9pondre \u00e0 vos besoins, que ce soit pour rouler, faire la navette ou participer \u00e0 des courses.<\/p>","protected":false},"featured_media":29530,"comment_status":"open","ping_status":"closed","template":"","meta":[],"product_brand":[286],"product_cat":[37,141,38],"product_tag":[],"class_list":{"0":"post-29462","1":"product","2":"type-product","3":"status-publish","4":"has-post-thumbnail","6":"product_brand-huub","7":"product_cat-cyclisme","8":"product_cat-outlet","9":"product_cat-vestes-et-coupe-vent","10":"zank_product_brands-huub","11":"nt-post-class","12":"","18":"first","19":"instock","20":"sale","21":"taxable","22":"shipping-taxable","23":"purchasable","24":"product-type-variable"},"_links":{"self":[{"href":"https:\/\/www.infinitri.be\/es\/wp-json\/wp\/v2\/product\/29462","targetHints":{"allow":["GET"]}}],"collection":[{"href":"https:\/\/www.infinitri.be\/es\/wp-json\/wp\/v2\/product"}],"about":[{"href":"https:\/\/www.infinitri.be\/es\/wp-json\/wp\/v2\/types\/product"}],"replies":[{"embeddable":true,"href":"https:\/\/www.infinitri.be\/es\/wp-json\/wp\/v2\/comments?post=29462"}],"wp:featuredmedia":[{"embeddable":true,"href":"https:\/\/www.infinitri.be\/es\/wp-json\/wp\/v2\/media\/29530"}],"wp:attachment":[{"href":"https:\/\/www.infinitri.be\/es\/wp-json\/wp\/v2\/media?parent=29462"}],"wp:term":[{"taxonomy":"product_brand","embeddable":true,"href":"https:\/\/www.infinitri.be\/es\/wp-json\/wp\/v2\/product_brand?post=29462"},{"taxonomy":"product_cat","embeddable":true,"href":"https:\/\/www.infinitri.be\/es\/wp-json\/wp\/v2\/product_cat?post=29462"},{"taxonomy":"product_tag","embeddable":true,"href":"https:\/\/www.infinitri.be\/es\/wp-json\/wp\/v2\/product_tag?post=29462"}],"curies":[{"name":"wp","href":"https:\/\/api.w.org\/{rel}","templated":true}]}}