{"id":29565,"date":"2025-12-25T17:22:04","date_gmt":"2025-12-25T17:22:04","guid":{"rendered":"https:\/\/www.infinitri.be\/?post_type=product&#038;p=29565"},"modified":"2026-04-04T18:53:00","modified_gmt":"2026-04-04T17:53:00","slug":"huub-lacets-transition-blanc","status":"publish","type":"product","link":"https:\/\/www.infinitri.be\/es\/producto\/huub-lacets-transition-blanc\/","title":{"rendered":"Huub \u2013 Cordones Transition blancos"},"content":{"rendered":"<h4 class=\"key-features\">DESCRIPCI\u00d3N<\/h4>\n<div class=\"app-translate-text__content color-text--apple custom-scroll-bar app-translate-text__content_font-size_14\" dir=\"ltr\">LACETS blancs HUUB<\/div>\n<div class=\"app-translate-text__content color-text--apple custom-scroll-bar app-translate-text__content_font-size_14\" dir=\"ltr\"><\/div>\n<div class=\"app-translate-text__content color-text--apple custom-scroll-bar app-translate-text__content_font-size_14\" dir=\"ltr\">Sabemos que en un triatl\u00f3n cada segundo cuenta. Lo \u00faltimo que quieres hacer en la T2 es perder el tiempo con los cordones. Estos HUUB Elastic Lace Locks te permitir\u00e1n ahorrar segundos vitales en la transici\u00f3n y salir a la pista de carrera m\u00e1s r\u00e1pido.<\/div>\n<div class=\"app-translate-text__content color-text--apple custom-scroll-bar app-translate-text__content_font-size_14\" dir=\"ltr\"><\/div>\n<div class=\"app-translate-text__content color-text--apple custom-scroll-bar app-translate-text__content_font-size_14\" dir=\"ltr\"><\/div>\n<div class=\"app-translate-text__content color-text--apple custom-scroll-bar app-translate-text__content_font-size_14\" dir=\"ltr\">Caracter\u00edsticas de los cordones negros HUUB:<\/div>\n<div class=\"app-translate-text__content color-text--apple custom-scroll-bar app-translate-text__content_font-size_14\" dir=\"ltr\"><\/div>\n<div class=\"app-translate-text__content color-text--apple custom-scroll-bar app-translate-text__content_font-size_14\" dir=\"ltr\"><\/div>\n<div class=\"app-translate-text__content color-text--apple custom-scroll-bar app-translate-text__content_font-size_14\" dir=\"ltr\">\u2013 F\u00e1cil instalaci\u00f3n<\/div>\n<div class=\"app-translate-text__content color-text--apple custom-scroll-bar app-translate-text__content_font-size_14\" dir=\"ltr\">\u2013 Talla \u00fanica para todos (j\u00f3venes y adultos)<\/div>\n<div class=\"app-translate-text__content color-text--apple custom-scroll-bar app-translate-text__content_font-size_14\" dir=\"ltr\">\u2013 Ideal para uso ocasional, entrenamiento o carrera.<\/div>\n<div class=\"app-translate-text__content color-text--apple custom-scroll-bar app-translate-text__content_font-size_14\" dir=\"ltr\">\u2013 Nuestros cordones el\u00e1sticos se adaptan a tu pie para un ajuste personalizado.<\/div>","protected":false},"excerpt":{"rendered":"<p>Cordones ideales para tus transiciones r\u00e1pidas<\/p>","protected":false},"featured_media":29593,"comment_status":"open","ping_status":"closed","template":"","meta":[],"product_brand":[286],"product_cat":[40,139,16,59],"product_tag":[],"class_list":{"0":"post-29565","1":"product","2":"type-product","3":"status-publish","4":"has-post-thumbnail","6":"product_brand-huub","7":"product_cat-accessoires","8":"product_cat-accessoires-running","9":"product_cat-course","10":"product_cat-triathlon","11":"zank_product_brands-huub","12":"nt-post-class","13":"","19":"first","20":"instock","21":"taxable","22":"shipping-taxable","23":"purchasable","24":"product-type-simple"},"_links":{"self":[{"href":"https:\/\/www.infinitri.be\/es\/wp-json\/wp\/v2\/product\/29565","targetHints":{"allow":["GET"]}}],"collection":[{"href":"https:\/\/www.infinitri.be\/es\/wp-json\/wp\/v2\/product"}],"about":[{"href":"https:\/\/www.infinitri.be\/es\/wp-json\/wp\/v2\/types\/product"}],"replies":[{"embeddable":true,"href":"https:\/\/www.infinitri.be\/es\/wp-json\/wp\/v2\/comments?post=29565"}],"wp:featuredmedia":[{"embeddable":true,"href":"https:\/\/www.infinitri.be\/es\/wp-json\/wp\/v2\/media\/29593"}],"wp:attachment":[{"href":"https:\/\/www.infinitri.be\/es\/wp-json\/wp\/v2\/media?parent=29565"}],"wp:term":[{"taxonomy":"product_brand","embeddable":true,"href":"https:\/\/www.infinitri.be\/es\/wp-json\/wp\/v2\/product_brand?post=29565"},{"taxonomy":"product_cat","embeddable":true,"href":"https:\/\/www.infinitri.be\/es\/wp-json\/wp\/v2\/product_cat?post=29565"},{"taxonomy":"product_tag","embeddable":true,"href":"https:\/\/www.infinitri.be\/es\/wp-json\/wp\/v2\/product_tag?post=29565"}],"curies":[{"name":"wp","href":"https:\/\/api.w.org\/{rel}","templated":true}]}}