{"id":29583,"date":"2025-12-25T17:22:05","date_gmt":"2025-12-25T17:22:05","guid":{"rendered":"https:\/\/www.infinitri.be\/?post_type=product&#038;p=29583"},"modified":"2026-04-04T17:34:59","modified_gmt":"2026-04-04T16:34:59","slug":"huub-strada-elements-gilet-homme","status":"publish","type":"product","link":"https:\/\/www.infinitri.be\/es\/producto\/huub-strada-elements-gilet-homme\/","title":{"rendered":"Huub STRADA ELEMENTS CHALECO \u2013 Hombre"},"content":{"rendered":"<p><!--themify_builder_static--><\/p>\n<h1 style=\"text-align: center\">Descripci\u00f3n \u2699<\/h1>\n<p style=\"text-align: left\">Aunque el chaleco es cortavientos, transpirable y evacua la humedad, tambi\u00e9n es muy ligero, perfecto para guardarlo en el bolsillo trasero de tu maillot. Dise\u00f1ado para el entrenamiento, cuenta con tres bolsillos traseros y elementos reflectantes.<\/p>\n<p><img fetchpriority=\"high\" decoding=\"async\" src=\"https:\/\/infinitri.be\/wp-content\/uploads\/2023\/05\/strada-elements-homme-velo-840x1024-545x545.jpg\" width=\"545\" height=\"545\" title=\"strada elements hombre bicicleta\" alt=\"strada elements homme v\u00e9lo\" \/><\/p>\n<h1>Especificaciones t\u00e9cnicas<\/h1>\n<p>\u2013 Cremallera HUUB Cam Lock en toda la longitud.<br \/>\n\u2013 Ligero para guardarlo en un ba\u00f1ador.<br \/>\n\u2013 Tejido ligero y transpirable.<br \/>\n\u2013 Panel de malla bajo los brazos.<br \/>\n\u2013 Bolsillo lateral izquierdo con cremallera reflectante de estilo brit\u00e1nico.<br \/>\n\u2013 Tres bolsillos ribeteados en la parte trasera.<br \/>\n\u2013 La pinza de silicona HUUB en la cintura mantiene el chaleco en su sitio.<\/p>\n<p>    <em style=\"color:#000000\"><\/em>RESPIRABLE<\/p>\n<p>    <em style=\"color:#000000\"><\/em><\/p>\n<p style=\"text-align: left\">LIGEREZA<\/p>\n<p>    <em style=\"color:#000000\"><\/em>3 BOLSILLOS<\/p>\n<h1 style=\"text-align: center\">\u00bfCu\u00e1l es mi talla?<\/h1>\n<p><img decoding=\"async\" src=\"https:\/\/infinitri.be\/wp-content\/uploads\/2023\/02\/s3-cycling-jacket-size.png\" title=\"s3-chaqueta-de-ciclismo-talla\" alt=\"s3-cycling-jacket-size\" \/><br \/>\n<img decoding=\"async\" src=\"https:\/\/infinitri.be\/wp-content\/uploads\/2023\/05\/strada-elements-homme-poche-840x1024-545x545.jpg\" width=\"545\" height=\"545\" title=\"strada elements hombre bolsillo\" alt=\"strada elements homme poche\" \/><!--\/themify_builder_static--><\/p>","protected":false},"excerpt":{"rendered":"<p>El chaleco Strada Elements es una prenda avanzada del equipamiento de un ciclista. Ideal para condiciones meteorol\u00f3gicas impredecibles o para a\u00f1adir una capa resistente y c\u00e1lida que proteja del viento durante tus salidas invernales, este chaleco lo tiene todo.<\/p>","protected":false},"featured_media":29604,"comment_status":"open","ping_status":"closed","template":"","meta":[],"product_brand":[286],"product_cat":[37,38],"product_tag":[],"class_list":{"0":"post-29583","1":"product","2":"type-product","3":"status-publish","4":"has-post-thumbnail","6":"product_brand-huub","7":"product_cat-cyclisme","8":"product_cat-vestes-et-coupe-vent","9":"zank_product_brands-huub","10":"nt-post-class","11":"","17":"first","18":"instock","19":"sale","20":"taxable","21":"shipping-taxable","22":"purchasable","23":"product-type-variable"},"_links":{"self":[{"href":"https:\/\/www.infinitri.be\/es\/wp-json\/wp\/v2\/product\/29583","targetHints":{"allow":["GET"]}}],"collection":[{"href":"https:\/\/www.infinitri.be\/es\/wp-json\/wp\/v2\/product"}],"about":[{"href":"https:\/\/www.infinitri.be\/es\/wp-json\/wp\/v2\/types\/product"}],"replies":[{"embeddable":true,"href":"https:\/\/www.infinitri.be\/es\/wp-json\/wp\/v2\/comments?post=29583"}],"wp:featuredmedia":[{"embeddable":true,"href":"https:\/\/www.infinitri.be\/es\/wp-json\/wp\/v2\/media\/29604"}],"wp:attachment":[{"href":"https:\/\/www.infinitri.be\/es\/wp-json\/wp\/v2\/media?parent=29583"}],"wp:term":[{"taxonomy":"product_brand","embeddable":true,"href":"https:\/\/www.infinitri.be\/es\/wp-json\/wp\/v2\/product_brand?post=29583"},{"taxonomy":"product_cat","embeddable":true,"href":"https:\/\/www.infinitri.be\/es\/wp-json\/wp\/v2\/product_cat?post=29583"},{"taxonomy":"product_tag","embeddable":true,"href":"https:\/\/www.infinitri.be\/es\/wp-json\/wp\/v2\/product_tag?post=29583"}],"curies":[{"name":"wp","href":"https:\/\/api.w.org\/{rel}","templated":true}]}}