{"id":30322,"date":"2025-12-26T14:23:22","date_gmt":"2025-12-26T14:23:22","guid":{"rendered":"https:\/\/www.infinitri.be\/?post_type=product&#038;p=30322"},"modified":"2026-04-04T18:47:30","modified_gmt":"2026-04-04T17:47:30","slug":"compressport-6p-trucker-cap-indigo","status":"publish","type":"product","link":"https:\/\/www.infinitri.be\/es\/producto\/compressport-6p-trucker-cap-indigo\/","title":{"rendered":"Gorra Compressport-6P Trucker Indigo"},"content":{"rendered":"<p>Adopta un estilo cl\u00e1sico con un toque moderno poni\u00e9ndote la nueva gorra Trucker 6P. Inspirada en la gorra de b\u00e9isbol, este moderno accesorio combina funcionalidad con un look casual y deportivo. La gran visera curvada protege los ojos del sol y mantiene alejados los pelos sueltos, mientras que el panel trasero est\u00e1 confeccionado en resistente malla ripstop para ofrecer la m\u00e1xima transpirabilidad y un estilo original. Los paneles laterales est\u00e1n hechos de lona robusta para dar a la gorra una estructura s\u00f3lida y atemporal. En la parte delantera, un llamativo parche rectangular muestra el logotipo Racing de Compressport. La gorra se puede ajustar f\u00e1cilmente gracias al cierre a presi\u00f3n tradicional. Tanto si te diriges al briefing de la carrera, a la fiesta posterior o simplemente a salir por la ciudad, la gorra Trucker 6P ser\u00e1 el complemento perfecto para el atuendo Compressport que elijas.<\/p>","protected":false},"excerpt":{"rendered":"<p>Moderna gorra de lona con visera curvada.<\/p>","protected":false},"featured_media":30362,"comment_status":"open","ping_status":"closed","template":"","meta":[],"product_brand":[329],"product_cat":[40,156,16,59],"product_tag":[],"class_list":{"0":"post-30322","1":"product","2":"type-product","3":"status-publish","4":"has-post-thumbnail","6":"product_brand-compressport","7":"product_cat-accessoires","8":"product_cat-casquettes-visieres-headband","9":"product_cat-course","10":"product_cat-triathlon","11":"zank_product_brands-compressport","12":"nt-post-class","13":"","19":"first","20":"instock","21":"taxable","22":"shipping-taxable","23":"purchasable","24":"product-type-simple"},"_links":{"self":[{"href":"https:\/\/www.infinitri.be\/es\/wp-json\/wp\/v2\/product\/30322","targetHints":{"allow":["GET"]}}],"collection":[{"href":"https:\/\/www.infinitri.be\/es\/wp-json\/wp\/v2\/product"}],"about":[{"href":"https:\/\/www.infinitri.be\/es\/wp-json\/wp\/v2\/types\/product"}],"replies":[{"embeddable":true,"href":"https:\/\/www.infinitri.be\/es\/wp-json\/wp\/v2\/comments?post=30322"}],"wp:featuredmedia":[{"embeddable":true,"href":"https:\/\/www.infinitri.be\/es\/wp-json\/wp\/v2\/media\/30362"}],"wp:attachment":[{"href":"https:\/\/www.infinitri.be\/es\/wp-json\/wp\/v2\/media?parent=30322"}],"wp:term":[{"taxonomy":"product_brand","embeddable":true,"href":"https:\/\/www.infinitri.be\/es\/wp-json\/wp\/v2\/product_brand?post=30322"},{"taxonomy":"product_cat","embeddable":true,"href":"https:\/\/www.infinitri.be\/es\/wp-json\/wp\/v2\/product_cat?post=30322"},{"taxonomy":"product_tag","embeddable":true,"href":"https:\/\/www.infinitri.be\/es\/wp-json\/wp\/v2\/product_tag?post=30322"}],"curies":[{"name":"wp","href":"https:\/\/api.w.org\/{rel}","templated":true}]}}