{"id":30721,"date":"2025-12-26T14:35:43","date_gmt":"2025-12-26T14:35:43","guid":{"rendered":"https:\/\/www.infinitri.be\/?post_type=product&#038;p=30721"},"modified":"2026-04-04T17:34:59","modified_gmt":"2026-04-04T16:34:59","slug":"huub-owc-homme","status":"publish","type":"product","link":"https:\/\/www.infinitri.be\/es\/producto\/huub-owc-homme\/","title":{"rendered":"Huub \u2013 OWC Hombre"},"content":{"rendered":"<p>El traje de neopreno para aguas abiertas HUUB OWC sustituye al alpha beta en el cat\u00e1logo de HUUB.<br \/>\n- Traje de flotabilidad 3:3 - para una flotabilidad equilibrada.<br \/>\n- Una combinaci\u00f3n de grosores de neopreno investigada cient\u00edficamente.<br \/>\n- 1,5 mm de grosor bajo el brazo, para una m\u00e1xima flexibilidad.<br \/>\n- Paneles de neopreno Glide Skin: para reducir la resistencia superficial.<br \/>\n- Posicionamiento espec\u00edfico de los paneles: para una mayor flexibilidad y eficacia.<br \/>\n- Pu\u00f1os de cuero liso y tobillo de corte r\u00e1pido para facilitar la salida.<br \/>\n- Construcci\u00f3n Flatlock.<\/p>\n<p><!--themify_builder_static--><!--\/themify_builder_static--><\/p>","protected":false},"excerpt":{"rendered":"<p>Ideal para un nadador principiante, el traje de neopreno para aguas abiertas OWC ha sido dise\u00f1ado para ofrecer una flexibilidad fant\u00e1stica y la posici\u00f3n de nado m\u00e1s c\u00f3moda.<\/p>\n<p>Traje de flotabilidad 3:3 - para una flotabilidad equilibrada.<\/p>","protected":false},"featured_media":30725,"comment_status":"open","ping_status":"closed","template":"","meta":[],"product_brand":[286],"product_cat":[130,59],"product_tag":[],"class_list":{"0":"post-30721","1":"product","2":"type-product","3":"status-publish","4":"has-post-thumbnail","6":"product_brand-huub","7":"product_cat-combinaison-neoprene","8":"product_cat-triathlon","9":"zank_product_brands-huub","10":"nt-post-class","11":"","17":"first","18":"instock","19":"sale","20":"taxable","21":"shipping-taxable","22":"purchasable","23":"product-type-variable"},"_links":{"self":[{"href":"https:\/\/www.infinitri.be\/es\/wp-json\/wp\/v2\/product\/30721","targetHints":{"allow":["GET"]}}],"collection":[{"href":"https:\/\/www.infinitri.be\/es\/wp-json\/wp\/v2\/product"}],"about":[{"href":"https:\/\/www.infinitri.be\/es\/wp-json\/wp\/v2\/types\/product"}],"replies":[{"embeddable":true,"href":"https:\/\/www.infinitri.be\/es\/wp-json\/wp\/v2\/comments?post=30721"}],"wp:featuredmedia":[{"embeddable":true,"href":"https:\/\/www.infinitri.be\/es\/wp-json\/wp\/v2\/media\/30725"}],"wp:attachment":[{"href":"https:\/\/www.infinitri.be\/es\/wp-json\/wp\/v2\/media?parent=30721"}],"wp:term":[{"taxonomy":"product_brand","embeddable":true,"href":"https:\/\/www.infinitri.be\/es\/wp-json\/wp\/v2\/product_brand?post=30721"},{"taxonomy":"product_cat","embeddable":true,"href":"https:\/\/www.infinitri.be\/es\/wp-json\/wp\/v2\/product_cat?post=30721"},{"taxonomy":"product_tag","embeddable":true,"href":"https:\/\/www.infinitri.be\/es\/wp-json\/wp\/v2\/product_tag?post=30721"}],"curies":[{"name":"wp","href":"https:\/\/api.w.org\/{rel}","templated":true}]}}