{"id":30898,"date":"2025-12-26T14:49:18","date_gmt":"2025-12-26T14:49:18","guid":{"rendered":"https:\/\/www.infinitri.be\/?post_type=product&#038;p=30898"},"modified":"2026-04-04T17:29:18","modified_gmt":"2026-04-04T16:29:18","slug":"arena-kikko-navy-femme","status":"publish","type":"product","link":"https:\/\/www.infinitri.be\/es\/producto\/arena-kikko-navy-femme\/","title":{"rendered":"Arena- Kikko navy-Femme"},"content":{"rendered":"<p>Le maillot de bain ultra-durable et r\u00e9sistant au chlore arena Kikko Pro Challenge Back pour femmes de la ligne Performance d\u2019arena est id\u00e9al pour les nageuses comp\u00e9titrices et les nageuses r\u00e9guli\u00e8res, qui nagent souvent en piscine. Ce mod\u00e8le est con\u00e7u selon une nouvelle interpr\u00e9tation de la ligne Diamonds d\u2019arena. Le tissu MaxLife Eco ultra-r\u00e9sistant au chlore avec protection UV int\u00e9gr\u00e9e UPF 50+ est durable et s\u00e8che tr\u00e8s rapidement. Cette nouvelle version eco-responsable du tissu arenaMaxLife contient au moins 50% de polyester recycle \u00e0 partir de bouteilles en plastique PET. De plus, elle est issue d\u2019un processus de production optimise pour \u00e9conomiser de l&#8217;\u00e9nergie, r\u00e9duire les \u00e9missions de CO? et minimiser la consommation d\u2019eau. Le dos ouvert, les fines bretelles et l\u2019 \u00e9chancrure haute garantissent une libert\u00e9 de mouvement maximale, une excellente sensation sur l\u2019eau et r\u00e9duisent la tra\u00een\u00e9e. Tous les composants de ce tissu certifie STANDARD 100 by OEKO-TEX ont ete soumis \u00e0 des contr\u00f4les sur les substances dangereuses afin de garantir un article sans danger pour la sante humaine. Ces contr\u00f4les sont r\u00e9alis\u00e9s dans les instituts de notre partenaire OEKO-TEX ind\u00e9pendant en fonction d\u2019un ensemble complet de crit\u00e8res d\u2019essai.<\/p>\n<p>&nbsp;<\/p>\n<p><!--themify_builder_static--><!--\/themify_builder_static--><\/p>","protected":false},"excerpt":{"rendered":"<p>Parfait pour les nageurs r\u00e9guliers et de comp\u00e9tition. Le tissu MaxLife Eco, tr\u00e8s r\u00e9sistant au chlore et dot\u00e9 d&#8217;une protection UV UPF 50+ int\u00e9gr\u00e9e, s\u00e8che tr\u00e8s rapidement et dure longtemps. Cette \u00e9volution \u00e9cologique du tissu MaxLife d&#8217;Arena contient au moins 50 % de polyester recycl\u00e9, obtenu \u00e0 partir de bouteilles en PET. En outre, le processus de production du tissu a \u00e9t\u00e9 optimis\u00e9 pour \u00e9conomiser de l&#8217;\u00e9nergie, r\u00e9duire les \u00e9missions de CO\u00b2 et minimiser l&#8217;utilisation de l&#8217;eau.<\/p>\n<p>&nbsp;<\/p>","protected":false},"featured_media":30945,"comment_status":"open","ping_status":"closed","template":"","meta":[],"product_brand":[326],"product_cat":[86,41],"product_tag":[],"class_list":{"0":"post-30898","1":"product","2":"type-product","3":"status-publish","4":"has-post-thumbnail","6":"product_brand-arena","7":"product_cat-maillots","8":"product_cat-natation","9":"zank_product_brands-arena","10":"nt-post-class","11":"","17":"first","18":"instock","19":"taxable","20":"shipping-taxable","21":"purchasable","22":"product-type-variable"},"_links":{"self":[{"href":"https:\/\/www.infinitri.be\/es\/wp-json\/wp\/v2\/product\/30898","targetHints":{"allow":["GET"]}}],"collection":[{"href":"https:\/\/www.infinitri.be\/es\/wp-json\/wp\/v2\/product"}],"about":[{"href":"https:\/\/www.infinitri.be\/es\/wp-json\/wp\/v2\/types\/product"}],"replies":[{"embeddable":true,"href":"https:\/\/www.infinitri.be\/es\/wp-json\/wp\/v2\/comments?post=30898"}],"wp:featuredmedia":[{"embeddable":true,"href":"https:\/\/www.infinitri.be\/es\/wp-json\/wp\/v2\/media\/30945"}],"wp:attachment":[{"href":"https:\/\/www.infinitri.be\/es\/wp-json\/wp\/v2\/media?parent=30898"}],"wp:term":[{"taxonomy":"product_brand","embeddable":true,"href":"https:\/\/www.infinitri.be\/es\/wp-json\/wp\/v2\/product_brand?post=30898"},{"taxonomy":"product_cat","embeddable":true,"href":"https:\/\/www.infinitri.be\/es\/wp-json\/wp\/v2\/product_cat?post=30898"},{"taxonomy":"product_tag","embeddable":true,"href":"https:\/\/www.infinitri.be\/es\/wp-json\/wp\/v2\/product_tag?post=30898"}],"curies":[{"name":"wp","href":"https:\/\/api.w.org\/{rel}","templated":true}]}}