{"id":30930,"date":"2025-12-26T14:52:29","date_gmt":"2025-12-26T14:52:29","guid":{"rendered":"https:\/\/www.infinitri.be\/?post_type=product&#038;p=30930"},"modified":"2026-04-12T10:49:15","modified_gmt":"2026-04-12T09:49:15","slug":"arena-homme-overview-swim-jammer-black-white-multi","status":"publish","type":"product","link":"https:\/\/www.infinitri.be\/es\/producto\/arena-homme-overview-swim-jammer-black-white-multi\/","title":{"rendered":"Arena - Traje de ba\u00f1o Overview para hombre negro-blanco-multi"},"content":{"rendered":"<p>Tejido<br \/>\nResistente al cloro 100%, MaxLife Eco es nuestro nuevo tejido para ba\u00f1adores de origen responsable para un rendimiento sostenible. Fabricado con al menos 50 % de poli\u00e9ster reciclado, este innovador material se ajusta bien y conserva su forma con el paso del tiempo. Tiene protecci\u00f3n UV 50+ y se seca r\u00e1pidamente.<\/p>\n<p>Dise\u00f1o + montaje<br \/>\nNuestros leggings est\u00e1n dise\u00f1ados para nadar sin resistencia. Este traje de neopreno mide 45 cm de largo, desde la mitad de la cintura hasta justo por encima de la rodilla. Tiene un forro frontal para mayor comodidad y un cord\u00f3n de ajuste interno.<\/p>","protected":false},"excerpt":{"rendered":"<p>Material: MaxLife Eco<br \/>\nTipo de producto: Jammer<br \/>\nIntensidad del entrenamiento: 3 o m\u00e1s veces por semana<br \/>\nMaterial del forro: Forro delantero<br \/>\nComposici\u00f3n material 100% Poli\u00e9ster<\/p>","protected":false},"featured_media":30960,"comment_status":"open","ping_status":"closed","template":"","meta":[],"product_brand":[326],"product_cat":[86,41],"product_tag":[],"class_list":{"0":"post-30930","1":"product","2":"type-product","3":"status-publish","4":"has-post-thumbnail","6":"product_brand-arena","7":"product_cat-maillots","8":"product_cat-natation","9":"zank_product_brands-arena","10":"nt-post-class","11":"","17":"first","18":"instock","19":"sale","20":"taxable","21":"shipping-taxable","22":"purchasable","23":"product-type-variable"},"_links":{"self":[{"href":"https:\/\/www.infinitri.be\/es\/wp-json\/wp\/v2\/product\/30930","targetHints":{"allow":["GET"]}}],"collection":[{"href":"https:\/\/www.infinitri.be\/es\/wp-json\/wp\/v2\/product"}],"about":[{"href":"https:\/\/www.infinitri.be\/es\/wp-json\/wp\/v2\/types\/product"}],"replies":[{"embeddable":true,"href":"https:\/\/www.infinitri.be\/es\/wp-json\/wp\/v2\/comments?post=30930"}],"wp:featuredmedia":[{"embeddable":true,"href":"https:\/\/www.infinitri.be\/es\/wp-json\/wp\/v2\/media\/30960"}],"wp:attachment":[{"href":"https:\/\/www.infinitri.be\/es\/wp-json\/wp\/v2\/media?parent=30930"}],"wp:term":[{"taxonomy":"product_brand","embeddable":true,"href":"https:\/\/www.infinitri.be\/es\/wp-json\/wp\/v2\/product_brand?post=30930"},{"taxonomy":"product_cat","embeddable":true,"href":"https:\/\/www.infinitri.be\/es\/wp-json\/wp\/v2\/product_cat?post=30930"},{"taxonomy":"product_tag","embeddable":true,"href":"https:\/\/www.infinitri.be\/es\/wp-json\/wp\/v2\/product_tag?post=30930"}],"curies":[{"name":"wp","href":"https:\/\/api.w.org\/{rel}","templated":true}]}}