{"id":30967,"date":"2025-12-26T14:53:32","date_gmt":"2025-12-26T14:53:32","guid":{"rendered":"https:\/\/www.infinitri.be\/?post_type=product&#038;p=30967"},"modified":"2026-04-04T17:29:02","modified_gmt":"2026-04-04T16:29:02","slug":"arena-jammer-graphic-navy-garcon","status":"publish","type":"product","link":"https:\/\/www.infinitri.be\/es\/producto\/arena-jammer-graphic-navy-garcon\/","title":{"rendered":"Arena &#8211; Jammer graphic navy &#8211; Gar\u00e7on"},"content":{"rendered":"<p>Esta evoluci\u00f3n ecol\u00f3gica del tejido MaxLife de Arena contiene al menos 50 % de fibras recicladas, obtenidas de botellas de PET. Adem\u00e1s, el proceso de producci\u00f3n del tejido se ha optimizado para ahorrar energ\u00eda, reducir las emisiones de CO2 y minimizar el consumo de agua. Equipada con un c\u00f3modo forro delantero. El cord\u00f3n interior ajustable garantiza un ajuste excelente. Longitud lateral: 36 cm. Cada componente del tejido STANDARD 100 by OEKO-TEX\u00ae ha sido sometido a pruebas de sustancias nocivas, lo que garantiza que este art\u00edculo es inocuo para la salud humana. La prueba la llevan a cabo institutos independientes asociados a arena OEKO-TEX\u00ae bas\u00e1ndose en el amplio cat\u00e1logo de criterios de arena.<\/p>","protected":false},"excerpt":{"rendered":"<p> Los elegantes y duraderos Arena Jammers son ideales para nadadores habituales y competiciones. El tejido MaxLife Eco altamente resistente al cloro con protecci\u00f3n UV UPF 50+ incorporada se seca muy r\u00e1pido y dura mucho tiempo.<\/p>","protected":false},"featured_media":31011,"comment_status":"open","ping_status":"closed","template":"","meta":[],"product_brand":[326],"product_cat":[86,41],"product_tag":[],"class_list":{"0":"post-30967","1":"product","2":"type-product","3":"status-publish","4":"has-post-thumbnail","6":"product_brand-arena","7":"product_cat-maillots","8":"product_cat-natation","9":"zank_product_brands-arena","10":"nt-post-class","11":"","17":"first","18":"instock","19":"taxable","20":"shipping-taxable","21":"purchasable","22":"product-type-variable"},"_links":{"self":[{"href":"https:\/\/www.infinitri.be\/es\/wp-json\/wp\/v2\/product\/30967","targetHints":{"allow":["GET"]}}],"collection":[{"href":"https:\/\/www.infinitri.be\/es\/wp-json\/wp\/v2\/product"}],"about":[{"href":"https:\/\/www.infinitri.be\/es\/wp-json\/wp\/v2\/types\/product"}],"replies":[{"embeddable":true,"href":"https:\/\/www.infinitri.be\/es\/wp-json\/wp\/v2\/comments?post=30967"}],"wp:featuredmedia":[{"embeddable":true,"href":"https:\/\/www.infinitri.be\/es\/wp-json\/wp\/v2\/media\/31011"}],"wp:attachment":[{"href":"https:\/\/www.infinitri.be\/es\/wp-json\/wp\/v2\/media?parent=30967"}],"wp:term":[{"taxonomy":"product_brand","embeddable":true,"href":"https:\/\/www.infinitri.be\/es\/wp-json\/wp\/v2\/product_brand?post=30967"},{"taxonomy":"product_cat","embeddable":true,"href":"https:\/\/www.infinitri.be\/es\/wp-json\/wp\/v2\/product_cat?post=30967"},{"taxonomy":"product_tag","embeddable":true,"href":"https:\/\/www.infinitri.be\/es\/wp-json\/wp\/v2\/product_tag?post=30967"}],"curies":[{"name":"wp","href":"https:\/\/api.w.org\/{rel}","templated":true}]}}