{"id":30983,"date":"2025-12-26T14:54:09","date_gmt":"2025-12-26T14:54:09","guid":{"rendered":"https:\/\/www.infinitri.be\/?post_type=product&#038;p=30983"},"modified":"2026-04-04T17:29:02","modified_gmt":"2026-04-04T16:29:02","slug":"arena-team-backpack-30-love","status":"publish","type":"product","link":"https:\/\/www.infinitri.be\/es\/producto\/arena-team-backpack-30-love\/","title":{"rendered":"Arena \u2013 Mochila Team 30 Love"},"content":{"rendered":"","protected":false},"excerpt":{"rendered":"<p>La mochila original arena TeamAllover 30L es ideal para llevar tu equipo de entrenamiento, para la escuela o el ocio. El gran compartimento principal es transpirable para controlar la humedad. Con bolsa separada para la ropa mojada y bolsillo interior para el port\u00e1til. La inserci\u00f3n en la espalda y los tirantes acolchados garantizan la m\u00e1xima comodidad. Dimensiones: 46x31x 16cm, 30L<\/p>","protected":false},"featured_media":31021,"comment_status":"open","ping_status":"closed","template":"","meta":[],"product_brand":[326],"product_cat":[40,41,58],"product_tag":[],"class_list":{"0":"post-30983","1":"product","2":"type-product","3":"status-publish","4":"has-post-thumbnail","6":"product_brand-arena","7":"product_cat-accessoires","8":"product_cat-natation","9":"product_cat-sacs","10":"zank_product_brands-arena","11":"nt-post-class","12":"","18":"first","19":"instock","20":"sale","21":"taxable","22":"shipping-taxable","23":"purchasable","24":"product-type-simple"},"_links":{"self":[{"href":"https:\/\/www.infinitri.be\/es\/wp-json\/wp\/v2\/product\/30983","targetHints":{"allow":["GET"]}}],"collection":[{"href":"https:\/\/www.infinitri.be\/es\/wp-json\/wp\/v2\/product"}],"about":[{"href":"https:\/\/www.infinitri.be\/es\/wp-json\/wp\/v2\/types\/product"}],"replies":[{"embeddable":true,"href":"https:\/\/www.infinitri.be\/es\/wp-json\/wp\/v2\/comments?post=30983"}],"wp:featuredmedia":[{"embeddable":true,"href":"https:\/\/www.infinitri.be\/es\/wp-json\/wp\/v2\/media\/31021"}],"wp:attachment":[{"href":"https:\/\/www.infinitri.be\/es\/wp-json\/wp\/v2\/media?parent=30983"}],"wp:term":[{"taxonomy":"product_brand","embeddable":true,"href":"https:\/\/www.infinitri.be\/es\/wp-json\/wp\/v2\/product_brand?post=30983"},{"taxonomy":"product_cat","embeddable":true,"href":"https:\/\/www.infinitri.be\/es\/wp-json\/wp\/v2\/product_cat?post=30983"},{"taxonomy":"product_tag","embeddable":true,"href":"https:\/\/www.infinitri.be\/es\/wp-json\/wp\/v2\/product_tag?post=30983"}],"curies":[{"name":"wp","href":"https:\/\/api.w.org\/{rel}","templated":true}]}}