{"id":30993,"date":"2025-12-26T14:54:36","date_gmt":"2025-12-26T14:54:36","guid":{"rendered":"https:\/\/www.infinitri.be\/?post_type=product&#038;p=30993"},"modified":"2026-04-04T17:28:54","modified_gmt":"2026-04-04T16:28:54","slug":"arena-bonnet-3d-race-silver-black","status":"publish","type":"product","link":"https:\/\/www.infinitri.be\/es\/producto\/arena-bonnet-3d-race-silver-black\/","title":{"rendered":"Arena \u2013 Gorro 3D Race plateado negro"},"content":{"rendered":"","protected":false},"excerpt":{"rendered":"<p>Mod\u00e8le : adulte<br \/>\nProfil hydrodynamique<br \/>\nExtr\u00eamement extensible<br \/>\nRenforc\u00e9 au niveau du tour de t\u00eate pour emp\u00eacher l&#8217;eau de p\u00e9n\u00e9trer<br \/>\nRev\u00eatement int\u00e9rieur con\u00e7u pour une bonne accroche<br \/>\nPr\u00e9moul\u00e9 pour augmenter le confort<br \/>\nR\u00e9duction des plis<br \/>\nDoux et souple<br \/>\nR\u00e9sistant aux accrocs<\/p>","protected":false},"featured_media":31029,"comment_status":"open","ping_status":"closed","template":"","meta":[],"product_brand":[326],"product_cat":[40,43,41],"product_tag":[],"class_list":{"0":"post-30993","1":"product","2":"type-product","3":"status-publish","4":"has-post-thumbnail","6":"product_brand-arena","7":"product_cat-accessoires","8":"product_cat-bonnet","9":"product_cat-natation","10":"zank_product_brands-arena","11":"nt-post-class","12":"","18":"first","19":"instock","20":"sale","21":"taxable","22":"shipping-taxable","23":"purchasable","24":"product-type-variable"},"_links":{"self":[{"href":"https:\/\/www.infinitri.be\/es\/wp-json\/wp\/v2\/product\/30993","targetHints":{"allow":["GET"]}}],"collection":[{"href":"https:\/\/www.infinitri.be\/es\/wp-json\/wp\/v2\/product"}],"about":[{"href":"https:\/\/www.infinitri.be\/es\/wp-json\/wp\/v2\/types\/product"}],"replies":[{"embeddable":true,"href":"https:\/\/www.infinitri.be\/es\/wp-json\/wp\/v2\/comments?post=30993"}],"wp:featuredmedia":[{"embeddable":true,"href":"https:\/\/www.infinitri.be\/es\/wp-json\/wp\/v2\/media\/31029"}],"wp:attachment":[{"href":"https:\/\/www.infinitri.be\/es\/wp-json\/wp\/v2\/media?parent=30993"}],"wp:term":[{"taxonomy":"product_brand","embeddable":true,"href":"https:\/\/www.infinitri.be\/es\/wp-json\/wp\/v2\/product_brand?post=30993"},{"taxonomy":"product_cat","embeddable":true,"href":"https:\/\/www.infinitri.be\/es\/wp-json\/wp\/v2\/product_cat?post=30993"},{"taxonomy":"product_tag","embeddable":true,"href":"https:\/\/www.infinitri.be\/es\/wp-json\/wp\/v2\/product_tag?post=30993"}],"curies":[{"name":"wp","href":"https:\/\/api.w.org\/{rel}","templated":true}]}}