{"id":31089,"date":"2025-12-26T15:05:42","date_gmt":"2025-12-26T15:05:42","guid":{"rendered":"https:\/\/www.infinitri.be\/?post_type=product&#038;p=31089"},"modified":"2026-04-04T17:28:54","modified_gmt":"2026-04-04T16:28:54","slug":"arena-g-starsfish-lightdrop-back-navy-turquoise-fille","status":"publish","type":"product","link":"https:\/\/www.infinitri.be\/es\/producto\/arena-g-starsfish-lightdrop-back-navy-turquoise-fille\/","title":{"rendered":"Arena &#8211; G starsfish Lightdrop Back navy turquoise &#8211; Fille"},"content":{"rendered":"<p>Profitez de l\u2019eau dans ce maillot de bain arena Starfish Lightdrop Back pour filles, ultra durable, r\u00e9sistant au chlore et super style, de la ligne arena Performance. Ce maillot une-pi\u00e8ce est id\u00e9al pour les nageuses comp\u00e9titrices et les nageuses r\u00e9guli\u00e8res<br \/>\n Le tissu MaxLife Eco ultra-r\u00e9sistant au chlore avec protection UV int\u00e9gr\u00e9e UPF 50+ est durable et s\u00e8che tr\u00e8s rapidement. Cette nouvelle version coresponsable du tissu arenaMaxLife contient au moins 50% de polyester recycle \u00e0 partir de bouteilles en plastique PET. De plus, il est issu d\u2019un processus de production optimise pour \u00e9conomiser de l&#8217;\u00e9nergie, r\u00e9duire les \u00e9missions de CO\u00b2 et minimiser la consommation d\u2019eau. Le dos ouvert et les fines bretelles garantissent une libert\u00e9 de mouvement maximale, une excellente sensation dans l\u2019eau et r\u00e9duisent la tra\u00een\u00e9e. Comporte une doublure avant confortable. Tous les composants de ce tissu certifie STANDARD 100 by OEKO-TEX ont \u00e9t\u00e9 soumis \u00e0 des contr\u00f4les sur les substances dangereuses afin de garantir un article sans danger pour la sante humaine. Ces contr\u00f4les sont r\u00e9alis\u00e9s dans les instituts de notre partenaire OEKO-TEX ind\u00e9pendant en fonction d\u2019un ensemble complet de crit\u00e8res d\u2019essai.<\/p>","protected":false},"excerpt":{"rendered":"<p> Maillot Arena fille Max life \u00e9co<br \/>\nCoupe Medium <\/p>","protected":false},"featured_media":31134,"comment_status":"open","ping_status":"closed","template":"","meta":[],"product_brand":[326],"product_cat":[41],"product_tag":[],"class_list":{"0":"post-31089","1":"product","2":"type-product","3":"status-publish","4":"has-post-thumbnail","6":"product_brand-arena","7":"product_cat-natation","8":"zank_product_brands-arena","9":"nt-post-class","10":"","16":"first","17":"instock","18":"taxable","19":"shipping-taxable","20":"purchasable","21":"product-type-variable"},"_links":{"self":[{"href":"https:\/\/www.infinitri.be\/es\/wp-json\/wp\/v2\/product\/31089","targetHints":{"allow":["GET"]}}],"collection":[{"href":"https:\/\/www.infinitri.be\/es\/wp-json\/wp\/v2\/product"}],"about":[{"href":"https:\/\/www.infinitri.be\/es\/wp-json\/wp\/v2\/types\/product"}],"replies":[{"embeddable":true,"href":"https:\/\/www.infinitri.be\/es\/wp-json\/wp\/v2\/comments?post=31089"}],"wp:featuredmedia":[{"embeddable":true,"href":"https:\/\/www.infinitri.be\/es\/wp-json\/wp\/v2\/media\/31134"}],"wp:attachment":[{"href":"https:\/\/www.infinitri.be\/es\/wp-json\/wp\/v2\/media?parent=31089"}],"wp:term":[{"taxonomy":"product_brand","embeddable":true,"href":"https:\/\/www.infinitri.be\/es\/wp-json\/wp\/v2\/product_brand?post=31089"},{"taxonomy":"product_cat","embeddable":true,"href":"https:\/\/www.infinitri.be\/es\/wp-json\/wp\/v2\/product_cat?post=31089"},{"taxonomy":"product_tag","embeddable":true,"href":"https:\/\/www.infinitri.be\/es\/wp-json\/wp\/v2\/product_tag?post=31089"}],"curies":[{"name":"wp","href":"https:\/\/api.w.org\/{rel}","templated":true}]}}