{"id":31178,"date":"2025-12-26T15:08:53","date_gmt":"2025-12-26T15:08:53","guid":{"rendered":"https:\/\/www.infinitri.be\/?post_type=product&#038;p=31178"},"modified":"2026-04-04T17:28:54","modified_gmt":"2026-04-04T16:28:54","slug":"arena-w-light-floral-lace-back-swimsuit","status":"publish","type":"product","link":"https:\/\/www.infinitri.be\/es\/producto\/arena-w-light-floral-lace-back-swimsuit\/","title":{"rendered":"Arena &#8211;  w light floral Lace Back swimsuit"},"content":{"rendered":"<p>&nbsp;<\/p>\n<p>Le tissu MaxLife Eco ultra-r\u00e9sistant au chlore avec protection UV int\u00e9gr\u00e9e UPF 50+ est durable et s\u00e8che tr\u00e8s rapidement. Cette nouvelle version \u00e9co-responsable du tissu arenaMaxLife contient au moins 50% de polyester recycle \u00e0 partir de bouteilles en plastique PET. De plus, elle est issue d\u2019un processus de production optimis\u00e9 pour \u00e9conomiser de l&#8217;\u00e9nergie, r\u00e9duire les \u00e9missions de CO? et minimiser la consommation d\u2019eau. Le dos ouvert, les fines bretelles et l\u2019 \u00e9chancrure haute garantissent une libert\u00e9 de mouvement maximale, une excellente sensation sur l\u2019eau et r\u00e9duisent la tra\u00een\u00e9e. Comporte une doublure avant pour plus de confort. Tous les composants de ce tissu certifie STANDARD 100 by OEKO-TEX ont \u00e9t\u00e9 soumis \u00e0 des contr\u00f4les sur les substances dangereuses afin de garantir un article sans danger pour la sante humaine. Ces contr\u00f4les sont r\u00e9alis\u00e9s dans les instituts de notre partenaire OEKO-TEX ind\u00e9pendant en fonction d\u2019un ensemble complet de crit\u00e8res d\u2019essai.<\/p>\n<p><!--themify_builder_static-->    <em><\/em> <\/p>\n<h3> Resistente al cloro <\/h3>\n<p>S\u00ed<\/p>\n<p>    <em><\/em> <\/p>\n<h3> Material <\/h3>\n<p>\u00a0MaxLife Eco<\/p>\n<p>    <em><\/em> <\/p>\n<h3> Volver <\/h3>\n<p>Super Fly<\/p>\n<p>    <em><\/em> <\/p>\n<h3> Corte <\/h3>\n<p>Coupe haute &#8211; sangles \u00e9troites<\/p>\n<p>    <em><\/em> <\/p>\n<h3> Forro <\/h3>\n<p>Forro frontal<\/p>\n<p>    <em><\/em> <\/p>\n<h3> Intensidad del entrenamiento <\/h3>\n<p>Nataci\u00f3n intensiva<\/p>\n<p><!--\/themify_builder_static--><\/p>","protected":false},"excerpt":{"rendered":"<p>Le maillot de bain chic, ultra-durable et resistant au chlore arena Light floral Stripe Lace Back de la ligne Performance d\u2019arena est ideal pour les nageuses competitrices et les nageuses reguli\u00e8res, qui nagent souvent en piscine.<\/p>","protected":false},"featured_media":31194,"comment_status":"open","ping_status":"closed","template":"","meta":[],"product_brand":[326],"product_cat":[86,41],"product_tag":[],"class_list":{"0":"post-31178","1":"product","2":"type-product","3":"status-publish","4":"has-post-thumbnail","6":"product_brand-arena","7":"product_cat-maillots","8":"product_cat-natation","9":"zank_product_brands-arena","10":"nt-post-class","11":"","17":"first","18":"instock","19":"taxable","20":"shipping-taxable","21":"purchasable","22":"product-type-variable"},"_links":{"self":[{"href":"https:\/\/www.infinitri.be\/es\/wp-json\/wp\/v2\/product\/31178","targetHints":{"allow":["GET"]}}],"collection":[{"href":"https:\/\/www.infinitri.be\/es\/wp-json\/wp\/v2\/product"}],"about":[{"href":"https:\/\/www.infinitri.be\/es\/wp-json\/wp\/v2\/types\/product"}],"replies":[{"embeddable":true,"href":"https:\/\/www.infinitri.be\/es\/wp-json\/wp\/v2\/comments?post=31178"}],"wp:featuredmedia":[{"embeddable":true,"href":"https:\/\/www.infinitri.be\/es\/wp-json\/wp\/v2\/media\/31194"}],"wp:attachment":[{"href":"https:\/\/www.infinitri.be\/es\/wp-json\/wp\/v2\/media?parent=31178"}],"wp:term":[{"taxonomy":"product_brand","embeddable":true,"href":"https:\/\/www.infinitri.be\/es\/wp-json\/wp\/v2\/product_brand?post=31178"},{"taxonomy":"product_cat","embeddable":true,"href":"https:\/\/www.infinitri.be\/es\/wp-json\/wp\/v2\/product_cat?post=31178"},{"taxonomy":"product_tag","embeddable":true,"href":"https:\/\/www.infinitri.be\/es\/wp-json\/wp\/v2\/product_tag?post=31178"}],"curies":[{"name":"wp","href":"https:\/\/api.w.org\/{rel}","templated":true}]}}