{"id":31223,"date":"2025-12-26T15:10:58","date_gmt":"2025-12-26T15:10:58","guid":{"rendered":"https:\/\/www.infinitri.be\/?post_type=product&#038;p=31223"},"modified":"2026-04-04T17:28:38","modified_gmt":"2026-04-04T16:28:38","slug":"arena-powerskin-st-2-0-ltddos-ouvert-fille","status":"publish","type":"product","link":"https:\/\/www.infinitri.be\/es\/producto\/arena-powerskin-st-2-0-ltddos-ouvert-fille\/","title":{"rendered":"Arena \u2013 Powerskin St 2.0 LTD espalda abierta \u2013 Ni\u00f1a"},"content":{"rendered":"<p><!--themify_builder_static--><\/p>\n<h2>oc\u00fapese de ello con\u2019<br \/>Mantenimiento<\/h2>\n<p>Para que su traje de ba\u00f1o Arena le ofrezca las mejores prestaciones durante mucho tiempo, le recomendamos que tome las siguientes precauciones:<\/p>\n<ul>\n<li>Aclarar inmediatamente despu\u00e9s de su uso con agua no clorada.<\/li>\n<li>No deje el ba\u00f1ador mojado en una bolsa u otro espacio cerrado durante un largo periodo de tiempo.<\/li>\n<li>No exponga el ba\u00f1ador mojado en una bolsa u otro recipiente a la luz solar directa.<\/li>\n<li>Lavar con productos adecuados para prendas delicadas. .<\/li>\n<li>Secar al aire, lejos de fuentes de calor.<\/li>\n<\/ul>\n<p><!--\/themify_builder_static--><\/p>","protected":false},"excerpt":{"rendered":"<p>Approuve par la FINA, ce maillot de competition pour fille \u00e0 dos nu fus\u00e8le le corps des \u00e9paules aux genoux. Le tissu ext\u00e9rieur a une \u00e9lasticit\u00e9 accrue et la doublure de compression r\u00e9sistante assurent une libert\u00e9 de mouvement totale et un soutien musculaire cibl\u00e9. Les coutures plates ergonomiques strat\u00e9giquement plac\u00e9es maintiennent la portance du corps dans l&#8217;eau. La bretelle centrale renforc\u00e9e avec de nouveaux mat\u00e9riaux am\u00e9liore le soutien et le confort des \u00e9paules et du haut du dos.<\/p>","protected":false},"featured_media":31261,"comment_status":"open","ping_status":"closed","template":"","meta":[],"product_brand":[326],"product_cat":[60,126,41],"product_tag":[],"class_list":{"0":"post-31223","1":"product","2":"type-product","3":"status-publish","4":"has-post-thumbnail","6":"product_brand-arena","7":"product_cat-fina","8":"product_cat-maillot-competition","9":"product_cat-natation","10":"zank_product_brands-arena","11":"nt-post-class","12":"","18":"first","19":"instock","20":"sale","21":"taxable","22":"shipping-taxable","23":"purchasable","24":"product-type-variable"},"_links":{"self":[{"href":"https:\/\/www.infinitri.be\/es\/wp-json\/wp\/v2\/product\/31223","targetHints":{"allow":["GET"]}}],"collection":[{"href":"https:\/\/www.infinitri.be\/es\/wp-json\/wp\/v2\/product"}],"about":[{"href":"https:\/\/www.infinitri.be\/es\/wp-json\/wp\/v2\/types\/product"}],"replies":[{"embeddable":true,"href":"https:\/\/www.infinitri.be\/es\/wp-json\/wp\/v2\/comments?post=31223"}],"wp:featuredmedia":[{"embeddable":true,"href":"https:\/\/www.infinitri.be\/es\/wp-json\/wp\/v2\/media\/31261"}],"wp:attachment":[{"href":"https:\/\/www.infinitri.be\/es\/wp-json\/wp\/v2\/media?parent=31223"}],"wp:term":[{"taxonomy":"product_brand","embeddable":true,"href":"https:\/\/www.infinitri.be\/es\/wp-json\/wp\/v2\/product_brand?post=31223"},{"taxonomy":"product_cat","embeddable":true,"href":"https:\/\/www.infinitri.be\/es\/wp-json\/wp\/v2\/product_cat?post=31223"},{"taxonomy":"product_tag","embeddable":true,"href":"https:\/\/www.infinitri.be\/es\/wp-json\/wp\/v2\/product_tag?post=31223"}],"curies":[{"name":"wp","href":"https:\/\/api.w.org\/{rel}","templated":true}]}}