{"id":31333,"date":"2025-12-26T15:13:12","date_gmt":"2025-12-26T15:13:12","guid":{"rendered":"https:\/\/www.infinitri.be\/?post_type=product&#038;p=31333"},"modified":"2026-04-05T14:19:08","modified_gmt":"2026-04-05T13:19:08","slug":"location-neoprene-kids","status":"publish","type":"product","link":"https:\/\/www.infinitri.be\/es\/producto\/location-neoprene-kids\/","title":{"rendered":"Alquiler - Neopreno - Ni\u00f1os"},"content":{"rendered":"<p>Combinaison d&#8217;\u00e9paisseur de n\u00e9opr\u00e8ne scientifiquement \u00e9tudi\u00e9e.<br \/>\n1,5 mm d&#8217;\u00e9paisseur sous les bras &#8211; pour une flexibilit\u00e9 maximale.<br \/>\nN\u00e9opr\u00e8ne glissant &#8211; pour r\u00e9duire la tra\u00een\u00e9e en surface.<br \/>\nEmplacements sp\u00e9cifiques des panneaux &#8211; pour la flexibilit\u00e9 et l&#8217;efficacit\u00e9.<br \/>\nCoupe rapide \u00e0 la cheville et poignets en peau lisse &#8211; pour faciliter la sortie.<br \/>\nConstruction Flatlock.<\/p>\n<p>&nbsp;<\/p>\n<p><!--themify_builder_static--><!--\/themify_builder_static--><\/p>","protected":false},"excerpt":{"rendered":"<p><strong>Retrait et retour au show room\/en stand uniquement<\/strong><\/p>\n<p>La combinaison de natation en eau libre HUUB Alpha Beta a \u00e9t\u00e9 con\u00e7ue pour offrir une flexibilit\u00e9 fantastique tout en ayant la flottabilit\u00e9 n\u00e9cessaire pour offrir la position de natation la plus confortable.<\/p>\n<p>Tarif: 40\u20ac pour une r\u00e9servation faite 2 semaines \u00e0 l&#8217;avance, 50\u20ac moins de 2 semaines avant l&#8217;\u00e9v\u00e8nement.<\/p>\n<p>Assurance annulation pour 7\u20ac.<\/p>\n<p>Combinaison de flottabilit\u00e9 2:3 &#8211; pour une meilleure position du corps et une r\u00e9duction de la tra\u00een\u00e9e.<\/p>","protected":false},"featured_media":29023,"comment_status":"open","ping_status":"closed","template":"","meta":[],"product_brand":[286],"product_cat":[130,59],"product_tag":[228],"class_list":{"0":"post-31333","1":"product","2":"type-product","3":"status-publish","4":"has-post-thumbnail","6":"product_brand-huub","7":"product_cat-combinaison-neoprene","8":"product_cat-triathlon","9":"product_tag-location-combi","10":"product_shipping_class-retrait-uniquement-en-stand-magasin","11":"zank_product_brands-huub","12":"nt-post-class","13":"","19":"first","20":"instock","21":"taxable","22":"shipping-taxable","23":"purchasable","24":"product-type-variable","25":"has-default-attributes"},"_links":{"self":[{"href":"https:\/\/www.infinitri.be\/es\/wp-json\/wp\/v2\/product\/31333","targetHints":{"allow":["GET"]}}],"collection":[{"href":"https:\/\/www.infinitri.be\/es\/wp-json\/wp\/v2\/product"}],"about":[{"href":"https:\/\/www.infinitri.be\/es\/wp-json\/wp\/v2\/types\/product"}],"replies":[{"embeddable":true,"href":"https:\/\/www.infinitri.be\/es\/wp-json\/wp\/v2\/comments?post=31333"}],"wp:featuredmedia":[{"embeddable":true,"href":"https:\/\/www.infinitri.be\/es\/wp-json\/wp\/v2\/media\/29023"}],"wp:attachment":[{"href":"https:\/\/www.infinitri.be\/es\/wp-json\/wp\/v2\/media?parent=31333"}],"wp:term":[{"taxonomy":"product_brand","embeddable":true,"href":"https:\/\/www.infinitri.be\/es\/wp-json\/wp\/v2\/product_brand?post=31333"},{"taxonomy":"product_cat","embeddable":true,"href":"https:\/\/www.infinitri.be\/es\/wp-json\/wp\/v2\/product_cat?post=31333"},{"taxonomy":"product_tag","embeddable":true,"href":"https:\/\/www.infinitri.be\/es\/wp-json\/wp\/v2\/product_tag?post=31333"}],"curies":[{"name":"wp","href":"https:\/\/api.w.org\/{rel}","templated":true}]}}