{"id":31909,"date":"2025-12-26T15:19:26","date_gmt":"2025-12-26T15:19:26","guid":{"rendered":"https:\/\/www.infinitri.be\/?post_type=product&#038;p=31909"},"modified":"2026-04-04T18:44:37","modified_gmt":"2026-04-04T17:44:37","slug":"zone3-lunette-venator-x-black-gold","status":"publish","type":"product","link":"https:\/\/www.infinitri.be\/es\/producto\/zone3-lunette-venator-x-black-gold\/","title":{"rendered":"Gafas Zone3 Venator X Black Gold"},"content":{"rendered":"<p>Zone3 Lunettes de Natation &#8211; Venator-X &#8211; Polaris\u00e9 &#8211; black\/metallic gold &#8211; polarized revo gold lens<br \/>\nEntra\u00eenement et course en eau libre ou en piscine, les Venator-X se distinguent dans les deux cas. Une structure flexible optimise son ajustement pour une grande vari\u00e9t\u00e9 de formes et de tailles de visage et assure un confort et une performance sans distraction. Avec des verres polaris\u00e9s, on peut toujours compter sur les lunettes de natation Venator-X.<\/p>\n<p>Una forma exclusiva desarrollada en colaboraci\u00f3n con el nadador profesional Ironman Josh Amberger.<\/p>","protected":false},"excerpt":{"rendered":"<p>\u2018Las lentes polarizadas y reflectantes reducen el deslumbramiento del sol en el agua.<br \/>\n-Las juntas de silicona supersuaves minimizan la presi\u00f3n alrededor de los ojos para que te sientas c\u00f3modo incluso en largas distancias de nataci\u00f3n.<br \/>\n-Las lentes LUCID con tratamiento antivaho garantizan una visi\u00f3n n\u00edtida como el cristal y evitan que las gafas se empa\u00f1en mientras nadas.<br \/>\n-Las gafas curvas de gran angular HORIZON ofrecen una excelente visi\u00f3n, lo que te permite determinar con precisi\u00f3n tu direcci\u00f3n y localizar a los dem\u00e1s nadadores.<\/p>","protected":false},"featured_media":32438,"comment_status":"open","ping_status":"closed","template":"","meta":[],"product_brand":[],"product_cat":[54,55,56,59],"product_tag":[239],"class_list":{"0":"post-31909","1":"product","2":"type-product","3":"status-publish","4":"has-post-thumbnail","6":"product_cat-lunettes","7":"product_cat-lunettes-natation","8":"product_cat-lunettes-triathlon","9":"product_cat-triathlon","10":"product_tag-venator","11":"nt-post-class","12":"","18":"first","19":"instock","20":"sale","21":"taxable","22":"shipping-taxable","23":"purchasable","24":"product-type-variable"},"_links":{"self":[{"href":"https:\/\/www.infinitri.be\/es\/wp-json\/wp\/v2\/product\/31909","targetHints":{"allow":["GET"]}}],"collection":[{"href":"https:\/\/www.infinitri.be\/es\/wp-json\/wp\/v2\/product"}],"about":[{"href":"https:\/\/www.infinitri.be\/es\/wp-json\/wp\/v2\/types\/product"}],"replies":[{"embeddable":true,"href":"https:\/\/www.infinitri.be\/es\/wp-json\/wp\/v2\/comments?post=31909"}],"wp:featuredmedia":[{"embeddable":true,"href":"https:\/\/www.infinitri.be\/es\/wp-json\/wp\/v2\/media\/32438"}],"wp:attachment":[{"href":"https:\/\/www.infinitri.be\/es\/wp-json\/wp\/v2\/media?parent=31909"}],"wp:term":[{"taxonomy":"product_brand","embeddable":true,"href":"https:\/\/www.infinitri.be\/es\/wp-json\/wp\/v2\/product_brand?post=31909"},{"taxonomy":"product_cat","embeddable":true,"href":"https:\/\/www.infinitri.be\/es\/wp-json\/wp\/v2\/product_cat?post=31909"},{"taxonomy":"product_tag","embeddable":true,"href":"https:\/\/www.infinitri.be\/es\/wp-json\/wp\/v2\/product_tag?post=31909"}],"curies":[{"name":"wp","href":"https:\/\/api.w.org\/{rel}","templated":true}]}}