{"id":32040,"date":"2025-12-26T15:19:56","date_gmt":"2025-12-26T15:19:56","guid":{"rendered":"https:\/\/www.infinitri.be\/?post_type=product&#038;p=32040"},"modified":"2026-04-04T18:45:57","modified_gmt":"2026-04-04T17:45:57","slug":"5-panel-light-cap-compressport-noire","status":"publish","type":"product","link":"https:\/\/www.infinitri.be\/es\/producto\/5-panel-light-cap-compressport-noire\/","title":{"rendered":"5 Panel Light Cap Compressport Negro"},"content":{"rendered":"<p>Si estabas dudando entre nuestra gorra ligera y nuestra estilosa trucker para tu pr\u00f3xima sesi\u00f3n de entrenamiento, la nueva 5 Panel Light Cap podr\u00eda ser la elecci\u00f3n correcta. Dise\u00f1ada pensando en el rendimiento, esta gorra ultraligera presenta 5 tejidos distintos y un look funky para una termorregulaci\u00f3n de alto rendimiento y protecci\u00f3n solar durante tus carreras m\u00e1s calurosas. La ventilaci\u00f3n integrada en la espalda y a lo largo de los laterales proporciona refrigeraci\u00f3n, mientras que los paneles laterales ultrafinos mantienen el peso al m\u00ednimo. Una banda antisudor integrada alrededor de la frente detiene la transpiraci\u00f3n cuando aceleras el ritmo. La membrana superior es muy transpirable y ofrece protecci\u00f3n UV para que puedas mantenerte fresco cuando la carrera se vuelve intensa. La gorra es de talla \u00fanica, con un pr\u00e1ctico deslizador en la parte posterior para facilitar el ajuste. Y como somos amantes del deporte como t\u00fa, la gorra 5-Panel Light Cap es f\u00e1cil de plegar y guardar en el bolsillo o en la bolsa cuando se ciernen las nubes. Fresca y ligera, es la gorra perfecta para las sesiones de entrenamiento soleadas y los senderos implacables.<\/p>","protected":false},"excerpt":{"rendered":"<p>Protecci\u00f3n UV en la membrana superior para correr sin preocupaciones durante todo el d\u00eda<\/p>\n<p>Ligera y f\u00e1cil de plegar, puede guardarse r\u00e1pidamente en un bolsillo o bolso cuando sea necesario.<\/p>\n<p>Propiedades termorreguladoras para mantenerte fresco mientras aceleras el ritmo<\/p>","protected":false},"featured_media":30823,"comment_status":"open","ping_status":"closed","template":"","meta":[],"product_brand":[329],"product_cat":[40,156,16,59],"product_tag":[],"class_list":{"0":"post-32040","1":"product","2":"type-product","3":"status-publish","4":"has-post-thumbnail","6":"product_brand-compressport","7":"product_cat-accessoires","8":"product_cat-casquettes-visieres-headband","9":"product_cat-course","10":"product_cat-triathlon","11":"zank_product_brands-compressport","12":"nt-post-class","13":"","19":"first","20":"instock","21":"taxable","22":"shipping-taxable","23":"purchasable","24":"product-type-variable"},"_links":{"self":[{"href":"https:\/\/www.infinitri.be\/es\/wp-json\/wp\/v2\/product\/32040","targetHints":{"allow":["GET"]}}],"collection":[{"href":"https:\/\/www.infinitri.be\/es\/wp-json\/wp\/v2\/product"}],"about":[{"href":"https:\/\/www.infinitri.be\/es\/wp-json\/wp\/v2\/types\/product"}],"replies":[{"embeddable":true,"href":"https:\/\/www.infinitri.be\/es\/wp-json\/wp\/v2\/comments?post=32040"}],"wp:featuredmedia":[{"embeddable":true,"href":"https:\/\/www.infinitri.be\/es\/wp-json\/wp\/v2\/media\/30823"}],"wp:attachment":[{"href":"https:\/\/www.infinitri.be\/es\/wp-json\/wp\/v2\/media?parent=32040"}],"wp:term":[{"taxonomy":"product_brand","embeddable":true,"href":"https:\/\/www.infinitri.be\/es\/wp-json\/wp\/v2\/product_brand?post=32040"},{"taxonomy":"product_cat","embeddable":true,"href":"https:\/\/www.infinitri.be\/es\/wp-json\/wp\/v2\/product_cat?post=32040"},{"taxonomy":"product_tag","embeddable":true,"href":"https:\/\/www.infinitri.be\/es\/wp-json\/wp\/v2\/product_tag?post=32040"}],"curies":[{"name":"wp","href":"https:\/\/api.w.org\/{rel}","templated":true}]}}