{"id":32044,"date":"2025-12-26T15:19:56","date_gmt":"2025-12-26T15:19:56","guid":{"rendered":"https:\/\/www.infinitri.be\/?post_type=product&#038;p=32044"},"modified":"2026-04-04T18:26:25","modified_gmt":"2026-04-04T17:26:25","slug":"zone3-lunette-vapor-blue","status":"publish","type":"product","link":"https:\/\/www.infinitri.be\/es\/producto\/zone3-lunette-vapor-blue\/","title":{"rendered":"Zone3 Gafas Vapor blue"},"content":{"rendered":"<p>No sabr\u00e1s lo suaves y c\u00f3modas que son estas gafas hasta que te las pruebes. La silicona ultrasuave combinada con un ajuste excelente hacen que estas gafas sean perfectas para entrenar en aguas abiertas o en la piscina. Descritas por la revista Triathlete como \u201cincre\u00edblemente c\u00f3modas y funcionales, con juntas de silicona supersuaves y buena visibilidad gracias a las lentes polarizadas\u201d.<\/p>\n<p>Las grandes lentes curvadas proporcionan un excelente campo de visi\u00f3n, permiti\u00e9ndote navegar en tu propia direcci\u00f3n y reconocer a todos los dem\u00e1s nadadores. Si tienes la mala suerte de recibir un golpe frontal durante una salida masiva, las juntas de silicona ultrasuave amortiguan el impacto a la vez que minimizan la presi\u00f3n alrededor de los ojos, para que est\u00e9s c\u00f3modo durante esas largas traves\u00edas a nado.<\/p>\n<p>La protecci\u00f3n antivaho garantiza una visi\u00f3n cristalina, mientras que las lentes polarizadas minimizan el resplandor del sol. La montura de silicona flexible y las correas f\u00e1cilmente ajustables permiten adaptar las gafas a una amplia gama de tama\u00f1os de cabeza y cara. Disponibles en varios colores, como oro met\u00e1lico, plata, azul marino y naranja ne\u00f3n. Estas gafas son tan bonitas como eficaces.<\/p>","protected":false},"excerpt":{"rendered":"<p>\u2018Juntas de silicona ultrasuaves para mayor comodidad y protecci\u00f3n<br \/>\n-Lentes polarizadas reflectantes que reducen el deslumbramiento en el agua.<br \/>\n-Tratamiento antivaho y protecci\u00f3n UVA\/UVB en 100%.<br \/>\n-Grandes lentes curvadas para un campo de visi\u00f3n excepcionalmente amplio.<\/p>","protected":false},"featured_media":32414,"comment_status":"open","ping_status":"closed","template":"","meta":[],"product_brand":[],"product_cat":[54,55,56,59],"product_tag":[238],"class_list":{"0":"post-32044","1":"product","2":"type-product","3":"status-publish","4":"has-post-thumbnail","6":"product_cat-lunettes","7":"product_cat-lunettes-natation","8":"product_cat-lunettes-triathlon","9":"product_cat-triathlon","10":"product_tag-vapor","11":"nt-post-class","12":"","18":"first","19":"instock","20":"sale","21":"taxable","22":"shipping-taxable","23":"purchasable","24":"product-type-variable"},"_links":{"self":[{"href":"https:\/\/www.infinitri.be\/es\/wp-json\/wp\/v2\/product\/32044","targetHints":{"allow":["GET"]}}],"collection":[{"href":"https:\/\/www.infinitri.be\/es\/wp-json\/wp\/v2\/product"}],"about":[{"href":"https:\/\/www.infinitri.be\/es\/wp-json\/wp\/v2\/types\/product"}],"replies":[{"embeddable":true,"href":"https:\/\/www.infinitri.be\/es\/wp-json\/wp\/v2\/comments?post=32044"}],"wp:featuredmedia":[{"embeddable":true,"href":"https:\/\/www.infinitri.be\/es\/wp-json\/wp\/v2\/media\/32414"}],"wp:attachment":[{"href":"https:\/\/www.infinitri.be\/es\/wp-json\/wp\/v2\/media?parent=32044"}],"wp:term":[{"taxonomy":"product_brand","embeddable":true,"href":"https:\/\/www.infinitri.be\/es\/wp-json\/wp\/v2\/product_brand?post=32044"},{"taxonomy":"product_cat","embeddable":true,"href":"https:\/\/www.infinitri.be\/es\/wp-json\/wp\/v2\/product_cat?post=32044"},{"taxonomy":"product_tag","embeddable":true,"href":"https:\/\/www.infinitri.be\/es\/wp-json\/wp\/v2\/product_tag?post=32044"}],"curies":[{"name":"wp","href":"https:\/\/api.w.org\/{rel}","templated":true}]}}