{"id":32364,"date":"2025-12-26T15:21:41","date_gmt":"2025-12-26T15:21:41","guid":{"rendered":"https:\/\/www.infinitri.be\/?post_type=product&#038;p=32364"},"modified":"2026-04-04T18:44:37","modified_gmt":"2026-04-04T17:44:37","slug":"zone3-lunette-venator-x-white-silver","status":"publish","type":"product","link":"https:\/\/www.infinitri.be\/es\/producto\/zone3-lunette-venator-x-white-silver\/","title":{"rendered":"Zone3 Gafas Venator X Blanco plateado"},"content":{"rendered":"<p>Zone3 Lunettes de Natation &#8211; Venator-X &#8211; Polaris\u00e9 &#8211; white silver &#8211; polarized revo silver lens<\/p>\n<p>Su estructura flexible se adapta perfectamente a una gran variedad de formas y tama\u00f1os de rostro, garantizando comodidad y rendimiento sin distracciones. Con sus lentes polarizadas, las gafas de nataci\u00f3n Venator-X son siempre una apuesta segura.<\/p>\n<p>Una forma exclusiva desarrollada en colaboraci\u00f3n con el nadador profesional Ironman Josh Amberger.<\/p>","protected":false},"excerpt":{"rendered":"<p>\u2018Las lentes polarizadas y reflectantes reducen el deslumbramiento del sol en el agua.<br \/>\n-Las juntas de silicona supersuaves minimizan la presi\u00f3n alrededor de los ojos para que te sientas c\u00f3modo incluso en largas distancias de nataci\u00f3n.<br \/>\n-Las lentes LUCID con tratamiento antivaho garantizan una visi\u00f3n n\u00edtida como el cristal y evitan que las gafas se empa\u00f1en mientras nadas.<br \/>\n-Las gafas curvas de gran angular HORIZON ofrecen una excelente visi\u00f3n, lo que te permite determinar con precisi\u00f3n tu direcci\u00f3n y localizar a los dem\u00e1s nadadores.<\/p>","protected":false},"featured_media":32470,"comment_status":"open","ping_status":"closed","template":"","meta":[],"product_brand":[],"product_cat":[54,55,56,59],"product_tag":[239],"class_list":{"0":"post-32364","1":"product","2":"type-product","3":"status-publish","4":"has-post-thumbnail","6":"product_cat-lunettes","7":"product_cat-lunettes-natation","8":"product_cat-lunettes-triathlon","9":"product_cat-triathlon","10":"product_tag-venator","11":"nt-post-class","12":"","18":"first","19":"instock","20":"sale","21":"taxable","22":"shipping-taxable","23":"purchasable","24":"product-type-variable"},"_links":{"self":[{"href":"https:\/\/www.infinitri.be\/es\/wp-json\/wp\/v2\/product\/32364","targetHints":{"allow":["GET"]}}],"collection":[{"href":"https:\/\/www.infinitri.be\/es\/wp-json\/wp\/v2\/product"}],"about":[{"href":"https:\/\/www.infinitri.be\/es\/wp-json\/wp\/v2\/types\/product"}],"replies":[{"embeddable":true,"href":"https:\/\/www.infinitri.be\/es\/wp-json\/wp\/v2\/comments?post=32364"}],"wp:featuredmedia":[{"embeddable":true,"href":"https:\/\/www.infinitri.be\/es\/wp-json\/wp\/v2\/media\/32470"}],"wp:attachment":[{"href":"https:\/\/www.infinitri.be\/es\/wp-json\/wp\/v2\/media?parent=32364"}],"wp:term":[{"taxonomy":"product_brand","embeddable":true,"href":"https:\/\/www.infinitri.be\/es\/wp-json\/wp\/v2\/product_brand?post=32364"},{"taxonomy":"product_cat","embeddable":true,"href":"https:\/\/www.infinitri.be\/es\/wp-json\/wp\/v2\/product_cat?post=32364"},{"taxonomy":"product_tag","embeddable":true,"href":"https:\/\/www.infinitri.be\/es\/wp-json\/wp\/v2\/product_tag?post=32364"}],"curies":[{"name":"wp","href":"https:\/\/api.w.org\/{rel}","templated":true}]}}