{"id":32430,"date":"2025-12-26T15:22:06","date_gmt":"2025-12-26T15:22:06","guid":{"rendered":"https:\/\/www.infinitri.be\/?post_type=product&#038;p=32430"},"modified":"2026-04-04T17:34:51","modified_gmt":"2026-04-04T16:34:51","slug":"huub-lunettes-brownlee-acute-white-yellow","status":"publish","type":"product","link":"https:\/\/www.infinitri.be\/es\/producto\/huub-lunettes-brownlee-acute-white-yellow\/","title":{"rendered":"Huub - Brownlee Acute blanco Gafas amarillas"},"content":{"rendered":"<p><strong>Caracter\u00edsticas :<\/strong><\/p>\n<p>- Lente de PC con protecci\u00f3n UV y antivaho<br \/>\n- Marco, correa y junta de silicona blanda<br \/>\n- Dise\u00f1o de lente \u00fanico<br \/>\n- Lente de espejo antideslumbrante<br \/>\n- Junta de una sola pieza para una estanqueidad \u00f3ptima<br \/>\n- C\u00f3moda correa trasera para un mejor ajuste<\/p>","protected":false},"excerpt":{"rendered":"<p>&nbsp;<\/p>\n<p>Tras la popularidad de nuestra gafa Brownlee Race, hemos trabajado mano a mano con Ali y Jonny para poder ofrecer la gafa perfecta para el entrenamiento en aguas abiertas y piscina. La nueva Acute es una de nuestras gafas m\u00e1s vendidas y la hemos redise\u00f1ado para ofrecer una visibilidad \u00f3ptima en aguas abiertas y claridad en la piscina.<\/p>\n<p>Con la comodidad de una mayor superficie y un sellado de baja presi\u00f3n, la junta de silicona y la montura de policarbonato se combinan a la perfecci\u00f3n para crear un nuevo aspecto elegante y excepcional, que ofrece una visi\u00f3n perif\u00e9rica para la nataci\u00f3n en aguas abiertas, ocasional y de competici\u00f3n.<\/p>","protected":false},"featured_media":32527,"comment_status":"open","ping_status":"closed","template":"","meta":[],"product_brand":[286],"product_cat":[40,54,56,59],"product_tag":[],"class_list":{"0":"post-32430","1":"product","2":"type-product","3":"status-publish","4":"has-post-thumbnail","6":"product_brand-huub","7":"product_cat-accessoires","8":"product_cat-lunettes","9":"product_cat-lunettes-triathlon","10":"product_cat-triathlon","11":"zank_product_brands-huub","12":"nt-post-class","13":"","19":"first","20":"instock","21":"taxable","22":"shipping-taxable","23":"purchasable","24":"product-type-simple"},"_links":{"self":[{"href":"https:\/\/www.infinitri.be\/es\/wp-json\/wp\/v2\/product\/32430","targetHints":{"allow":["GET"]}}],"collection":[{"href":"https:\/\/www.infinitri.be\/es\/wp-json\/wp\/v2\/product"}],"about":[{"href":"https:\/\/www.infinitri.be\/es\/wp-json\/wp\/v2\/types\/product"}],"replies":[{"embeddable":true,"href":"https:\/\/www.infinitri.be\/es\/wp-json\/wp\/v2\/comments?post=32430"}],"wp:featuredmedia":[{"embeddable":true,"href":"https:\/\/www.infinitri.be\/es\/wp-json\/wp\/v2\/media\/32527"}],"wp:attachment":[{"href":"https:\/\/www.infinitri.be\/es\/wp-json\/wp\/v2\/media?parent=32430"}],"wp:term":[{"taxonomy":"product_brand","embeddable":true,"href":"https:\/\/www.infinitri.be\/es\/wp-json\/wp\/v2\/product_brand?post=32430"},{"taxonomy":"product_cat","embeddable":true,"href":"https:\/\/www.infinitri.be\/es\/wp-json\/wp\/v2\/product_cat?post=32430"},{"taxonomy":"product_tag","embeddable":true,"href":"https:\/\/www.infinitri.be\/es\/wp-json\/wp\/v2\/product_tag?post=32430"}],"curies":[{"name":"wp","href":"https:\/\/api.w.org\/{rel}","templated":true}]}}