{"id":33110,"date":"2025-12-26T15:26:56","date_gmt":"2025-12-26T15:26:56","guid":{"rendered":"https:\/\/www.infinitri.be\/?post_type=product&#038;p=33110"},"modified":"2026-04-04T18:44:59","modified_gmt":"2026-04-04T17:44:59","slug":"huub-tt-bag-blue","status":"publish","type":"product","link":"https:\/\/www.infinitri.be\/es\/producto\/huub-tt-bag-blue\/","title":{"rendered":"Huub \u2013 TT Bag azul"},"content":{"rendered":"<p>Est\u00e1 equipada con un soporte para casco oculto, que se puede guardar con una cremallera cuando no se utiliza, lo que significa que tu casco estar\u00e1 en buenas manos, vayas donde vayas. Gracias a los compartimentos h\u00famedos y secos, puedes estar seguro de que tus cosas secas estar\u00e1n siempre listas para salir, mientras que las h\u00famedas se guardan de forma segura en el compartimento impermeable situado en la parte inferior de la mochila. Los bolsillos laterales extensibles son perfectos para botellas de bebida. Tambi\u00e9n hay un pr\u00e1ctico bolsillo frontal con cremallera de f\u00e1cil y r\u00e1pido acceso, ideal para tus dispositivos electr\u00f3nicos, llaves, tel\u00e9fono, etc.<br \/>\nLas correas ajustables y acolchadas garantizan una comodidad \u00f3ptima. La correa para el pecho permite distribuir el peso al practicar motociclismo, correr o simplemente durante los desplazamientos diarios.<\/p>\n<p><strong>Caracter\u00edsticas<\/strong><\/p>\n<ul>\n<li>Volumen de 40 litros<\/li>\n<li>Soporte para casco con cremallera<\/li>\n<li>Pr\u00e1ctica asa de transporte superior<\/li>\n<li>Almacenamiento impermeable para tu traje de neopreno, toalla o ba\u00f1ador.<\/li>\n<li>Compartimentos para guardar zapatos y cascos<\/li>\n<li>Varios bolsillos para guardar herramientas, mapas y otros elementos esenciales.<\/li>\n<li>Correas acolchadas ajustables para una mayor comodidad activa.<\/li>\n<li>Gran entrada para facilitar el almacenamiento de tus pertenencias.<\/li>\n<li>Adorno reflectante para excursiones nocturnas o matutinas.<\/li>\n<li>Bolsillo interior de malla para ordenadores port\u00e1tiles<\/li>\n<li>Bolsillo trasero de malla<\/li>\n<li>Varios bolsillos interiores<\/li>\n<\/ul>","protected":false},"excerpt":{"rendered":"<p>La mochila definitiva para los d\u00edas de carrera, los viajes, los entrenamientos o los desplazamientos diarios. La mochila TT premium de HUUB tiene un bolsillo para todo, ya sea para correr o entrenar, en la piscina o en la pista, la enorme capacidad de 40 litros de la mochila TT puede con todo.<\/p>","protected":false},"featured_media":33115,"comment_status":"open","ping_status":"closed","template":"","meta":[],"product_brand":[286],"product_cat":[40,137,16,58,59],"product_tag":[],"class_list":{"0":"post-33110","1":"product","2":"type-product","3":"status-publish","4":"has-post-thumbnail","6":"product_brand-huub","7":"product_cat-accessoires","8":"product_cat-accessoires-eau-libre","9":"product_cat-course","10":"product_cat-sacs","11":"product_cat-triathlon","12":"zank_product_brands-huub","13":"nt-post-class","14":"","20":"first","21":"instock","22":"taxable","23":"shipping-taxable","24":"purchasable","25":"product-type-simple"},"_links":{"self":[{"href":"https:\/\/www.infinitri.be\/es\/wp-json\/wp\/v2\/product\/33110","targetHints":{"allow":["GET"]}}],"collection":[{"href":"https:\/\/www.infinitri.be\/es\/wp-json\/wp\/v2\/product"}],"about":[{"href":"https:\/\/www.infinitri.be\/es\/wp-json\/wp\/v2\/types\/product"}],"replies":[{"embeddable":true,"href":"https:\/\/www.infinitri.be\/es\/wp-json\/wp\/v2\/comments?post=33110"}],"wp:featuredmedia":[{"embeddable":true,"href":"https:\/\/www.infinitri.be\/es\/wp-json\/wp\/v2\/media\/33115"}],"wp:attachment":[{"href":"https:\/\/www.infinitri.be\/es\/wp-json\/wp\/v2\/media?parent=33110"}],"wp:term":[{"taxonomy":"product_brand","embeddable":true,"href":"https:\/\/www.infinitri.be\/es\/wp-json\/wp\/v2\/product_brand?post=33110"},{"taxonomy":"product_cat","embeddable":true,"href":"https:\/\/www.infinitri.be\/es\/wp-json\/wp\/v2\/product_cat?post=33110"},{"taxonomy":"product_tag","embeddable":true,"href":"https:\/\/www.infinitri.be\/es\/wp-json\/wp\/v2\/product_tag?post=33110"}],"curies":[{"name":"wp","href":"https:\/\/api.w.org\/{rel}","templated":true}]}}