{"id":33126,"date":"2025-12-26T15:27:07","date_gmt":"2025-12-26T15:27:07","guid":{"rendered":"https:\/\/www.infinitri.be\/?post_type=product&#038;p=33126"},"modified":"2026-04-04T17:34:43","modified_gmt":"2026-04-04T16:34:43","slug":"huub-trifonction-pinnacle-homme","status":"publish","type":"product","link":"https:\/\/www.infinitri.be\/es\/producto\/huub-trifonction-pinnacle-homme\/","title":{"rendered":"Huub - Pinnacle Tri-Function, hombre"},"content":{"rendered":"<p>El Pinnacle Trisuit es la \u00faltima incorporaci\u00f3n a la familia Pinnacle. Una combinaci\u00f3n en la que la comodidad durante todo el d\u00eda y la aerodin\u00e1mica se unen a la versatilidad. Dise\u00f1ado a partir de a\u00f1os de investigaci\u00f3n en profundidad sobre lo que te hace ir m\u00e1s r\u00e1pido y combinando las necesidades del triatleta cotidiano.<\/p>\n<p>El Pinnacle tri-function contin\u00faa el cambio de paradigma visto en el Anemoi II y lo extiende a toda nuestra oferta tri-function. Los tejidos se han elegido espec\u00edficamente a partir de la matriz de tejidos de HUUB para garantizar que no solo se utilizan los tejidos m\u00e1s r\u00e1pidos, sino tambi\u00e9n los que mejor disipan el calor, ayudando a controlar la temperatura corporal central en climas c\u00e1lidos.<\/p>\n<p>DETALLES :<\/p>\n<p>Tejidos seleccionados de la matriz tisular completa del HUUB<br \/>\nDise\u00f1o Arms Neutral\u2122 para mayor comodidad al nadar y eficiencia aerodin\u00e1mica.<br \/>\n2 bolsillos traseros aerodin\u00e1micos<br \/>\nCremallera frontal abierta<br \/>\nGamuza perfilada<br \/>\nBrazos y piernas m\u00e1s largos para ventajas aerodin\u00e1micas<br \/>\nCremallera Camlock<\/p>","protected":false},"excerpt":{"rendered":"<p>Le Pinnacle Trisuit s&#8217;ajoute \u00e0 la famille Pinnacle. Une combinaison o\u00f9 le confort et l&#8217;a\u00e9rodynamisme tout au long de la journ\u00e9e rencontrent la polyvalence. Con\u00e7u \u00e0 partir d&#8217;ann\u00e9es de recherche approfondie sur ce qui vous permet d&#8217;aller plus vite et combinant les besoins du triathl\u00e8te quotidien. La trifonction Pinnacle poursuit le changement de paradigme observ\u00e9&#8230;<\/p>","protected":false},"featured_media":33153,"comment_status":"open","ping_status":"closed","template":"","meta":[],"product_brand":[286],"product_cat":[59,242],"product_tag":[],"class_list":{"0":"post-33126","1":"product","2":"type-product","3":"status-publish","4":"has-post-thumbnail","6":"product_brand-huub","7":"product_cat-triathlon","8":"product_cat-trisuits","9":"zank_product_brands-huub","10":"nt-post-class","11":"","14":"excerpt-none","17":"first","18":"instock","19":"taxable","20":"shipping-taxable","21":"purchasable","22":"product-type-variable"},"_links":{"self":[{"href":"https:\/\/www.infinitri.be\/es\/wp-json\/wp\/v2\/product\/33126","targetHints":{"allow":["GET"]}}],"collection":[{"href":"https:\/\/www.infinitri.be\/es\/wp-json\/wp\/v2\/product"}],"about":[{"href":"https:\/\/www.infinitri.be\/es\/wp-json\/wp\/v2\/types\/product"}],"replies":[{"embeddable":true,"href":"https:\/\/www.infinitri.be\/es\/wp-json\/wp\/v2\/comments?post=33126"}],"wp:featuredmedia":[{"embeddable":true,"href":"https:\/\/www.infinitri.be\/es\/wp-json\/wp\/v2\/media\/33153"}],"wp:attachment":[{"href":"https:\/\/www.infinitri.be\/es\/wp-json\/wp\/v2\/media?parent=33126"}],"wp:term":[{"taxonomy":"product_brand","embeddable":true,"href":"https:\/\/www.infinitri.be\/es\/wp-json\/wp\/v2\/product_brand?post=33126"},{"taxonomy":"product_cat","embeddable":true,"href":"https:\/\/www.infinitri.be\/es\/wp-json\/wp\/v2\/product_cat?post=33126"},{"taxonomy":"product_tag","embeddable":true,"href":"https:\/\/www.infinitri.be\/es\/wp-json\/wp\/v2\/product_tag?post=33126"}],"curies":[{"name":"wp","href":"https:\/\/api.w.org\/{rel}","templated":true}]}}