{"id":33246,"date":"2025-12-26T15:36:47","date_gmt":"2025-12-26T15:36:47","guid":{"rendered":"https:\/\/www.infinitri.be\/?post_type=product&#038;p=33246"},"modified":"2026-04-04T18:45:21","modified_gmt":"2026-04-04T17:45:21","slug":"huub-thomas-lurz-lunettes-de-natation-white-blue-mirror","status":"publish","type":"product","link":"https:\/\/www.infinitri.be\/es\/producto\/huub-thomas-lurz-lunettes-de-natation-white-blue-mirror\/","title":{"rendered":"Huub - Thomas Lurz - Gafas de nataci\u00f3n blanco azul espejo"},"content":{"rendered":"<p><strong>Caracter\u00edsticas :<\/strong><\/p>\n<p>&#8211; Construction unique de l&#8217;objectif pour une vision p\u00e9riph\u00e9rique am\u00e9lior\u00e9e.<br \/>\n-Monture et bracelet en silicone souple de haute technologie.<br \/>\n-Lentilles en polycarbonate antibu\u00e9e, hydrodynamique et r\u00e9sistante aux rayures.<br \/>\n-Les verres miroirs aident \u00e0 r\u00e9duire les reflets.<\/p>","protected":false},"excerpt":{"rendered":"<p>&nbsp;<\/p>\n<p>Gafas de competici\u00f3n finas y refinadas que ofrecen una resistencia reducida y una asombrosa visi\u00f3n perif\u00e9rica, con una lente con acabado de espejo.<\/p>\n<p>Creado en colaboraci\u00f3n con el mejor nadador masculino de aguas abiertas de todos los tiempos, Thomas Lurz.<\/p>","protected":false},"featured_media":33269,"comment_status":"open","ping_status":"closed","template":"","meta":[],"product_brand":[286],"product_cat":[40,54,56,59],"product_tag":[],"class_list":{"0":"post-33246","1":"product","2":"type-product","3":"status-publish","4":"has-post-thumbnail","6":"product_brand-huub","7":"product_cat-accessoires","8":"product_cat-lunettes","9":"product_cat-lunettes-triathlon","10":"product_cat-triathlon","11":"zank_product_brands-huub","12":"nt-post-class","13":"","19":"first","20":"instock","21":"taxable","22":"shipping-taxable","23":"purchasable","24":"product-type-simple"},"_links":{"self":[{"href":"https:\/\/www.infinitri.be\/es\/wp-json\/wp\/v2\/product\/33246","targetHints":{"allow":["GET"]}}],"collection":[{"href":"https:\/\/www.infinitri.be\/es\/wp-json\/wp\/v2\/product"}],"about":[{"href":"https:\/\/www.infinitri.be\/es\/wp-json\/wp\/v2\/types\/product"}],"replies":[{"embeddable":true,"href":"https:\/\/www.infinitri.be\/es\/wp-json\/wp\/v2\/comments?post=33246"}],"wp:featuredmedia":[{"embeddable":true,"href":"https:\/\/www.infinitri.be\/es\/wp-json\/wp\/v2\/media\/33269"}],"wp:attachment":[{"href":"https:\/\/www.infinitri.be\/es\/wp-json\/wp\/v2\/media?parent=33246"}],"wp:term":[{"taxonomy":"product_brand","embeddable":true,"href":"https:\/\/www.infinitri.be\/es\/wp-json\/wp\/v2\/product_brand?post=33246"},{"taxonomy":"product_cat","embeddable":true,"href":"https:\/\/www.infinitri.be\/es\/wp-json\/wp\/v2\/product_cat?post=33246"},{"taxonomy":"product_tag","embeddable":true,"href":"https:\/\/www.infinitri.be\/es\/wp-json\/wp\/v2\/product_tag?post=33246"}],"curies":[{"name":"wp","href":"https:\/\/api.w.org\/{rel}","templated":true}]}}