{"id":33248,"date":"2025-12-26T15:36:47","date_gmt":"2025-12-26T15:36:47","guid":{"rendered":"https:\/\/www.infinitri.be\/?post_type=product&#038;p=33248"},"modified":"2026-04-04T17:34:35","modified_gmt":"2026-04-04T16:34:35","slug":"huub-trifonction-her-spirit-2-patchwork-femme","status":"publish","type":"product","link":"https:\/\/www.infinitri.be\/es\/producto\/huub-trifonction-her-spirit-2-patchwork-femme\/","title":{"rendered":"Huub &#8211; trifonction Her Spirit 2 Patchwork femme"},"content":{"rendered":"<p>La combinaison de triathlon Her Spirit offre un bon rapport qualit\u00e9-prix tout en r\u00e9pondant aux besoins d&#8217;une triathl\u00e8te d\u00e9butante.<\/p>\n<p>Protection UV au niveau des \u00e9paules et des bras.<br \/>\nManches longues pour une performance a\u00e9rodynamique et un confort de course.<br \/>\nTissus l\u00e9gers \u00e0 s\u00e9chage rapide.<br \/>\nRembourrage 3D sp\u00e9cifique au triathlon.<br \/>\nPanneau arri\u00e8re central en maille.<br \/>\nPoches arri\u00e8re.<\/p>","protected":false},"excerpt":{"rendered":"<p>Leur nouvelle gamme, d\u00e9velopp\u00e9e avec soin, offre confort et confiance pour l&#8217;entra\u00eenement et la comp\u00e9tition. Elle comprend des caract\u00e9ristiques telles que la protection UV, des manches longues pour l&#8217;a\u00e9rodynamisme, des tissus l\u00e9gers \u00e0 s\u00e9chage rapide, un coussinet tri-sp\u00e9cifique en 3D, un panneau arri\u00e8re en maille et des poches arri\u00e8re. Les silicones de jambe souples assurent un ajustement optimal.<\/p>","protected":false},"featured_media":33284,"comment_status":"open","ping_status":"closed","template":"","meta":[],"product_brand":[286],"product_cat":[59,242],"product_tag":[],"class_list":{"0":"post-33248","1":"product","2":"type-product","3":"status-publish","4":"has-post-thumbnail","6":"product_brand-huub","7":"product_cat-triathlon","8":"product_cat-trisuits","9":"zank_product_brands-huub","10":"nt-post-class","11":"","17":"first","18":"instock","19":"sale","20":"taxable","21":"shipping-taxable","22":"purchasable","23":"product-type-variable"},"_links":{"self":[{"href":"https:\/\/www.infinitri.be\/es\/wp-json\/wp\/v2\/product\/33248","targetHints":{"allow":["GET"]}}],"collection":[{"href":"https:\/\/www.infinitri.be\/es\/wp-json\/wp\/v2\/product"}],"about":[{"href":"https:\/\/www.infinitri.be\/es\/wp-json\/wp\/v2\/types\/product"}],"replies":[{"embeddable":true,"href":"https:\/\/www.infinitri.be\/es\/wp-json\/wp\/v2\/comments?post=33248"}],"wp:featuredmedia":[{"embeddable":true,"href":"https:\/\/www.infinitri.be\/es\/wp-json\/wp\/v2\/media\/33284"}],"wp:attachment":[{"href":"https:\/\/www.infinitri.be\/es\/wp-json\/wp\/v2\/media?parent=33248"}],"wp:term":[{"taxonomy":"product_brand","embeddable":true,"href":"https:\/\/www.infinitri.be\/es\/wp-json\/wp\/v2\/product_brand?post=33248"},{"taxonomy":"product_cat","embeddable":true,"href":"https:\/\/www.infinitri.be\/es\/wp-json\/wp\/v2\/product_cat?post=33248"},{"taxonomy":"product_tag","embeddable":true,"href":"https:\/\/www.infinitri.be\/es\/wp-json\/wp\/v2\/product_tag?post=33248"}],"curies":[{"name":"wp","href":"https:\/\/api.w.org\/{rel}","templated":true}]}}