{"id":33322,"date":"2025-12-26T15:38:47","date_gmt":"2025-12-26T15:38:47","guid":{"rendered":"https:\/\/www.infinitri.be\/?post_type=product&#038;p=33322"},"modified":"2026-04-04T17:28:30","modified_gmt":"2026-04-04T16:28:30","slug":"arena-airspeed-mirror-silver-silver","status":"publish","type":"product","link":"https:\/\/www.infinitri.be\/es\/producto\/arena-airspeed-mirror-silver-silver\/","title":{"rendered":"Arena \u2013 Airspeed Mirror plata plata"},"content":{"rendered":"<p>Gafas de gran angular para una excelente visi\u00f3n lateral. Con tres puentes nasales intercambiables para ajustar las gafas a diferentes formas de nariz y rostro. La doble correa se ajusta f\u00e1cilmente en la parte posterior de la cabeza y garantiza una sujeci\u00f3n estable, incluso al salir y en las curvas. Estas gafas sin PVC cuentan con un tratamiento antivaho y protecci\u00f3n UV. Este modelo est\u00e1 disponible con lentes con efecto espejo claras para nadar en interiores u oscuras para nadar al aire libre.<\/p>","protected":false},"excerpt":{"rendered":"<p>Las gafas de competici\u00f3n unisex con efecto espejo arena AirspeedMirror, homologadas por la FINA, son muy c\u00f3modas y perfectas para los nadadores de competici\u00f3n. Las innovadoras juntas Air Seals con tecnolog\u00eda de sellado herm\u00e9tico tienen forma de panal para facilitar la compresi\u00f3n y la adaptaci\u00f3n al rostro, al tiempo que reducen la presi\u00f3n alrededor de los ojos para garantizar una sensaci\u00f3n de extrema ligereza.<\/p>","protected":false},"featured_media":33367,"comment_status":"open","ping_status":"closed","template":"","meta":[],"product_brand":[326],"product_cat":[54,55,56,41],"product_tag":[],"class_list":{"0":"post-33322","1":"product","2":"type-product","3":"status-publish","4":"has-post-thumbnail","6":"product_brand-arena","7":"product_cat-lunettes","8":"product_cat-lunettes-natation","9":"product_cat-lunettes-triathlon","10":"product_cat-natation","11":"zank_product_brands-arena","12":"nt-post-class","13":"","19":"first","20":"instock","21":"taxable","22":"shipping-taxable","23":"purchasable","24":"product-type-simple"},"_links":{"self":[{"href":"https:\/\/www.infinitri.be\/es\/wp-json\/wp\/v2\/product\/33322","targetHints":{"allow":["GET"]}}],"collection":[{"href":"https:\/\/www.infinitri.be\/es\/wp-json\/wp\/v2\/product"}],"about":[{"href":"https:\/\/www.infinitri.be\/es\/wp-json\/wp\/v2\/types\/product"}],"replies":[{"embeddable":true,"href":"https:\/\/www.infinitri.be\/es\/wp-json\/wp\/v2\/comments?post=33322"}],"wp:featuredmedia":[{"embeddable":true,"href":"https:\/\/www.infinitri.be\/es\/wp-json\/wp\/v2\/media\/33367"}],"wp:attachment":[{"href":"https:\/\/www.infinitri.be\/es\/wp-json\/wp\/v2\/media?parent=33322"}],"wp:term":[{"taxonomy":"product_brand","embeddable":true,"href":"https:\/\/www.infinitri.be\/es\/wp-json\/wp\/v2\/product_brand?post=33322"},{"taxonomy":"product_cat","embeddable":true,"href":"https:\/\/www.infinitri.be\/es\/wp-json\/wp\/v2\/product_cat?post=33322"},{"taxonomy":"product_tag","embeddable":true,"href":"https:\/\/www.infinitri.be\/es\/wp-json\/wp\/v2\/product_tag?post=33322"}],"curies":[{"name":"wp","href":"https:\/\/api.w.org\/{rel}","templated":true}]}}